{"id":1012846,"date":"2024-06-17T14:28:53","date_gmt":"2024-06-17T06:28:53","guid":{"rendered":"https:\/\/vimaterial.de\/product\/siliciuro-de-titanio-5\/"},"modified":"2025-04-18T09:21:33","modified_gmt":"2025-04-18T01:21:33","slug":"siliciuro-de-titanio-5","status":"publish","type":"product","link":"https:\/\/vimaterial.de\/es\/product\/siliciuro-de-titanio-5\/","title":{"rendered":"Siliciuro de titanio"},"content":{"rendered":"<p>El objetivo de pulverizaci\u00f3n cat\u00f3dica <span style=\"color: #0000ff;\"><a style=\"color: #0000ff;\" href=\"https:\/\/vimaterial.de\/en\/product\/titanium-silicide\/\">de siliciuro de titanio<\/a><\/span> es un material compuesto principalmente de titanio y silicio para la deposici\u00f3n f\u00edsica de vapor, generalmente en estado s\u00f3lido, con estabilidad qu\u00edmica espec\u00edfica y propiedades f\u00edsicas adecuadas, en el proceso de pulverizaci\u00f3n cat\u00f3dica puede depositar \u00e1tomos de titanio y silicio en la superficie del sustrato, para formar una pel\u00edcula delgada con buenas propiedades el\u00e9ctricas y t\u00e9rmicas,  Se utiliza en semiconductores, microelectr\u00f3nica y muchos otros campos.<\/p>\n<p>Suministramos objetivos de pulverizaci\u00f3n cat\u00f3dica de siliciuro de titanio, VIMATERIAL tambi\u00e9n puede proporcionar un servicio de encuadernaci\u00f3n de objetivos, nuestros productos est\u00e1n sujetos a personalizaci\u00f3n y experimentaci\u00f3n, <span style=\"color: #0000ff;\"><a style=\"color: #0000ff;\" href=\"https:\/\/vimaterial.de\/en\/contact-us\/\">cont\u00e1ctenos<\/a><\/span> si lo necesita.<\/p>\n<p>Caracter\u00edsticas<\/p>\n<p>F\u00f3rmula molecular: TiSi\u2082.<\/p>\n<p>Peso molecular: alrededor de 104.05<\/p>\n<p>Aspecto: Generalmente gris o negro s\u00f3lido, con brillo met\u00e1lico<\/p>\n<p>Densidad: aprox. 4,3 &#8211; 4,9 g\/cm\u00b3.<\/p>\n<p>Punto de fusi\u00f3n: alrededor de 1540 \u00b0C<\/p>\n<p>Estructura cristalina: pertenece al sistema cristalino ortorr\u00f3mbico, en su estructura cristalina los \u00e1tomos de titanio y los \u00e1tomos de silicio est\u00e1n dispuestos de acuerdo con una ley espec\u00edfica, los \u00e1tomos de silicio forman una estructura de red tridimensional, los \u00e1tomos de titanio llenan los intersticios de los cuales, esta estructura hace que tenga una mejor estabilidad t\u00e9rmica y propiedades el\u00e9ctricas.<\/p>\n<p>Aplicaciones<\/p>\n<p>Campo semiconductor: el objetivo de pulverizaci\u00f3n cat\u00f3dica de siliciuro de titanio se utiliza como siliciuro met\u00e1lico para formar capas de contacto de baja resistencia e interconectar materiales, lo que puede reducir efectivamente la resistencia de contacto de los dispositivos y mejorar el rendimiento y la velocidad de los circuitos integrados.<\/p>\n<p>Dispositivos microelectr\u00f3nicos: Se puede utilizar como capa de barrera de difusi\u00f3n para evitar la difusi\u00f3n de \u00e1tomos entre diferentes capas met\u00e1licas, mejorando as\u00ed la estabilidad y confiabilidad del dispositivo y extendiendo la vida \u00fatil del dispositivo microelectr\u00f3nico.<\/p>\n<p>Industria fotovoltaica: El siliciuro de titanio se puede utilizar como material de electrodo de contacto para c\u00e9lulas solares a base de silicio, lo que ayuda a mejorar la eficiencia de conversi\u00f3n fotoel\u00e9ctrica de las c\u00e9lulas y reducir la p\u00e9rdida de energ\u00eda.<\/p>\n<p>Materiales de alta temperatura: El siliciuro de titanio se utiliza en materiales estructurales de alta temperatura y componentes electr\u00f3nicos de alta temperatura, que pueden mantener la integridad y el rendimiento de los materiales en entornos de alta temperatura.<\/p>\n<p>Dispositivos optoelectr\u00f3nicos: El siliciuro de titanio se puede utilizar como un componente importante para mejorar la detecci\u00f3n y conversi\u00f3n de se\u00f1ales \u00f3pticas en dispositivos optoelectr\u00f3nicos aprovechando sus propiedades el\u00e9ctricas y \u00f3pticas especiales.<\/p>\n<p>Control de calidad<\/p>\n<p><span style=\"color: #0000ff;\"><a style=\"color: #0000ff;\" href=\"https:\/\/vimaterial.de\/en\/quality-control\/\">Nuestros productos<\/a><\/span> est\u00e1n sujetos a un estricto sistema de gesti\u00f3n de calidad. Existen estrictos est\u00e1ndares de inspecci\u00f3n para los materiales entrantes, el procesamiento, la inspecci\u00f3n final y la inspecci\u00f3n de f\u00e1brica. Se toman estrictas medidas de aislamiento para el procesamiento no calificado para evitar que los productos no calificados fluyan al siguiente proceso. Las muestras se proporcionan para la reinspecci\u00f3n del cliente de acuerdo con los requisitos del cliente.   <\/p>\n<p>Embalaje y almacenamiento<\/p>\n<p>Los objetivos de pulverizaci\u00f3n cat\u00f3dica de siliciuro de titanio se empaquetan en bolsas de vac\u00edo de doble capa y luego se empaquetan en cajas y cartones.<\/p>\n<p>Los objetivos de pulverizaci\u00f3n cat\u00f3dica de siliciuro de titanio deben almacenarse en un ambiente seco, fresco, bien ventilado y a temperatura estable para evitar la humedad, la oxidaci\u00f3n, la contaminaci\u00f3n con sustancias corrosivas y los cambios dr\u00e1sticos de temperatura, y es mejor utilizar un embalaje herm\u00e9ticamente sellado para garantizar que sus propiedades f\u00edsicas y qu\u00edmicas no se da\u00f1en.<\/p>\n","protected":false},"excerpt":{"rendered":"<p>El objetivo de pulverizaci\u00f3n cat\u00f3dica <span style=\"color: #0000ff;\"><a style=\"color: #0000ff;\" href=\"https:\/\/vimaterial.de\/en\/product\/titanium-silicide\/\">de siliciuro de titanio<\/a><\/span> es un material compuesto principalmente de titanio y silicio para la deposici\u00f3n f\u00edsica de vapor, generalmente en estado s\u00f3lido, con estabilidad qu\u00edmica espec\u00edfica y propiedades f\u00edsicas adecuadas, en el proceso de pulverizaci\u00f3n cat\u00f3dica puede depositar \u00e1tomos de titanio y silicio en la superficie del sustrato, para formar una pel\u00edcula delgada con buenas propiedades el\u00e9ctricas y t\u00e9rmicas,  Se utiliza en semiconductores, microelectr\u00f3nica y muchos otros campos.<\/p>\n","protected":false},"featured_media":1000876,"comment_status":"open","ping_status":"closed","template":"","meta":{"_acf_changed":false},"product_brand":[],"product_cat":[178],"product_tag":[],"class_list":{"0":"post-1012846","1":"product","2":"type-product","3":"status-publish","4":"has-post-thumbnail","6":"product_cat-catodos-para-sputtering-planar","8":"first","9":"instock","10":"shipping-taxable","11":"product-type-variable"},"acf":[],"_links":{"self":[{"href":"https:\/\/vimaterial.de\/es\/wp-json\/wp\/v2\/product\/1012846","targetHints":{"allow":["GET"]}}],"collection":[{"href":"https:\/\/vimaterial.de\/es\/wp-json\/wp\/v2\/product"}],"about":[{"href":"https:\/\/vimaterial.de\/es\/wp-json\/wp\/v2\/types\/product"}],"replies":[{"embeddable":true,"href":"https:\/\/vimaterial.de\/es\/wp-json\/wp\/v2\/comments?post=1012846"}],"wp:featuredmedia":[{"embeddable":true,"href":"https:\/\/vimaterial.de\/es\/wp-json\/wp\/v2\/media\/1000876"}],"wp:attachment":[{"href":"https:\/\/vimaterial.de\/es\/wp-json\/wp\/v2\/media?parent=1012846"}],"wp:term":[{"taxonomy":"product_brand","embeddable":true,"href":"https:\/\/vimaterial.de\/es\/wp-json\/wp\/v2\/product_brand?post=1012846"},{"taxonomy":"product_cat","embeddable":true,"href":"https:\/\/vimaterial.de\/es\/wp-json\/wp\/v2\/product_cat?post=1012846"},{"taxonomy":"product_tag","embeddable":true,"href":"https:\/\/vimaterial.de\/es\/wp-json\/wp\/v2\/product_tag?post=1012846"}],"curies":[{"name":"wp","href":"https:\/\/api.w.org\/{rel}","templated":true}]}}