{"id":1012843,"date":"2024-06-17T14:28:52","date_gmt":"2024-06-17T06:28:52","guid":{"rendered":"https:\/\/vimaterial.de\/product\/seleniuro-de-titanio\/"},"modified":"2025-04-18T09:23:14","modified_gmt":"2025-04-18T01:23:14","slug":"seleniuro-de-titanio","status":"publish","type":"product","link":"https:\/\/vimaterial.de\/es\/product\/seleniuro-de-titanio\/","title":{"rendered":"Selenide de titanio"},"content":{"rendered":"<p>El objetivo de pulverizaci\u00f3n cat\u00f3dica de selenuro de titanio es un material utilizado para la deposici\u00f3n f\u00edsica de vapor, compuesto principalmente de titanio y selenio, generalmente en estado s\u00f3lido, que tiene propiedades f\u00edsicas y qu\u00edmicas adecuadas para depositar \u00e1tomos de titanio y selenio en la superficie del sustrato durante la pulverizaci\u00f3n cat\u00f3dica para formar pel\u00edculas delgadas con funciones espec\u00edficas, que se utilizan en dispositivos semiconductores,  dispositivos fotovoltaicos, y muchos otros campos.<\/p>\n<p>Suministramos objetivos de pulverizaci\u00f3n cat\u00f3dica de selenilo de titanio, VIMATERIAL tambi\u00e9n puede proporcionar un servicio de encuadernaci\u00f3n de objetivos, nuestros productos est\u00e1n sujetos a personalizaci\u00f3n y experimentaci\u00f3n, <span style=\"color: #0000ff;\"><a style=\"color: #0000ff;\" href=\"https:\/\/vimaterial.de\/en\/contact-us\/\">cont\u00e1ctenos<\/a> <\/span>si lo necesita.<\/p>\n<p>Caracter\u00edsticas<\/p>\n<p>F\u00f3rmula molecular: TiSe\u2082.<\/p>\n<p>Peso molecular: alrededor de 205.79<\/p>\n<p>Aspecto: Generalmente negro o gris-negro s\u00f3lido con brillo met\u00e1lico.<\/p>\n<p>Densidad: aprox. 5,6 &#8211; 5,8 g\/cm\u00b3.<\/p>\n<p>Punto de fusi\u00f3n: alrededor de 650 &#8211; 700 \u00b0C<\/p>\n<p>Estructura cristalina: pertenece al sistema cristalino hexagonal, su estructura cristalina de \u00e1tomos de titanio y selenio dispuestos en forma de capas, capa de \u00e1tomos de titanio intercalada entre dos capas de capa de \u00e1tomos de selenio, formando una estructura similar a un s\u00e1ndwich, esta estructura le da algunas propiedades el\u00e9ctricas y \u00f3pticas especiales.<\/p>\n<p>Aplicaciones<\/p>\n<p>Fabricaci\u00f3n de semiconductores: Se utiliza en la fabricaci\u00f3n de chips semiconductores para depositar pel\u00edculas delgadas para mejorar las propiedades el\u00e9ctricas del dispositivo, como el aumento de la movilidad del portador.<\/p>\n<p>Fabricaci\u00f3n fotovoltaica: Deposici\u00f3n de pel\u00edculas delgadas en la fabricaci\u00f3n de fotodetectores y LED para mejorar la eficiencia de la conversi\u00f3n fotovoltaica y el rendimiento luminiscente.<\/p>\n<p>Investigaci\u00f3n de superconductividad: deposici\u00f3n de pel\u00edculas delgadas para estudiar las propiedades superconductoras y explorar indicadores clave como la temperatura de transici\u00f3n superconductora.<\/p>\n<p>Preparaci\u00f3n del material del electrodo: Haga pel\u00edculas delgadas de materiales de electrodos para mejorar el almacenamiento de carga y la capacidad de transmisi\u00f3n de los electrodos del condensador y la bater\u00eda.<\/p>\n<p>Control de calidad<\/p>\n<p><span style=\"color: #0000ff;\"><a style=\"color: #0000ff;\" href=\"https:\/\/vimaterial.de\/en\/quality-control\/\">Nuestros productos<\/a><\/span> est\u00e1n sujetos a un estricto sistema de gesti\u00f3n de calidad. Existen estrictos est\u00e1ndares de inspecci\u00f3n para los materiales entrantes, el procesamiento, la inspecci\u00f3n final y la inspecci\u00f3n de f\u00e1brica. Se toman estrictas medidas de aislamiento para el procesamiento no calificado para evitar que los productos no calificados fluyan al siguiente proceso. Las muestras se proporcionan para la reinspecci\u00f3n del cliente de acuerdo con los requisitos del cliente.   <\/p>\n<p>Embalaje y almacenamiento<\/p>\n<p>Los objetivos de pulverizaci\u00f3n cat\u00f3dica de selenide de titanio se empaquetan en bolsas de vac\u00edo de doble capa y luego se empaquetan y empaquetan en cajas de cart\u00f3n.<\/p>\n<p>Los objetivos de pulverizaci\u00f3n cat\u00f3dica de selenio de titanio deben almacenarse en un ambiente seco, fresco y bien ventilado, evitando la humedad, la oxidaci\u00f3n y lejos de sustancias corrosivas como \u00e1cidos, \u00e1lcalis y otras sustancias corrosivas, alta temperatura, luz brillante y otros factores que puedan afectar sus propiedades fisicoqu\u00edmicas, y es mejor sellar el empaque para evitar la contaminaci\u00f3n de impurezas.<\/p>\n","protected":false},"excerpt":{"rendered":"<p>El objetivo de pulverizaci\u00f3n cat\u00f3dica de selenuro de titanio es un material utilizado para la deposici\u00f3n f\u00edsica de vapor, compuesto principalmente de titanio y selenio, generalmente en estado s\u00f3lido, que tiene propiedades f\u00edsicas y qu\u00edmicas adecuadas para depositar \u00e1tomos de titanio y selenio en la superficie del sustrato durante la pulverizaci\u00f3n cat\u00f3dica para formar pel\u00edculas delgadas con funciones espec\u00edficas, que se utilizan en dispositivos semiconductores,  dispositivos fotovoltaicos, y muchos otros campos.<\/p>\n","protected":false},"featured_media":1000869,"comment_status":"open","ping_status":"closed","template":"","meta":{"_acf_changed":false},"product_brand":[],"product_cat":[178],"product_tag":[],"class_list":{"0":"post-1012843","1":"product","2":"type-product","3":"status-publish","4":"has-post-thumbnail","6":"product_cat-catodos-para-sputtering-planar","8":"first","9":"instock","10":"shipping-taxable","11":"product-type-variable"},"acf":[],"_links":{"self":[{"href":"https:\/\/vimaterial.de\/es\/wp-json\/wp\/v2\/product\/1012843","targetHints":{"allow":["GET"]}}],"collection":[{"href":"https:\/\/vimaterial.de\/es\/wp-json\/wp\/v2\/product"}],"about":[{"href":"https:\/\/vimaterial.de\/es\/wp-json\/wp\/v2\/types\/product"}],"replies":[{"embeddable":true,"href":"https:\/\/vimaterial.de\/es\/wp-json\/wp\/v2\/comments?post=1012843"}],"wp:featuredmedia":[{"embeddable":true,"href":"https:\/\/vimaterial.de\/es\/wp-json\/wp\/v2\/media\/1000869"}],"wp:attachment":[{"href":"https:\/\/vimaterial.de\/es\/wp-json\/wp\/v2\/media?parent=1012843"}],"wp:term":[{"taxonomy":"product_brand","embeddable":true,"href":"https:\/\/vimaterial.de\/es\/wp-json\/wp\/v2\/product_brand?post=1012843"},{"taxonomy":"product_cat","embeddable":true,"href":"https:\/\/vimaterial.de\/es\/wp-json\/wp\/v2\/product_cat?post=1012843"},{"taxonomy":"product_tag","embeddable":true,"href":"https:\/\/vimaterial.de\/es\/wp-json\/wp\/v2\/product_tag?post=1012843"}],"curies":[{"name":"wp","href":"https:\/\/api.w.org\/{rel}","templated":true}]}}