{"id":1012836,"date":"2024-06-17T14:28:54","date_gmt":"2024-06-17T06:28:54","guid":{"rendered":"https:\/\/vimaterial.de\/product\/siliciuro-de-titanio-4\/"},"modified":"2025-04-18T09:17:12","modified_gmt":"2025-04-18T01:17:12","slug":"siliciuro-de-titanio-4","status":"publish","type":"product","link":"https:\/\/vimaterial.de\/es\/product\/siliciuro-de-titanio-4\/","title":{"rendered":"Siliciuro de titanio"},"content":{"rendered":"<p><span style=\"color: #0000ff;\"><a style=\"color: #0000ff;\" href=\"https:\/\/vimaterial.de\/en\/product\/titanium-silicide\/\">Siliciuro de titanio<\/a> <\/span>El polvo de TiSi2 es un polvo gris con brillo met\u00e1lico, que posee un alto punto de fusi\u00f3n y alta dureza, es un buen material semiconductor y desempe\u00f1a un papel importante en el contacto y la interconexi\u00f3n en la fabricaci\u00f3n de circuitos integrados, as\u00ed como en el campo de los materiales resistentes al desgaste y a altas temperaturas.<\/p>\n<p>Suministramos varios polvos qu\u00edmicos inorg\u00e1nicos de alta pureza con excelente rendimiento, corto plazo de entrega, MOQ peque\u00f1o y stock suficiente. VImaterial tambi\u00e9n admite la personalizaci\u00f3n y la experimentaci\u00f3n para todos los productos, no dude <span style=\"color: #0000ff;\"><a style=\"color: #0000ff;\" href=\"https:\/\/vimaterial.de\/en\/contact-us\/\">en contactarnos.<\/a><\/span><\/p>\n<h2><span style=\"font-size: 14pt;\">Propiedades<\/span><\/h2>\n<p>F\u00f3rmula molecular: TiSi\u2082<\/p>\n<p>Peso molecular: 104.039<\/p>\n<p>Aspecto: polvo gris con brillo met\u00e1lico<\/p>\n<p>Densidad: aprox. 4,39 g\/cm\u00b3.<\/p>\n<p>Punto de fusi\u00f3n: alrededor de 1540 \u00b0C<\/p>\n<p>Estructura cristalina: C49 (fase de baja temperatura) y C54 (fase de alta temperatura), C49 es un sistema cristalino rombo\u00e9drico, C54 es un sistema de cristal c\u00fabico centrado en la cara, la fase C49 se transformar\u00e1 en la fase C54 a alta temperatura.<\/p>\n<h2><span style=\"font-size: 14pt;\">Aplicaci\u00f3n<\/span><\/h2>\n<p>Campo de semiconductores: El polvo de siliciuro de titanio TiSi2 se utiliza en la fabricaci\u00f3n de circuitos integrados como material de origen para la formaci\u00f3n de siliciuros met\u00e1licos, que pueden reducir eficazmente la resistencia de contacto entre el metal y el semiconductor y mejorar el rendimiento y la estabilidad de los dispositivos electr\u00f3nicos.<\/p>\n<p>Materiales de alta temperatura: Este polvo se puede utilizar para preparar componentes estructurales de alta temperatura, debido a su alto punto de fusi\u00f3n y buena estabilidad a alta temperatura, puede soportar entornos de alta temperatura y se utiliza en la fabricaci\u00f3n de componentes de alta temperatura como motores aeroespaciales.<\/p>\n<p>Campo de materiales resistentes al desgaste: el polvo de siliciuro de titanio TiSi2 se puede utilizar como aditivo para la fabricaci\u00f3n de recubrimientos o compuestos resistentes al desgaste para mejorar la dureza y la resistencia al desgaste de las superficies de los materiales, y se utiliza en el tratamiento de superficies de herramientas de mecanizado y componentes industriales resistentes al desgaste.<\/p>\n<h2><span style=\"font-size: 14pt;\">Control de calidad<\/span><\/h2>\n<p><span style=\"color: #0000ff;\"><a style=\"color: #0000ff;\" href=\"https:\/\/vimaterial.de\/en\/quality-control\/\">Nuestros productos<\/a><\/span> cumplen estrictamente con el sistema de gesti\u00f3n de calidad. Existen estrictos est\u00e1ndares de inspecci\u00f3n para los materiales entrantes, el procesamiento, la inspecci\u00f3n final y la inspecci\u00f3n de f\u00e1brica. Se toman estrictas medidas de aislamiento para el procesamiento no calificado para evitar que los productos no calificados fluyan al siguiente proceso. Las muestras se proporcionan para la reinspecci\u00f3n de los clientes de acuerdo con los requisitos de los clientes.   <\/p>\n<h2><span style=\"font-size: 14pt;\">Embalaje y almacenamiento<\/span><\/h2>\n<p>El polvo de siliciuro de titanio TiSi2 se empaqueta en bolsas de vac\u00edo dobles o botellas de vac\u00edo, y se empaqueta en cajas de cart\u00f3n o tambores de papel.<\/p>\n<p>El polvo de siliciuro de titanio TiSi\u2082 debe almacenarse en un ambiente seco, fresco y bien ventilado, sellado para evitar el contacto con el aire, la humedad y las sustancias corrosivas, y mantenerse alejado de fuentes de calor y fuego para evitar que las propiedades cambien debido a la humedad, la oxidaci\u00f3n o la alta temperatura.<\/p>\n","protected":false},"excerpt":{"rendered":"<p>El polvo de siliciuro de titanio TiSi2 es un polvo gris con brillo met\u00e1lico, que posee un alto punto de fusi\u00f3n y una alta dureza, es un buen material semiconductor y desempe\u00f1a un papel importante en el contacto y la interconexi\u00f3n en la fabricaci\u00f3n de circuitos integrados, as\u00ed como en el campo de los materiales resistentes al desgaste y a altas temperaturas.<\/p>\n","protected":false},"featured_media":1000893,"comment_status":"open","ping_status":"closed","template":"","meta":{"_acf_changed":false},"product_brand":[],"product_cat":[183],"product_tag":[],"class_list":{"0":"post-1012836","1":"product","2":"type-product","3":"status-publish","4":"has-post-thumbnail","6":"product_cat-c-n-b-si-materiales","8":"first","9":"instock","10":"shipping-taxable","11":"purchasable","12":"product-type-variable"},"acf":[],"_links":{"self":[{"href":"https:\/\/vimaterial.de\/es\/wp-json\/wp\/v2\/product\/1012836","targetHints":{"allow":["GET"]}}],"collection":[{"href":"https:\/\/vimaterial.de\/es\/wp-json\/wp\/v2\/product"}],"about":[{"href":"https:\/\/vimaterial.de\/es\/wp-json\/wp\/v2\/types\/product"}],"replies":[{"embeddable":true,"href":"https:\/\/vimaterial.de\/es\/wp-json\/wp\/v2\/comments?post=1012836"}],"wp:featuredmedia":[{"embeddable":true,"href":"https:\/\/vimaterial.de\/es\/wp-json\/wp\/v2\/media\/1000893"}],"wp:attachment":[{"href":"https:\/\/vimaterial.de\/es\/wp-json\/wp\/v2\/media?parent=1012836"}],"wp:term":[{"taxonomy":"product_brand","embeddable":true,"href":"https:\/\/vimaterial.de\/es\/wp-json\/wp\/v2\/product_brand?post=1012836"},{"taxonomy":"product_cat","embeddable":true,"href":"https:\/\/vimaterial.de\/es\/wp-json\/wp\/v2\/product_cat?post=1012836"},{"taxonomy":"product_tag","embeddable":true,"href":"https:\/\/vimaterial.de\/es\/wp-json\/wp\/v2\/product_tag?post=1012836"}],"curies":[{"name":"wp","href":"https:\/\/api.w.org\/{rel}","templated":true}]}}