{"id":1012826,"date":"2024-06-17T14:28:54","date_gmt":"2024-06-17T06:28:54","guid":{"rendered":"https:\/\/vimaterial.de\/product\/siliciuro-de-titanio-3\/"},"modified":"2025-04-18T09:20:02","modified_gmt":"2025-04-18T01:20:02","slug":"siliciuro-de-titanio-3","status":"publish","type":"product","link":"https:\/\/vimaterial.de\/es\/product\/siliciuro-de-titanio-3\/","title":{"rendered":"Siliciuro de titanio"},"content":{"rendered":"<p>Los gr\u00e1nulos <span style=\"color: #0000ff;\"><a style=\"color: #0000ff;\" href=\"https:\/\/vimaterial.de\/en\/product\/titanium-silicide-tisi2-sputtering-target\/\">de siliciuro de titanio <\/a><\/span>son part\u00edculas compuestas de titanio y silicio de color gris o negro con alto punto de fusi\u00f3n y alta dureza, que desempe\u00f1an un papel importante en semiconductores, materiales de alta temperatura y otras aplicaciones.<\/p>\n<p>VIMATERI es una empresa de innovaci\u00f3n en materiales qu\u00edmicos de vanguardia especializada en materiales de alto rendimiento dise\u00f1ados para aplicaciones de ingenier\u00eda avanzada. Nuestros productos son de alta pureza y calidad, admitimos el empaque de lotes peque\u00f1os, MOQ de productos peque\u00f1os, inventario suficiente y apoyamos la personalizaci\u00f3n, si tiene alguna necesidad, <span style=\"color: #0000ff;\"><a style=\"color: #0000ff;\" href=\"https:\/\/vimaterial.de\/en\/contact-us\/\">cont\u00e1ctenos<\/a><\/span>. <\/p>\n<h2><span style=\"font-size: 14pt;\">Propiedades<\/span><\/h2>\n<p>F\u00f3rmula molecular: TiSi\u2082<\/p>\n<p>Peso molecular: 104.03<\/p>\n<p>Aspecto: generalmente gr\u00e1nulos grises o negros<\/p>\n<p>Densidad: aprox. 4,0 &#8211; 4,1 g\/cm\u00b3.<\/p>\n<p>Punto de fusi\u00f3n: alrededor de 1540 \u00b0C<\/p>\n<p>Estructura cristalina: Generalmente ortorr\u00f3mbica.<\/p>\n<h2><span style=\"font-size: 14pt;\">Aplicaci\u00f3n<\/span><\/h2>\n<p>Semiconductor: Los gr\u00e1nulos de siliciuro de titanio se utilizan en la fabricaci\u00f3n de semiconductores como material de contacto para reducir la resistencia de contacto, mejorar la conexi\u00f3n el\u00e9ctrica entre diferentes componentes en circuitos integrados y mejorar la eficiencia operativa del chip.<\/p>\n<p>Materiales de alta temperatura: Los gr\u00e1nulos de siliciuro de titanio se utilizan en materiales estructurales para entornos de alta temperatura para mejorar la resistencia a altas temperaturas de los materiales utilizados en la fabricaci\u00f3n de componentes de motores aeroespaciales o en el revestimiento de hornos de alta temperatura para garantizar que el material sea estructuralmente estable a altas temperaturas.<\/p>\n<p>Electr\u00f3nica: Las part\u00edculas se pueden utilizar en la fabricaci\u00f3n de electrodos y cables de interconexi\u00f3n para dispositivos electr\u00f3nicos, donde su buena conductividad el\u00e9ctrica y estabilidad qu\u00edmica les permiten mantener un buen rendimiento en entornos operativos complejos y prolongar su vida \u00fatil.<\/p>\n<p>Industria fotovoltaica: En la fabricaci\u00f3n de c\u00e9lulas solares, los gr\u00e1nulos de siliciuro de titanio se pueden utilizar como capa de barrera para evitar la difusi\u00f3n de impurezas met\u00e1licas y mejorar la eficiencia de conversi\u00f3n fotoel\u00e9ctrica y la estabilidad de las c\u00e9lulas solares.<\/p>\n<h2><span style=\"font-size: 14pt;\">Control de calidad<\/span><\/h2>\n<p><span style=\"color: #0000ff;\"><a style=\"color: #0000ff;\" href=\"https:\/\/vimaterial.de\/en\/quality-control\/\">Nuestros productos<\/a><\/span> est\u00e1n sujetos a un estricto sistema de gesti\u00f3n de calidad. Desde los materiales entrantes, el procesamiento, la inspecci\u00f3n final hasta la inspecci\u00f3n de f\u00e1brica, existen estrictos est\u00e1ndares de inspecci\u00f3n. Se toman estrictas medidas de aislamiento para el procesamiento no calificado para evitar que los productos no calificados fluyan al siguiente proceso. Las muestras se proporcionan para la reinspecci\u00f3n del cliente de acuerdo con los requisitos del cliente.   <\/p>\n<h2><span style=\"font-size: 14pt;\">Embalaje y almacenamiento<\/span><\/h2>\n<p>Los gr\u00e1nulos de siliciuro de titanio se empaquetan en bolsas o botellas de doble capa y se empaquetan en cajas de cart\u00f3n.<\/p>\n<p>Los gr\u00e1nulos de siliciuro de titanio deben almacenarse en un ambiente seco, fresco y bien ventilado, en paquetes sellados, evitando el contacto con el aire, la humedad, los agentes oxidantes fuertes, los \u00e1cidos fuertes y los \u00e1lcalis que puedan causar reacciones qu\u00edmicas o da\u00f1os f\u00edsicos.<\/p>\n","protected":false},"excerpt":{"rendered":"<p>Los gr\u00e1nulos <span style=\"color: #0000ff;\"><a style=\"color: #0000ff;\" href=\"https:\/\/vimaterial.de\/en\/product\/titanium-silicide-tisi2-sputtering-target\/\">de siliciuro de titanio <\/a><\/span>son part\u00edculas compuestas de titanio y silicio de color gris o negro con alto punto de fusi\u00f3n y alta dureza, que desempe\u00f1an un papel importante en semiconductores, materiales de alta temperatura y otras aplicaciones.<\/p>\n","protected":false},"featured_media":1000886,"comment_status":"open","ping_status":"closed","template":"","meta":{"_acf_changed":false},"product_brand":[],"product_cat":[179],"product_tag":[],"class_list":{"0":"post-1012826","1":"product","2":"type-product","3":"status-publish","4":"has-post-thumbnail","6":"product_cat-materiales-de-evaporacion","8":"first","9":"instock","10":"shipping-taxable","11":"product-type-variable"},"acf":[],"_links":{"self":[{"href":"https:\/\/vimaterial.de\/es\/wp-json\/wp\/v2\/product\/1012826","targetHints":{"allow":["GET"]}}],"collection":[{"href":"https:\/\/vimaterial.de\/es\/wp-json\/wp\/v2\/product"}],"about":[{"href":"https:\/\/vimaterial.de\/es\/wp-json\/wp\/v2\/types\/product"}],"replies":[{"embeddable":true,"href":"https:\/\/vimaterial.de\/es\/wp-json\/wp\/v2\/comments?post=1012826"}],"wp:featuredmedia":[{"embeddable":true,"href":"https:\/\/vimaterial.de\/es\/wp-json\/wp\/v2\/media\/1000886"}],"wp:attachment":[{"href":"https:\/\/vimaterial.de\/es\/wp-json\/wp\/v2\/media?parent=1012826"}],"wp:term":[{"taxonomy":"product_brand","embeddable":true,"href":"https:\/\/vimaterial.de\/es\/wp-json\/wp\/v2\/product_brand?post=1012826"},{"taxonomy":"product_cat","embeddable":true,"href":"https:\/\/vimaterial.de\/es\/wp-json\/wp\/v2\/product_cat?post=1012826"},{"taxonomy":"product_tag","embeddable":true,"href":"https:\/\/vimaterial.de\/es\/wp-json\/wp\/v2\/product_tag?post=1012826"}],"curies":[{"name":"wp","href":"https:\/\/api.w.org\/{rel}","templated":true}]}}