{"id":1012804,"date":"2024-06-17T14:28:55","date_gmt":"2024-06-17T06:28:55","guid":{"rendered":"https:\/\/vimaterial.de\/product\/siliciuro-de-titanio-2\/"},"modified":"2025-04-18T09:10:44","modified_gmt":"2025-04-18T01:10:44","slug":"siliciuro-de-titanio-2","status":"publish","type":"product","link":"https:\/\/vimaterial.de\/es\/product\/siliciuro-de-titanio-2\/","title":{"rendered":"Siliciuro de titanio"},"content":{"rendered":"<p><span style=\"color: #0000ff;\"><a style=\"color: #0000ff;\" href=\"https:\/\/vimaterial.de\/en\/product\/titanium-silicide-sputtering-target\/\">Siliciuro de titanio<\/a> <\/span>El objetivo de pulverizaci\u00f3n cat\u00f3dica de TiSi2 es un objetivo compuesto de titanio y silicio, utilizado principalmente en semiconductores, circuitos integrados y otros campos, a trav\u00e9s del proceso de pulverizaci\u00f3n cat\u00f3dica para depositar una pel\u00edcula delgada de TiSi \u2082 utilizada para reducir la resistencia de contacto, mejorar el rendimiento del dispositivo, etc. en muchos aspectos.<\/p>\n<p>Suministramos objetivos de pulverizaci\u00f3n cat\u00f3dica de siliciuro de titanio TiSi2, VIMATERIAL tambi\u00e9n puede proporcionar un servicio de encuadernaci\u00f3n de objetivos, nuestros productos est\u00e1n sujetos a personalizaci\u00f3n y experimentaci\u00f3n, <span style=\"color: #0000ff;\"><a style=\"color: #0000ff;\" href=\"https:\/\/vimaterial.de\/en\/contact-us\/\">cont\u00e1ctenos<\/a> <\/span>si lo necesita.<\/p>\n<p>Caracter\u00edsticas<\/p>\n<p>F\u00f3rmula molecular: TiSi\u2082<\/p>\n<p>Peso molecular: 104.04<\/p>\n<p>Aspecto: Generalmente gris o negro s\u00f3lido<\/p>\n<p>Densidad: aprox. 4,39 g\/cm\u00b3.<\/p>\n<p>Punto de fusi\u00f3n: alrededor de 1540 \u00b0C<\/p>\n<p>Estructura cristalina: tiene dos estructuras cristalinas, C49 (fase de baja temperatura) y C54 (fase de alta temperatura), la estructura C49 es una fase subestable, y la estructura C54 es una fase termodin\u00e1micamente estable, y se puede transformar de la fase C49 a la fase C54 bajo un tratamiento de temperatura adecuado, y la transformaci\u00f3n de esta estructura cristalina tiene un efecto importante en sus propiedades el\u00e9ctricas y de otro tipo.<\/p>\n<p>Aplicaciones<\/p>\n<p>Campo de semiconductores: Los objetivos de pulverizaci\u00f3n cat\u00f3dica <span style=\"color: #000000;\">de siliciuro de titanio <\/span>TiSi2 se utilizan en la fabricaci\u00f3n de semiconductores para formar una capa de siliciuro durante el proceso de metalizaci\u00f3n del chip, lo que reduce efectivamente la resistencia de contacto entre la fuente, el drenaje y el silicio y mejora el rendimiento del chip.<\/p>\n<p>Circuitos integrados: En los circuitos integrados, la pel\u00edcula de TiSi\u2082 formada por la pulverizaci\u00f3n cat\u00f3dica del objetivo se puede utilizar como parte de los cables de interconexi\u00f3n, lo que mejora la conductividad del circuito y la velocidad de transmisi\u00f3n de la se\u00f1al, y mejora la integraci\u00f3n y la eficiencia operativa de los circuitos integrados.<\/p>\n<p>Campo fotovoltaico: Objetivo de pulverizaci\u00f3n cat\u00f3dica<span style=\"color: #000000;\"> de siliciuro de titanio <\/span>TiSi2 utilizado en la preparaci\u00f3n de materiales de electrodos para c\u00e9lulas fotovoltaicas, puede mejorar el contacto el\u00e9ctrico entre el electrodo y el material semiconductor y mejorar la eficiencia de conversi\u00f3n fotoel\u00e9ctrica de la celda.<\/p>\n<p>Campo de los sistemas microelectromec\u00e1nicos (MEMS): En la fabricaci\u00f3n de dispositivos MEMS, las pel\u00edculas delgadas pulverizadas con TiSi\u2082 se pueden utilizar como materiales estructurales o conductores para ayudar a construir componentes mec\u00e1nicos y electr\u00f3nicos de tama\u00f1o micro y nanom\u00e9trico, que respaldan la miniaturizaci\u00f3n y el alto rendimiento de los dispositivos MEMS.<\/p>\n<p>Control de calidad<\/p>\n<p><span style=\"color: #0000ff;\"><a style=\"color: #0000ff;\" href=\"https:\/\/vimaterial.de\/en\/quality-control\/\">Nuestros productos<\/a><\/span> est\u00e1n sujetos a un estricto sistema de gesti\u00f3n de calidad. Existen estrictos est\u00e1ndares de inspecci\u00f3n para los materiales entrantes, el procesamiento, la inspecci\u00f3n final y la inspecci\u00f3n de f\u00e1brica. Se toman estrictas medidas de aislamiento para el procesamiento no calificado para evitar que los productos no calificados fluyan al siguiente proceso. Las muestras se proporcionan para la reinspecci\u00f3n del cliente de acuerdo con los requisitos del cliente.   <\/p>\n<p>Embalaje y almacenamiento<\/p>\n<p>Los objetivos de pulverizaci\u00f3n cat\u00f3dica de siliciuro de titanio TiSi2 se empaquetan en bolsas de vac\u00edo de doble capa y luego se empaquetan en cajas y cajas de cart\u00f3n al aire libre.<\/p>\n<p>Los objetivos de pulverizaci\u00f3n cat\u00f3dica de siliciuro de titanio TiSi\u2082 deben almacenarse en un ambiente seco, limpio y bien ventilado con una temperatura y humedad relativamente estables, evitando la humedad, la oxidaci\u00f3n y la colisi\u00f3n f\u00edsica, la contaminaci\u00f3n, y al mismo tiempo estar aislados de otras sustancias que puedan tener una reacci\u00f3n qu\u00edmica, para evitar que su rendimiento y calidad se da\u00f1en.<\/p>\n","protected":false},"excerpt":{"rendered":"<p><span style=\"color: #0000ff;\"><a style=\"color: #0000ff;\" href=\"https:\/\/vimaterial.de\/en\/product\/titanium-silicide-sputtering-target\/\">Siliciuro de titanio<\/a> <\/span>El objetivo de pulverizaci\u00f3n cat\u00f3dica de TiSi2 es un objetivo compuesto de titanio y silicio, utilizado principalmente en semiconductores, circuitos integrados y otros campos, a trav\u00e9s del proceso de pulverizaci\u00f3n cat\u00f3dica para depositar una pel\u00edcula delgada de TiSi \u2082 utilizada para reducir la resistencia de contacto, mejorar el rendimiento del dispositivo, etc. en muchos aspectos.<\/p>\n","protected":false},"featured_media":1000900,"comment_status":"open","ping_status":"closed","template":"","meta":{"_acf_changed":false},"product_brand":[],"product_cat":[178],"product_tag":[],"class_list":{"0":"post-1012804","1":"product","2":"type-product","3":"status-publish","4":"has-post-thumbnail","6":"product_cat-catodos-para-sputtering-planar","8":"first","9":"instock","10":"shipping-taxable","11":"product-type-variable"},"acf":[],"_links":{"self":[{"href":"https:\/\/vimaterial.de\/es\/wp-json\/wp\/v2\/product\/1012804","targetHints":{"allow":["GET"]}}],"collection":[{"href":"https:\/\/vimaterial.de\/es\/wp-json\/wp\/v2\/product"}],"about":[{"href":"https:\/\/vimaterial.de\/es\/wp-json\/wp\/v2\/types\/product"}],"replies":[{"embeddable":true,"href":"https:\/\/vimaterial.de\/es\/wp-json\/wp\/v2\/comments?post=1012804"}],"wp:featuredmedia":[{"embeddable":true,"href":"https:\/\/vimaterial.de\/es\/wp-json\/wp\/v2\/media\/1000900"}],"wp:attachment":[{"href":"https:\/\/vimaterial.de\/es\/wp-json\/wp\/v2\/media?parent=1012804"}],"wp:term":[{"taxonomy":"product_brand","embeddable":true,"href":"https:\/\/vimaterial.de\/es\/wp-json\/wp\/v2\/product_brand?post=1012804"},{"taxonomy":"product_cat","embeddable":true,"href":"https:\/\/vimaterial.de\/es\/wp-json\/wp\/v2\/product_cat?post=1012804"},{"taxonomy":"product_tag","embeddable":true,"href":"https:\/\/vimaterial.de\/es\/wp-json\/wp\/v2\/product_tag?post=1012804"}],"curies":[{"name":"wp","href":"https:\/\/api.w.org\/{rel}","templated":true}]}}