{"id":1012792,"date":"2024-06-17T14:28:59","date_gmt":"2024-06-17T06:28:59","guid":{"rendered":"https:\/\/vimaterial.de\/product\/titanio-vanadio-circonio-niobio-hafnio\/"},"modified":"2025-04-18T08:55:43","modified_gmt":"2025-04-18T00:55:43","slug":"titanio-vanadio-circonio-niobio-hafnio","status":"publish","type":"product","link":"https:\/\/vimaterial.de\/es\/product\/titanio-vanadio-circonio-niobio-hafnio\/","title":{"rendered":"Titanio, Vanadio, Circonio, Niobio, Hafnio"},"content":{"rendered":"<p>Titanio Vanadio Zirconio Niobio El objetivo de pulverizaci\u00f3n cat\u00f3dica de hafnio es un objetivo compuesto compuesto de titanio, vanadio, circonio, niobio, hafnio y muchos otros metales, a trav\u00e9s del proceso de pulverizaci\u00f3n cat\u00f3dica en la deposici\u00f3n de pel\u00edculas delgadas que contienen estos elementos met\u00e1licos en el sustrato, la pel\u00edcula en los campos aeroespacial, electr\u00f3nico, energ\u00e9tico y otros con propiedades superficiales mejoradas, resistencia a la corrosi\u00f3n y Estas pel\u00edculas tienen muchas aplicaciones potenciales en la industria aeroespacial,  electr\u00f3nica, energ\u00eda y otros campos, como la mejora de las propiedades superficiales de los materiales, la mejora de la resistencia a la corrosi\u00f3n y la oxidaci\u00f3n.<\/p>\n<p>Suministramos objetivos de pulverizaci\u00f3n cat\u00f3dica de titanio vanadio circonio niobio hafnio, VIMATERIAL tambi\u00e9n puede proporcionar un servicio de encuadernaci\u00f3n de objetivos, nuestros productos est\u00e1n sujetos a personalizaci\u00f3n y experimentaci\u00f3n, <span style=\"color: #0000ff;\"><a style=\"color: #0000ff;\" href=\"https:\/\/vimaterial.de\/en\/contact-us\/\">cont\u00e1ctenos<\/a><\/span> si lo necesita.<\/p>\n<p>Caracter\u00edsticas<\/p>\n<p>F\u00f3rmula molecular: TiVZrNbHf<\/p>\n<p>Peso molecular: alrededor de 112.29<\/p>\n<p>Aspecto: S\u00f3lido con un brillo met\u00e1lico gris plateado.<\/p>\n<p>Estructura cristalina: Puede contener varias estructuras de fase, como c\u00fabicas centradas en el cuerpo, hexagonales densamente dispuestas, etc.<\/p>\n<p>Aplicaciones<\/p>\n<p>Aeroespacial: Los objetivos de pulverizaci\u00f3n cat\u00f3dica de titanio, vanadio, circonio, niobio y hafnio se utilizan para el recubrimiento de la superficie de piezas aeroespaciales para mejorar la resistencia del material a las altas temperaturas y la abrasi\u00f3n y para reducir el peso de las piezas, mejorando as\u00ed el rendimiento y la eficiencia del combustible de la aeronave.<\/p>\n<p>Electr\u00f3nica: En la fabricaci\u00f3n de productos electr\u00f3nicos, los objetivos de pulverizaci\u00f3n cat\u00f3dica se utilizan para depositar pel\u00edculas delgadas que mejoran la conductividad el\u00e9ctrica, la resistencia a la corrosi\u00f3n y el rendimiento de alta frecuencia, lo que permite la fabricaci\u00f3n de circuitos integrados y componentes electr\u00f3nicos de alto rendimiento.<\/p>\n<p>Energ\u00eda: El tratamiento de superficies para dispositivos de almacenamiento de energ\u00eda (por ejemplo, electrodos de bater\u00eda) y dispositivos de conversi\u00f3n de energ\u00eda (por ejemplo, componentes de pilas de combustible) mejora sus propiedades electroqu\u00edmicas, prolonga su vida \u00fatil y optimiza la eficiencia energ\u00e9tica.<\/p>\n<p>Dispositivos m\u00e9dicos: El dep\u00f3sito de pel\u00edculas delgadas en la superficie de los dispositivos m\u00e9dicos puede mejorar la biocompatibilidad, las propiedades antimicrobianas y la resistencia al desgaste de los dispositivos, lo que ayuda a fabricar implantes m\u00e9dicos e instrumentos quir\u00fargicos m\u00e1s seguros y eficientes.<\/p>\n<p>Control de calidad<\/p>\n<p><span style=\"color: #0000ff;\"><a style=\"color: #0000ff;\" href=\"https:\/\/vimaterial.de\/en\/quality-control\/\">Nuestros productos<\/a> <\/span>est\u00e1n sujetos a un estricto sistema de gesti\u00f3n de calidad. Existen estrictos est\u00e1ndares de inspecci\u00f3n para los materiales entrantes, el procesamiento, la inspecci\u00f3n final y la inspecci\u00f3n de f\u00e1brica. Se toman estrictas medidas de aislamiento para el procesamiento no calificado para evitar que los productos no calificados fluyan al siguiente proceso. Las muestras se proporcionan para la reinspecci\u00f3n del cliente de acuerdo con los requisitos del cliente.   <\/p>\n<p>Embalaje y almacenamiento<\/p>\n<p>Los objetivos de pulverizaci\u00f3n cat\u00f3dica de titanio, vanadio, circonio, niobio, hafnio se empaquetan en bolsas de vac\u00edo de doble capa y luego se empaquetan en cajas de cart\u00f3n al aire libre.<\/p>\n<p>Los objetivos de pulverizaci\u00f3n cat\u00f3dica de titanio vanadio circonio niobio hafnio deben almacenarse en un ambiente seco, limpio, a temperatura constante y bien ventilado, evitando la humedad, la oxidaci\u00f3n, la contaminaci\u00f3n con impurezas y da\u00f1os f\u00edsicos, y lejos del fuego y las sustancias corrosivas fuertes.<\/p>\n","protected":false},"excerpt":{"rendered":"<p>Titanio Vanadio Zirconio Niobio El objetivo de pulverizaci\u00f3n cat\u00f3dica de hafnio es un objetivo compuesto compuesto de titanio, vanadio, circonio, niobio, hafnio y muchos otros metales, a trav\u00e9s del proceso de pulverizaci\u00f3n cat\u00f3dica en la deposici\u00f3n de pel\u00edculas delgadas que contienen estos elementos met\u00e1licos en el sustrato, la pel\u00edcula en los campos aeroespacial, electr\u00f3nico, energ\u00e9tico y otros con propiedades superficiales mejoradas, resistencia a la corrosi\u00f3n y Estas pel\u00edculas tienen muchas aplicaciones potenciales en la industria aeroespacial,  electr\u00f3nica, energ\u00eda y otros campos, como la mejora de las propiedades superficiales de los materiales, la mejora de la resistencia a la corrosi\u00f3n y la oxidaci\u00f3n.<\/p>\n","protected":false},"featured_media":1000918,"comment_status":"open","ping_status":"closed","template":"","meta":{"_acf_changed":false},"product_brand":[],"product_cat":[178],"product_tag":[],"class_list":{"0":"post-1012792","1":"product","2":"type-product","3":"status-publish","4":"has-post-thumbnail","6":"product_cat-catodos-para-sputtering-planar","8":"first","9":"instock","10":"shipping-taxable","11":"product-type-variable"},"acf":[],"_links":{"self":[{"href":"https:\/\/vimaterial.de\/es\/wp-json\/wp\/v2\/product\/1012792","targetHints":{"allow":["GET"]}}],"collection":[{"href":"https:\/\/vimaterial.de\/es\/wp-json\/wp\/v2\/product"}],"about":[{"href":"https:\/\/vimaterial.de\/es\/wp-json\/wp\/v2\/types\/product"}],"replies":[{"embeddable":true,"href":"https:\/\/vimaterial.de\/es\/wp-json\/wp\/v2\/comments?post=1012792"}],"wp:featuredmedia":[{"embeddable":true,"href":"https:\/\/vimaterial.de\/es\/wp-json\/wp\/v2\/media\/1000918"}],"wp:attachment":[{"href":"https:\/\/vimaterial.de\/es\/wp-json\/wp\/v2\/media?parent=1012792"}],"wp:term":[{"taxonomy":"product_brand","embeddable":true,"href":"https:\/\/vimaterial.de\/es\/wp-json\/wp\/v2\/product_brand?post=1012792"},{"taxonomy":"product_cat","embeddable":true,"href":"https:\/\/vimaterial.de\/es\/wp-json\/wp\/v2\/product_cat?post=1012792"},{"taxonomy":"product_tag","embeddable":true,"href":"https:\/\/vimaterial.de\/es\/wp-json\/wp\/v2\/product_tag?post=1012792"}],"curies":[{"name":"wp","href":"https:\/\/api.w.org\/{rel}","templated":true}]}}