{"id":1012764,"date":"2024-06-17T14:29:02","date_gmt":"2024-06-17T06:29:02","guid":{"rendered":"https:\/\/vimaterial.de\/product\/titanio-zinc\/"},"modified":"2025-04-18T08:53:41","modified_gmt":"2025-04-18T00:53:41","slug":"titanio-zinc","status":"publish","type":"product","link":"https:\/\/vimaterial.de\/es\/product\/titanio-zinc\/","title":{"rendered":"Titanio Zinc"},"content":{"rendered":"<p>El objetivo de pulverizaci\u00f3n cat\u00f3dica de titanio y zinc es un objetivo compuesto que consta de titanio y zinc, que se utiliza principalmente en el proceso f\u00edsico de deposici\u00f3n de vapor. Mediante la pulverizaci\u00f3n cat\u00f3dica, se puede formar una pel\u00edcula delgada que contiene elementos de titanio y zinc en la superficie del sustrato, lo que es potencialmente valioso en los campos de la protecci\u00f3n contra la corrosi\u00f3n, dispositivos electr\u00f3nicos y materiales de construcci\u00f3n. <\/p>\n<p>Suministramos objetivos de pulverizaci\u00f3n cat\u00f3dica de titanio y zinc, VIMATERIAL tambi\u00e9n puede proporcionar un servicio de encuadernaci\u00f3n de objetivos, nuestros productos est\u00e1n sujetos a personalizaci\u00f3n y experimentaci\u00f3n, <span style=\"color: #0000ff;\"><a style=\"color: #0000ff;\" href=\"https:\/\/vimaterial.de\/en\/contact-us\/\">cont\u00e1ctenos<\/a><\/span> si lo necesita.<\/p>\n<p>Caracter\u00edsticas<\/p>\n<p>F\u00f3rmula molecular: TiZn<\/p>\n<p>Peso molecular: alrededor de 113.25<\/p>\n<p>Aspecto: Generalmente gris plateado, con brillo met\u00e1lico<\/p>\n<p>Aplicaciones<\/p>\n<p>Electr\u00f3nica: Los objetivos de pulverizaci\u00f3n cat\u00f3dica de TiZn se pueden utilizar en la fabricaci\u00f3n de componentes electr\u00f3nicos. El dep\u00f3sito de pel\u00edculas de TiZn en la superficie de las placas de circuito puede mejorar la conductividad y la resistencia a la corrosi\u00f3n de los componentes electr\u00f3nicos y mejorar la estabilidad y la vida \u00fatil de los equipos electr\u00f3nicos. <\/p>\n<p>Campo de fabricaci\u00f3n de autom\u00f3viles: se utiliza en el tratamiento de superficies de piezas de autom\u00f3viles (como carrocer\u00edas, cubos de ruedas, etc.), mediante la pulverizaci\u00f3n cat\u00f3dica de la pel\u00edcula protectora de TiZn, para mejorar la resistencia a la corrosi\u00f3n y la resistencia a la abrasi\u00f3n de las piezas, para reducir el da\u00f1o en entornos complejos y para prolongar la vida \u00fatil de las piezas de autom\u00f3viles.<\/p>\n<p>Aeroespacial: Las pel\u00edculas de TiZn se pulverizan sobre las superficies de piezas peque\u00f1as de equipos aeroespaciales para aprovechar su buen rendimiento general, como la resistencia a la corrosi\u00f3n y la abrasi\u00f3n, para garantizar que las piezas puedan funcionar correctamente en el espacio complejo o en un entorno de gran altitud.<\/p>\n<p>Control de calidad<\/p>\n<p><span style=\"color: #0000ff;\"><a style=\"color: #0000ff;\" href=\"https:\/\/vimaterial.de\/en\/quality-control\/\">Nuestros productos<\/a> <span style=\"color: #000000;\"><\/span><span style=\"color: #000000;\">est\u00e1n<\/span>sujetos a un estricto sistema de gesti\u00f3n de calidad. Existen estrictos est\u00e1ndares de inspecci\u00f3n para los materiales entrantes, el procesamiento, la inspecci\u00f3n final y la inspecci\u00f3n de f\u00e1brica. Se toman estrictas medidas de aislamiento para el procesamiento no calificado para evitar que los productos no calificados fluyan al siguiente proceso. Las muestras se proporcionan para la reinspecci\u00f3n del cliente de acuerdo con los requisitos del cliente.<\/span>   <\/p>\n<p>Embalaje y almacenamiento<\/p>\n<p>Los objetivos de pulverizaci\u00f3n cat\u00f3dica de titanio y zinc se empaquetan en bolsas de vac\u00edo de doble capa y luego se empaquetan en cajas y se empaquetan en una caja de cart\u00f3n exterior.<\/p>\n<p>Los objetivos de pulverizaci\u00f3n cat\u00f3dica de titanio y zinc deben almacenarse en un ambiente seco y bien ventilado con una temperatura y humedad relativamente estables, evitando la humedad, la oxidaci\u00f3n, evitando el contacto con sustancias corrosivas y, al mismo tiempo, asegur\u00e1ndose de que los objetivos est\u00e9n protegidos de da\u00f1os mec\u00e1nicos como colisiones f\u00edsicas y ara\u00f1azos.<\/p>\n","protected":false},"excerpt":{"rendered":"<p>El objetivo de pulverizaci\u00f3n cat\u00f3dica de titanio y zinc es un objetivo compuesto que consta de titanio y zinc, que se utiliza principalmente en el proceso f\u00edsico de deposici\u00f3n de vapor. Mediante la pulverizaci\u00f3n cat\u00f3dica, se puede formar una pel\u00edcula delgada que contiene elementos de titanio y zinc en la superficie del sustrato, lo que es potencialmente valioso en los campos de la protecci\u00f3n contra la corrosi\u00f3n, dispositivos electr\u00f3nicos y materiales de construcci\u00f3n. <\/p>\n","protected":false},"featured_media":1000925,"comment_status":"open","ping_status":"closed","template":"","meta":{"_acf_changed":false},"product_brand":[],"product_cat":[178],"product_tag":[],"class_list":{"0":"post-1012764","1":"product","2":"type-product","3":"status-publish","4":"has-post-thumbnail","6":"product_cat-catodos-para-sputtering-planar","8":"first","9":"instock","10":"shipping-taxable","11":"product-type-variable"},"acf":[],"_links":{"self":[{"href":"https:\/\/vimaterial.de\/es\/wp-json\/wp\/v2\/product\/1012764","targetHints":{"allow":["GET"]}}],"collection":[{"href":"https:\/\/vimaterial.de\/es\/wp-json\/wp\/v2\/product"}],"about":[{"href":"https:\/\/vimaterial.de\/es\/wp-json\/wp\/v2\/types\/product"}],"replies":[{"embeddable":true,"href":"https:\/\/vimaterial.de\/es\/wp-json\/wp\/v2\/comments?post=1012764"}],"wp:featuredmedia":[{"embeddable":true,"href":"https:\/\/vimaterial.de\/es\/wp-json\/wp\/v2\/media\/1000925"}],"wp:attachment":[{"href":"https:\/\/vimaterial.de\/es\/wp-json\/wp\/v2\/media?parent=1012764"}],"wp:term":[{"taxonomy":"product_brand","embeddable":true,"href":"https:\/\/vimaterial.de\/es\/wp-json\/wp\/v2\/product_brand?post=1012764"},{"taxonomy":"product_cat","embeddable":true,"href":"https:\/\/vimaterial.de\/es\/wp-json\/wp\/v2\/product_cat?post=1012764"},{"taxonomy":"product_tag","embeddable":true,"href":"https:\/\/vimaterial.de\/es\/wp-json\/wp\/v2\/product_tag?post=1012764"}],"curies":[{"name":"wp","href":"https:\/\/api.w.org\/{rel}","templated":true}]}}