{"id":1012698,"date":"2024-06-17T14:29:42","date_gmt":"2024-06-17T06:29:42","guid":{"rendered":"https:\/\/vimaterial.de\/product\/vanadio-metalico-4\/"},"modified":"2025-04-17T17:54:26","modified_gmt":"2025-04-17T09:54:26","slug":"vanadio-metalico-4","status":"publish","type":"product","link":"https:\/\/vimaterial.de\/es\/product\/vanadio-metalico-4\/","title":{"rendered":"Metal de vanadio"},"content":{"rendered":"<p><span style=\"color: #0000ff;\"><a style=\"color: #0000ff;\" href=\"https:\/\/vimaterial.de\/en\/product\/vanadium-sputtering-target\/\">El lingote de vanadio<\/a><\/span> es un metal de vanadio en forma de lingote con alto punto de fusi\u00f3n, buena resistencia y resistencia a la corrosi\u00f3n. Se utiliza principalmente en la industria metal\u00fargica como aditivo de aleaci\u00f3n para reforzar las propiedades de los materiales met\u00e1licos, y tambi\u00e9n se utiliza en la fabricaci\u00f3n de piezas de alto rendimiento y materiales especiales en los campos de la industria aeroespacial, electr\u00f3nica y qu\u00edmica. <\/p>\n<p>VIMATERIAL suministra lingotes de vanadio. El lingote de vanadio suministrado por nuestra empresa se caracteriza por su alta pureza, muy bajo contenido de impurezas, buena apariencia y dimensiones precisas. Tenemos un buen servicio postventa, suficiente stock y aceptamos la personalizaci\u00f3n y el experimento del producto. Somos un proveedor profesional de materias primas qu\u00edmicas inorg\u00e1nicas, <span style=\"color: #0000ff;\"><a style=\"color: #0000ff;\" href=\"https:\/\/vimaterial.de\/en\/contact-us\/\">cont\u00e1ctenos<\/a><\/span> para cualquiera de sus necesidades.   <\/p>\n<h2><span style=\"font-size: 14pt;\">Propiedades f\u00edsicas<\/span><\/h2>\n<p>F\u00f3rmula molecular: V<\/p>\n<p>Peso molecular: 50.9415<\/p>\n<p>Aspecto: generalmente metal blanco plateado<\/p>\n<p>Densidad: aprox. 6,11 g\/cm\u00b3.<\/p>\n<p>Punto de fusi\u00f3n: alrededor de 1890 \u00b0C<\/p>\n<p>Punto de ebullici\u00f3n: 3380\u00b0C<\/p>\n<p>Estructura cristalina: celos\u00eda c\u00fabica centrada en el cuerpo<\/p>\n<h2><span style=\"font-size: 14pt;\">Aplicaciones<\/span><\/h2>\n<p>Metalurgia del hierro y el acero: el lingote de vanadio se utiliza como materia prima de aleaci\u00f3n para el acero, lo que mejora en gran medida la resistencia y la tenacidad del acero, y se utiliza en la producci\u00f3n de acero de alta resistencia para la construcci\u00f3n y la fabricaci\u00f3n de maquinaria.<\/p>\n<p>Aeroespacial: Con su alto punto de fusi\u00f3n y propiedades livianas, el lingote de vanadio ayuda a crear componentes livianos y resistentes al calor para aeronaves, lo que garantiza la seguridad y la eficiencia del vuelo.<\/p>\n<p>Almacenamiento de energ\u00eda: El lingote de vanadio es el material central de las bater\u00edas de vanadio, que dependen de los cambios de valencia del vanadio para almacenar energ\u00eda y proporcionar energ\u00eda estable para respaldar nuevas fuentes de energ\u00eda conectadas a la red.<\/p>\n<p>Industria qu\u00edmica: El lingote de vanadio se utiliza como catalizador para acelerar las reacciones qu\u00edmicas y facilitar la s\u00edntesis eficiente de productos qu\u00edmicos finos.<\/p>\n<p>Electr\u00f3nica: Utilizado en la fabricaci\u00f3n de componentes electr\u00f3nicos, el lingote de vanadio confiere a los productos propiedades el\u00e9ctricas especiales que optimizan el rendimiento de los dispositivos electr\u00f3nicos.<\/p>\n<h2><span style=\"font-size: 14pt;\">Control de calidad<\/span><\/h2>\n<p><span style=\"color: #0000ff;\"><a style=\"color: #0000ff;\" href=\"https:\/\/vimaterial.de\/en\/quality-control\/\">Cada lote<\/a> <\/span>de productos sigue estrictos principios de control de calidad, asegurando que cada lote de materiales de la compra de materias primas, el procesamiento y los productos terminados fuera del almac\u00e9n est\u00e9n equipados con instrumentos avanzados, estrictos est\u00e1ndares de inspecci\u00f3n y registros de inspecci\u00f3n perfectos para garantizar que la calidad del producto se pueda controlar y la trazabilidad del producto, y cada lote de productos va acompa\u00f1ado de MSDS,  Informes COA, TDS, PSD y XRD, etc. Tambi\u00e9n proporcionamos muestras de cada lote de productos. Cada lote de productos proporcionar\u00e1 muestras a los clientes, tambi\u00e9n apoyar\u00e1 a los clientes para solicitar a organizaciones de prueba de terceros que prueben los productos.  <\/p>\n<h2><span style=\"font-size: 14pt;\">Embalaje y almacenamiento<\/span><\/h2>\n<p>El lingote de vanadio se envasa en bolsas de vac\u00edo dobles y luego se empaqueta en cajas de cart\u00f3n o de madera.<\/p>\n<p>El lingote de vanadio debe almacenarse en un ambiente seco y bien ventilado con una temperatura estable, evitando el contacto con agua, \u00e1cidos fuertes, \u00e1lcalis fuertes y otras sustancias corrosivas, adem\u00e1s de evitar que est\u00e9 sujeto a colisiones y fricciones violentas.<\/p>\n","protected":false},"excerpt":{"rendered":"<p><span style=\"color: #0000ff;\"><a style=\"color: #0000ff;\" href=\"https:\/\/vimaterial.de\/en\/product\/vanadium-sputtering-target\/\">El lingote de vanadio<\/a><\/span> es un metal de vanadio en forma de lingote con alto punto de fusi\u00f3n, buena resistencia y resistencia a la corrosi\u00f3n. Se utiliza principalmente en la industria metal\u00fargica como aditivo de aleaci\u00f3n para reforzar las propiedades de los materiales met\u00e1licos, y tambi\u00e9n se utiliza en la fabricaci\u00f3n de piezas de alto rendimiento y materiales especiales en los campos de la industria aeroespacial, electr\u00f3nica y qu\u00edmica. <\/p>\n","protected":false},"featured_media":1000977,"comment_status":"open","ping_status":"closed","template":"","meta":{"_acf_changed":false},"product_brand":[],"product_cat":[188],"product_tag":[],"class_list":{"0":"post-1012698","1":"product","2":"type-product","3":"status-publish","4":"has-post-thumbnail","6":"product_cat-perfil","8":"first","9":"instock","10":"shipping-taxable","11":"purchasable","12":"product-type-variable"},"acf":[],"_links":{"self":[{"href":"https:\/\/vimaterial.de\/es\/wp-json\/wp\/v2\/product\/1012698","targetHints":{"allow":["GET"]}}],"collection":[{"href":"https:\/\/vimaterial.de\/es\/wp-json\/wp\/v2\/product"}],"about":[{"href":"https:\/\/vimaterial.de\/es\/wp-json\/wp\/v2\/types\/product"}],"replies":[{"embeddable":true,"href":"https:\/\/vimaterial.de\/es\/wp-json\/wp\/v2\/comments?post=1012698"}],"wp:featuredmedia":[{"embeddable":true,"href":"https:\/\/vimaterial.de\/es\/wp-json\/wp\/v2\/media\/1000977"}],"wp:attachment":[{"href":"https:\/\/vimaterial.de\/es\/wp-json\/wp\/v2\/media?parent=1012698"}],"wp:term":[{"taxonomy":"product_brand","embeddable":true,"href":"https:\/\/vimaterial.de\/es\/wp-json\/wp\/v2\/product_brand?post=1012698"},{"taxonomy":"product_cat","embeddable":true,"href":"https:\/\/vimaterial.de\/es\/wp-json\/wp\/v2\/product_cat?post=1012698"},{"taxonomy":"product_tag","embeddable":true,"href":"https:\/\/vimaterial.de\/es\/wp-json\/wp\/v2\/product_tag?post=1012698"}],"curies":[{"name":"wp","href":"https:\/\/api.w.org\/{rel}","templated":true}]}}