{"id":1012634,"date":"2024-06-17T14:29:44","date_gmt":"2024-06-17T06:29:44","guid":{"rendered":"https:\/\/vimaterial.de\/product\/oxido-de-vanadio-7\/"},"modified":"2025-04-17T17:45:58","modified_gmt":"2025-04-17T09:45:58","slug":"oxido-de-vanadio-7","status":"publish","type":"product","link":"https:\/\/vimaterial.de\/es\/product\/oxido-de-vanadio-7\/","title":{"rendered":"\u00d3xido de vanadio"},"content":{"rendered":"<p><span style=\"color: #0000ff;\"><a style=\"color: #0000ff;\" href=\"https:\/\/vimaterial.de\/en\/product\/vanadium-oxide-v2o5-sputtering-target\/\">\u00d3xido de vanadio<\/a><\/span> El polvo de V2O3 es un polvo negro, utilizado principalmente en metalurgia como aditivo de aleaci\u00f3n para mejorar las propiedades de la aleaci\u00f3n, pero tambi\u00e9n en materiales electr\u00f3nicos, se puede utilizar para fabricar dispositivos con propiedades el\u00e9ctricas espec\u00edficas.<\/p>\n<p>VIMATERIAL suministra polvo de \u00f3xido de vanadio V2O3, nuestra empresa suministra polvo de \u00f3xido de vanadio V2O3 con alta pureza, bajas impurezas, tama\u00f1o de part\u00edcula uniforme y regular, excelentes caracter\u00edsticas de calidad, nuestro servicio postventa es bueno, el producto se empaqueta en paquetes peque\u00f1os, pedidos en lotes peque\u00f1os, stock suficiente, acepta la personalizaci\u00f3n del producto y somos un proveedor profesional de materias primas qu\u00edmicas inorg\u00e1nicas. Somos un proveedor profesional de materias primas qu\u00edmicas inorg\u00e1nicas, <span style=\"color: #0000ff;\"><a style=\"color: #0000ff;\" href=\"https:\/\/vimaterial.de\/en\/contact-us\/\">cont\u00e1ctenos<\/a><\/span> para cualquiera de sus necesidades. <\/p>\n<h2><span style=\"font-size: 14pt;\">Propiedades f\u00edsicas<\/span><\/h2>\n<p>F\u00f3rmula molecular: V2O3<\/p>\n<p>Peso molecular: 149.88<\/p>\n<p>Aspecto: cristal o polvo gris-negro<\/p>\n<p>Densidad: 4,87 g\/cm\u00b3<\/p>\n<p>Punto de fusi\u00f3n: 1970\u00b0C<\/p>\n<p>Punto de ebullici\u00f3n: alrededor de 3000 \u00b0C<\/p>\n<p>Estructura cristalina: estructura de corind\u00f3n (Al2O3), pertenece al sistema cristalino triangular.<\/p>\n<h2><span style=\"font-size: 14pt;\">Aplicaciones<\/span><\/h2>\n<p>Metalurgia: El polvo de V2O3 se utiliza como aditivo de aleaci\u00f3n en metalurgia para mejorar la resistencia y la tenacidad de los materiales met\u00e1licos cambiando la microestructura de la aleaci\u00f3n, y se utiliza para fabricar acero aleado de alto rendimiento.<\/p>\n<p>Materiales electr\u00f3nicos: En materiales electr\u00f3nicos, los polvos de V2O3 se utilizan para la preparaci\u00f3n de componentes electr\u00f3nicos con caracter\u00edsticas de resistencia variables. Sus propiedades el\u00e9ctricas especiales permiten un control eficaz de la corriente y se utilizan en circuitos electr\u00f3nicos para la protecci\u00f3n contra sobrecorriente. <\/p>\n<p>Materiales cer\u00e1micos: Como aditivos cer\u00e1micos, los polvos de V2O3 pueden reducir la temperatura de sinterizaci\u00f3n de la cer\u00e1mica y mejorar las propiedades mec\u00e1nicas y el\u00e9ctricas de la cer\u00e1mica, que se pueden utilizar para fabricar productos cer\u00e1micos con funciones especiales, como sustratos cer\u00e1micos para dispositivos electr\u00f3nicos.<\/p>\n<p>Catalizadores: Los polvos de V2O3 se pueden utilizar como catalizadores para ciertas reacciones qu\u00edmicas, por ejemplo, en reacciones redox, pueden cambiar la energ\u00eda de activaci\u00f3n de la reacci\u00f3n, acelerar la velocidad de reacci\u00f3n y utilizarse en reacciones de s\u00edntesis org\u00e1nica en la producci\u00f3n qu\u00edmica.<\/p>\n<h2><span style=\"font-size: 14pt;\">Control de calidad<\/span><\/h2>\n<p><span style=\"color: #0000ff;\"><a style=\"color: #0000ff;\" href=\"https:\/\/vimaterial.de\/en\/quality-control\/\">Cada lote<\/a><\/span> de productos sigue estrictos principios de control de calidad, asegurando que cada lote de materiales de la compra de materias primas, el procesamiento y los productos terminados fuera del almac\u00e9n est\u00e9n equipados con instrumentos avanzados, estrictos est\u00e1ndares de inspecci\u00f3n y registros de inspecci\u00f3n perfectos para garantizar que la calidad del producto se pueda controlar y la trazabilidad del producto, y cada lote de productos va acompa\u00f1ado de MSDS,  Informes COA, TDS, PSD y XRD, etc. Tambi\u00e9n proporcionamos muestras de cada lote de productos. Cada lote de productos proporcionar\u00e1 muestras a los clientes, tambi\u00e9n apoyar\u00e1 a los clientes para solicitar a organizaciones de prueba de terceros que prueben los productos.  <\/p>\n<h2><span style=\"font-size: 14pt;\">Embalaje y almacenamiento<\/span><\/h2>\n<p>El polvo de \u00f3xido de vanadio V2O3 se envasa en bolsas de vac\u00edo de doble capa o botellas de vac\u00edo de doble capa con cart\u00f3n exterior. El tama\u00f1o del embalaje es de 250 g, 500 g, 1 kg o 25 kg. <\/p>\n<p>El polvo de \u00f3xido de vanadio V2O3 debe almacenarse en un ambiente seco, fresco y bien ventilado, sellado, evitar el contacto con agua, \u00e1cido fuerte, \u00e1lcali fuerte y oxidantes fuertes, y mantenerse alejado del fuego y las fuentes de calor.<\/p>\n","protected":false},"excerpt":{"rendered":"<p><span style=\"color: #0000ff;\"><a style=\"color: #0000ff;\" href=\"https:\/\/vimaterial.de\/en\/product\/vanadium-oxide-v2o5-sputtering-target\/\">\u00d3xido de vanadio<\/a><\/span> El polvo de V2O3 es un polvo negro, utilizado principalmente en metalurgia como aditivo de aleaci\u00f3n para mejorar las propiedades de la aleaci\u00f3n, pero tambi\u00e9n en materiales electr\u00f3nicos, se puede utilizar para fabricar dispositivos con propiedades el\u00e9ctricas espec\u00edficas.<\/p>\n","protected":false},"featured_media":1041210,"comment_status":"open","ping_status":"closed","template":"","meta":{"_acf_changed":false},"product_brand":[],"product_cat":[186],"product_tag":[],"class_list":{"0":"post-1012634","1":"product","2":"type-product","3":"status-publish","4":"has-post-thumbnail","6":"product_cat-materiales-de-oxido-hidroxido","8":"first","9":"instock","10":"shipping-taxable","11":"purchasable","12":"product-type-variable"},"acf":[],"_links":{"self":[{"href":"https:\/\/vimaterial.de\/es\/wp-json\/wp\/v2\/product\/1012634","targetHints":{"allow":["GET"]}}],"collection":[{"href":"https:\/\/vimaterial.de\/es\/wp-json\/wp\/v2\/product"}],"about":[{"href":"https:\/\/vimaterial.de\/es\/wp-json\/wp\/v2\/types\/product"}],"replies":[{"embeddable":true,"href":"https:\/\/vimaterial.de\/es\/wp-json\/wp\/v2\/comments?post=1012634"}],"wp:featuredmedia":[{"embeddable":true,"href":"https:\/\/vimaterial.de\/es\/wp-json\/wp\/v2\/media\/1041210"}],"wp:attachment":[{"href":"https:\/\/vimaterial.de\/es\/wp-json\/wp\/v2\/media?parent=1012634"}],"wp:term":[{"taxonomy":"product_brand","embeddable":true,"href":"https:\/\/vimaterial.de\/es\/wp-json\/wp\/v2\/product_brand?post=1012634"},{"taxonomy":"product_cat","embeddable":true,"href":"https:\/\/vimaterial.de\/es\/wp-json\/wp\/v2\/product_cat?post=1012634"},{"taxonomy":"product_tag","embeddable":true,"href":"https:\/\/vimaterial.de\/es\/wp-json\/wp\/v2\/product_tag?post=1012634"}],"curies":[{"name":"wp","href":"https:\/\/api.w.org\/{rel}","templated":true}]}}