{"id":1012614,"date":"2024-06-17T14:29:47","date_gmt":"2024-06-17T06:29:47","guid":{"rendered":"https:\/\/vimaterial.de\/product\/oxido-de-vanadio-6\/"},"modified":"2025-04-17T17:39:06","modified_gmt":"2025-04-17T09:39:06","slug":"oxido-de-vanadio-6","status":"publish","type":"product","link":"https:\/\/vimaterial.de\/es\/product\/oxido-de-vanadio-6\/","title":{"rendered":"\u00d3xido de vanadio"},"content":{"rendered":"<p>Los gr\u00e1nulos <span style=\"color: #0000ff;\"><a style=\"color: #0000ff;\" href=\"https:\/\/vimaterial.de\/en\/product\/vanadium-oxide-v2o5-sputtering-target\/\">de \u00f3xido de vanadio<\/a> <\/span>son gr\u00e1nulos s\u00f3lidos de color amarillo a naranja que se utilizan principalmente en la industria qu\u00edmica como catalizadores para la producci\u00f3n de \u00e1cido sulf\u00farico, en la industria metal\u00fargica para el proceso de aleaci\u00f3n de acero y tambi\u00e9n en la producci\u00f3n de pigmentos y la preparaci\u00f3n de materiales de electrodos para bater\u00edas.<\/p>\n<p>VIMATERIAL suministra gr\u00e1nulos de \u00f3xido de vanadio. Los gr\u00e1nulos de \u00f3xido de vanadio suministrados por nuestra empresa se caracterizan por su alta pureza, tama\u00f1o de part\u00edcula uniforme, alta actividad qu\u00edmica y buena estabilidad. Tenemos un buen servicio postventa, un paquete de producto peque\u00f1o, un pedido de lote peque\u00f1o, stock suficiente y aceptamos la personalizaci\u00f3n y el experimento del producto. Somos un proveedor profesional de materias primas qu\u00edmicas inorg\u00e1nicas,<span style=\"color: #0000ff;\"><a style=\"color: #0000ff;\" href=\"https:\/\/vimaterial.de\/en\/contact-us\/\"> cont\u00e1ctenos<\/a><\/span> para cualquiera de sus necesidades.   <\/p>\n<h2><span style=\"font-size: 14pt;\">Propiedades f\u00edsicas<\/span><\/h2>\n<p>F\u00f3rmula molecular: V2O5<\/p>\n<p>Peso molecular: 181.88<\/p>\n<p>Aspecto: Polvo cristalino de color amarillo anaranjado o cristales en forma de aguja de color marr\u00f3n rojizo<\/p>\n<p>Densidad: 3,357 g \/ ml (18\/4 \u00b0C) o 3,35 g \/ ml (25 \u00b0C)<\/p>\n<p>Punto de fusi\u00f3n: 690\u00b0C<\/p>\n<p>Punto de ebullici\u00f3n: 1750\u00b0C (descomposici\u00f3n)<\/p>\n<p>Estructura cristalina: Sistema cristalino ortorr\u00f3mbico con estructura laminar<\/p>\n<h2><span style=\"font-size: 14pt;\">Aplicaciones<\/span><\/h2>\n<p>Industria qu\u00edmica: En la industria qu\u00edmica, las part\u00edculas de V2O5 son el catalizador clave para la producci\u00f3n de \u00e1cido sulf\u00farico, que puede catalizar eficazmente la reacci\u00f3n de oxidaci\u00f3n del di\u00f3xido de azufre a tri\u00f3xido de azufre y mejorar en gran medida la eficiencia de producci\u00f3n de \u00e1cido sulf\u00farico.<\/p>\n<p>Metalurgia: Las part\u00edculas de V2O5 se utilizan en metalurgia como aditivo de aleaci\u00f3n para mejorar significativamente la dureza, la tenacidad y la resistencia al desgaste del acero, contribuyendo a la producci\u00f3n de aceros especiales de alta calidad.<\/p>\n<p>Almacenamiento de energ\u00eda: Las part\u00edculas de V2O5 se utilizan en la fabricaci\u00f3n de materiales cat\u00f3dicos para bater\u00edas de iones de litio, proporcionando una alta capacidad espec\u00edfica te\u00f3rica y ayudando a mejorar la densidad de energ\u00eda y el rendimiento de carga\/descarga de las bater\u00edas.<\/p>\n<p>Materiales electr\u00f3nicos: las part\u00edculas de V2O5 se utilizan en la preparaci\u00f3n de materiales electr\u00f3nicos, como componentes electr\u00f3nicos con caracter\u00edsticas de resistencia variables, capaces de cambiar la resistencia seg\u00fan las condiciones ambientales, y se pueden utilizar en sensores y otros componentes de dispositivos electr\u00f3nicos.<\/p>\n<h2><span style=\"font-size: 14pt;\">Control de calidad<\/span><\/h2>\n<p><span style=\"color: #0000ff;\"><a style=\"color: #0000ff;\" href=\"https:\/\/vimaterial.de\/en\/quality-control\/\">Cada lote<\/a> <\/span>de productos sigue estrictos principios de control de calidad, asegurando que cada lote de materiales de la compra de materias primas, el procesamiento y los productos terminados fuera del almac\u00e9n est\u00e9n equipados con instrumentos avanzados, estrictos est\u00e1ndares de inspecci\u00f3n y registros de inspecci\u00f3n perfectos para garantizar que la calidad del producto se pueda controlar y la trazabilidad del producto, y cada lote de productos va acompa\u00f1ado de MSDS,  Informes COA, TDS, PSD y XRD, etc. Tambi\u00e9n proporcionamos muestras de cada lote de productos. Cada lote de productos proporcionar\u00e1 muestras a los clientes, tambi\u00e9n apoyar\u00e1 a los clientes para solicitar a organizaciones de prueba de terceros que prueben los productos.  <\/p>\n<h2><span style=\"font-size: 14pt;\">Embalaje y almacenamiento<\/span><\/h2>\n<p>Los gr\u00e1nulos de \u00f3xido de vanadio se envasan en bolsas de vac\u00edo de doble capa o botellas de vac\u00edo de doble capa con cajas de cart\u00f3n exteriores. El tama\u00f1o del embalaje es de 250 g, 500 g, 1 kg o 25 kg. <\/p>\n<p>Los gr\u00e1nulos de \u00f3xido de vanadio deben almacenarse en un lugar seco, fresco y bien ventilado, sellados, lejos del agua, el fuego y los agentes reductores fuertes, evitar la humedad, la reacci\u00f3n redox y los cambios dr\u00e1sticos de temperatura.<\/p>\n","protected":false},"excerpt":{"rendered":"<p>Los gr\u00e1nulos <span style=\"color: #0000ff;\"><a style=\"color: #0000ff;\" href=\"https:\/\/vimaterial.de\/en\/product\/vanadium-oxide-v2o5-sputtering-target\/\">de \u00f3xido de vanadio<\/a> <\/span>son gr\u00e1nulos s\u00f3lidos de color amarillo a naranja que se utilizan principalmente en la industria qu\u00edmica como catalizadores para la producci\u00f3n de \u00e1cido sulf\u00farico, en la industria metal\u00fargica para el proceso de aleaci\u00f3n de acero y tambi\u00e9n en la producci\u00f3n de pigmentos y la preparaci\u00f3n de materiales de electrodos para bater\u00edas.<\/p>\n","protected":false},"featured_media":1001018,"comment_status":"open","ping_status":"closed","template":"","meta":{"_acf_changed":false},"product_brand":[],"product_cat":[179],"product_tag":[],"class_list":{"0":"post-1012614","1":"product","2":"type-product","3":"status-publish","4":"has-post-thumbnail","6":"product_cat-materiales-de-evaporacion","8":"first","9":"instock","10":"shipping-taxable","11":"product-type-variable"},"acf":[],"_links":{"self":[{"href":"https:\/\/vimaterial.de\/es\/wp-json\/wp\/v2\/product\/1012614","targetHints":{"allow":["GET"]}}],"collection":[{"href":"https:\/\/vimaterial.de\/es\/wp-json\/wp\/v2\/product"}],"about":[{"href":"https:\/\/vimaterial.de\/es\/wp-json\/wp\/v2\/types\/product"}],"replies":[{"embeddable":true,"href":"https:\/\/vimaterial.de\/es\/wp-json\/wp\/v2\/comments?post=1012614"}],"wp:featuredmedia":[{"embeddable":true,"href":"https:\/\/vimaterial.de\/es\/wp-json\/wp\/v2\/media\/1001018"}],"wp:attachment":[{"href":"https:\/\/vimaterial.de\/es\/wp-json\/wp\/v2\/media?parent=1012614"}],"wp:term":[{"taxonomy":"product_brand","embeddable":true,"href":"https:\/\/vimaterial.de\/es\/wp-json\/wp\/v2\/product_brand?post=1012614"},{"taxonomy":"product_cat","embeddable":true,"href":"https:\/\/vimaterial.de\/es\/wp-json\/wp\/v2\/product_cat?post=1012614"},{"taxonomy":"product_tag","embeddable":true,"href":"https:\/\/vimaterial.de\/es\/wp-json\/wp\/v2\/product_tag?post=1012614"}],"curies":[{"name":"wp","href":"https:\/\/api.w.org\/{rel}","templated":true}]}}