{"id":1012559,"date":"2024-06-17T14:29:49","date_gmt":"2024-06-17T06:29:49","guid":{"rendered":"https:\/\/vimaterial.de\/product\/oxido-de-vanadio-boro\/"},"modified":"2025-04-17T17:32:58","modified_gmt":"2025-04-17T09:32:58","slug":"oxido-de-vanadio-boro","status":"publish","type":"product","link":"https:\/\/vimaterial.de\/es\/product\/oxido-de-vanadio-boro\/","title":{"rendered":"\u00d3xido de vanadio-boro"},"content":{"rendered":"<p>Los objetivos de pulverizaci\u00f3n cat\u00f3dica de \u00f3xido de vanadio-boro son materiales compuestos que contienen pent\u00f3xido de vanadio y boro. Combinando las propiedades del \u00f3xido de vanadio y el boro, estos objetivos de pulverizaci\u00f3n cat\u00f3dica se pueden utilizar en el proceso de recubrimiento por pulverizaci\u00f3n cat\u00f3dica para producir pel\u00edculas delgadas con propiedades el\u00e9ctricas, \u00f3pticas o qu\u00edmicas especiales para una variedad de aplicaciones en electr\u00f3nica, \u00f3ptica, almacenamiento de energ\u00eda y muchos otros campos. <\/p>\n<p>VIMATERIAL suministra objetivos de pulverizaci\u00f3n cat\u00f3dica de \u00f3xido de vanadio-boro. Nuestros objetivos de pulverizaci\u00f3n cat\u00f3dica de \u00f3xido de vanadio-boro se caracterizan por su alta pureza, proporciones controlables y excelentes propiedades de pulverizaci\u00f3n cat\u00f3dica. Nuestra empresa puede proporcionar un servicio de encuadernaci\u00f3n de objetivos, somos un proveedor profesional de materias primas qu\u00edmicas inorg\u00e1nicas, cont\u00e1ctenos si tiene alguna necesidad.  <\/p>\n<h2><span style=\"font-size: 14pt;\">Aplicaciones<\/span><\/h2>\n<p>Electr\u00f3nica: Los objetivos de pulverizaci\u00f3n cat\u00f3dica V2O5-B se pueden utilizar para preparar transistores de pel\u00edcula delgada en dispositivos electr\u00f3nicos, aprovechando sus propiedades el\u00e9ctricas especiales para mejorar la movilidad del portador y la velocidad de conmutaci\u00f3n de los dispositivos.<\/p>\n<p>Semiconductor: En la fabricaci\u00f3n de semiconductores, se puede utilizar para crear capas de barrera y contacto para chips semiconductores, evitando la propagaci\u00f3n de impurezas y asegurando un buen contacto el\u00e9ctrico.<\/p>\n<p>Campo \u00f3ptico: se puede utilizar para el recubrimiento de lentes \u00f3pticas, y la pel\u00edcula formada por pulverizaci\u00f3n cat\u00f3dica puede ajustar eficazmente el \u00edndice de refracci\u00f3n de la lente, reducir la reflexi\u00f3n y mejorar la transmitancia \u00f3ptica.<\/p>\n<p>Tecnolog\u00eda de visualizaci\u00f3n: En la fabricaci\u00f3n de pantallas planas, el objetivo de pulverizaci\u00f3n cat\u00f3dica se puede utilizar para la preparaci\u00f3n de pel\u00edculas conductoras transparentes para mejorar la conductividad y la transmitancia de luz de la pantalla.<\/p>\n<p>Campo de sensores: se utiliza en la preparaci\u00f3n de pel\u00edculas sensibles para sensores sensibles a los gases, utilizando sus propiedades de adsorci\u00f3n y reacci\u00f3n de ciertos gases para lograr una detecci\u00f3n altamente sensible de gases espec\u00edficos.<\/p>\n<h2><span style=\"font-size: 14pt;\">Control de calidad<\/span><\/h2>\n<p>Cada lote de productos sigue estrictos principios de control de calidad, asegurando que cada lote de materiales de la compra de materias primas, el procesamiento y los productos terminados fuera del almac\u00e9n est\u00e9n equipados con instrumentos avanzados, estrictos est\u00e1ndares de inspecci\u00f3n y registros de inspecci\u00f3n perfectos para garantizar que la calidad del producto se pueda controlar y la trazabilidad del producto, y cada lote de productos va acompa\u00f1ado de MSDS,  Informes COA, TDS, PSD y XRD, etc. Tambi\u00e9n proporcionamos muestras de cada lote de productos. Cada lote de productos proporcionar\u00e1 muestras a los clientes, tambi\u00e9n apoyar\u00e1 a los clientes para solicitar a organizaciones de prueba de terceros que prueben los productos.  <\/p>\n<h2><span style=\"font-size: 14pt;\">Embalaje y almacenamiento<\/span><\/h2>\n<p>Los objetivos de pulverizaci\u00f3n cat\u00f3dica de \u00f3xido de vanadio-boro se empaquetan en bolsas de vac\u00edo dobles y se empaquetan en cajas de cart\u00f3n.<\/p>\n<p>Los objetivos de pulverizaci\u00f3n cat\u00f3dica de \u00f3xido de vanadio-boro deben almacenarse en un ambiente seco, fresco y bien ventilado, evitando la humedad, evitando el contacto con agentes oxidantes fuertes y \u00e1cidos fuertes, as\u00ed como evitando colisiones f\u00edsicas y vibraciones violentas.<\/p>\n","protected":false},"excerpt":{"rendered":"<p>Los objetivos de pulverizaci\u00f3n cat\u00f3dica de \u00f3xido de vanadio-boro son materiales compuestos que contienen pent\u00f3xido de vanadio y boro. Combinando las propiedades del \u00f3xido de vanadio y el boro, estos objetivos de pulverizaci\u00f3n cat\u00f3dica se pueden utilizar en el proceso de recubrimiento por pulverizaci\u00f3n cat\u00f3dica para producir pel\u00edculas delgadas con propiedades el\u00e9ctricas, \u00f3pticas o qu\u00edmicas [&hellip;]<\/p>\n","protected":false},"featured_media":1001047,"comment_status":"open","ping_status":"closed","template":"","meta":{"_acf_changed":false},"product_brand":[],"product_cat":[178],"product_tag":[],"class_list":{"0":"post-1012559","1":"product","2":"type-product","3":"status-publish","4":"has-post-thumbnail","6":"product_cat-catodos-para-sputtering-planar","8":"first","9":"instock","10":"shipping-taxable","11":"product-type-variable"},"acf":[],"_links":{"self":[{"href":"https:\/\/vimaterial.de\/es\/wp-json\/wp\/v2\/product\/1012559","targetHints":{"allow":["GET"]}}],"collection":[{"href":"https:\/\/vimaterial.de\/es\/wp-json\/wp\/v2\/product"}],"about":[{"href":"https:\/\/vimaterial.de\/es\/wp-json\/wp\/v2\/types\/product"}],"replies":[{"embeddable":true,"href":"https:\/\/vimaterial.de\/es\/wp-json\/wp\/v2\/comments?post=1012559"}],"wp:featuredmedia":[{"embeddable":true,"href":"https:\/\/vimaterial.de\/es\/wp-json\/wp\/v2\/media\/1001047"}],"wp:attachment":[{"href":"https:\/\/vimaterial.de\/es\/wp-json\/wp\/v2\/media?parent=1012559"}],"wp:term":[{"taxonomy":"product_brand","embeddable":true,"href":"https:\/\/vimaterial.de\/es\/wp-json\/wp\/v2\/product_brand?post=1012559"},{"taxonomy":"product_cat","embeddable":true,"href":"https:\/\/vimaterial.de\/es\/wp-json\/wp\/v2\/product_cat?post=1012559"},{"taxonomy":"product_tag","embeddable":true,"href":"https:\/\/vimaterial.de\/es\/wp-json\/wp\/v2\/product_tag?post=1012559"}],"curies":[{"name":"wp","href":"https:\/\/api.w.org\/{rel}","templated":true}]}}