{"id":1012550,"date":"2024-06-17T14:29:48","date_gmt":"2024-06-17T06:29:48","guid":{"rendered":"https:\/\/vimaterial.de\/product\/oxido-de-vanadio-3\/"},"modified":"2025-04-17T17:34:46","modified_gmt":"2025-04-17T09:34:46","slug":"oxido-de-vanadio-3","status":"publish","type":"product","link":"https:\/\/vimaterial.de\/es\/product\/oxido-de-vanadio-3\/","title":{"rendered":"\u00d3xido de vanadio"},"content":{"rendered":"<p><span style=\"color: #0000ff;\"><a style=\"color: #0000ff;\" href=\"https:\/\/vimaterial.de\/en\/product\/vanadium-oxide\/\">\u00d3xido de vanadio<\/a> <\/span>El objetivo de pulverizaci\u00f3n cat\u00f3dica V2O5 es un material con pent\u00f3xido de vanadio como componente principal. Cuando es bombardeado por un haz de iones de alta energ\u00eda en el proceso de pulverizaci\u00f3n cat\u00f3dica, las mol\u00e9culas o \u00e1tomos de V2O5 en su superficie se pulverizan para formar una pel\u00edcula delgada uniforme de \u00f3xido de vanadio en el material del sustrato, que se puede utilizar para la fabricaci\u00f3n de una amplia gama de dispositivos electr\u00f3nicos y \u00f3pticos, como ventanas inteligentes.  electrodos de bater\u00eda, sensores, etc. <\/p>\n<p>VIMATERIAL suministra una amplia gama de objetivos de pulverizaci\u00f3n cat\u00f3dica de \u00f3xido de vanadio V2O5. Nuestros objetivos de pulverizaci\u00f3n cat\u00f3dica de \u00f3xido de vanadio V2O5 tienen las ventajas de alta pureza, buena estabilidad qu\u00edmica y alta eficiencia de pulverizaci\u00f3n cat\u00f3dica. Nuestra empresa puede proporcionar un servicio de encuadernaci\u00f3n de objetivos, somos un proveedor profesional de materias primas qu\u00edmicas inorg\u00e1nicas, <span style=\"color: #0000ff;\"><a style=\"color: #0000ff;\" href=\"https:\/\/vimaterial.de\/en\/contact-us\/\">cont\u00e1ctenos<\/a><\/span> si tiene alguna necesidad.  <\/p>\n<h2><span style=\"font-size: 14pt;\">Propiedades f\u00edsicas<\/span><\/h2>\n<p>F\u00f3rmula molecular: V2O5<\/p>\n<p>Peso molecular: 181.88<\/p>\n<p>Aspecto: polvo cristalino de color amarillo a rojo<\/p>\n<p>Densidad: 3,35 g\/cm\u00b3<\/p>\n<p>Punto de fusi\u00f3n: 690\u00b0C<\/p>\n<p>Punto de ebullici\u00f3n: 1750\u00b0C (descomposici\u00f3n)<\/p>\n<p>Estructura cristalina: sistema cristalino ortorr\u00f3mbico, grupo espacial Pmnm, los par\u00e1metros de la red son a = 1.1510 nm, b = 0.3563 nm, c = 0.4369 nm.<\/p>\n<h2><span style=\"font-size: 14pt;\">Aplicaciones<\/span><\/h2>\n<p>Campo de visualizaci\u00f3n: En la fabricaci\u00f3n de pantallas de cristal l\u00edquido (LCD) y pantallas de diodos emisores de luz org\u00e1nicos (OLED), los objetivos de pulverizaci\u00f3n cat\u00f3dica V2O5 se utilizan para la preparaci\u00f3n de pel\u00edculas delgadas conductoras transparentes, que pueden mejorar efectivamente la conductividad y la transmitancia de luz de la pantalla, y mejorar la calidad de la pantalla.<\/p>\n<p>Almacenamiento de energ\u00eda: En las bater\u00edas de iones de litio, las pel\u00edculas de V2O5 formadas por pulverizaci\u00f3n cat\u00f3dica se pueden utilizar como materiales de electrodos, utilizando sus propiedades polivalentes para lograr la incrustaci\u00f3n y desincrustaci\u00f3n de iones de litio, mejorando as\u00ed la capacidad y el rendimiento de carga\/descarga de la bater\u00eda.<\/p>\n<p>Ventanas inteligentes: Los objetivos de pulverizaci\u00f3n cat\u00f3dica V2O5 se pueden utilizar para preparar pel\u00edculas de ventanas inteligentes sensibles a la luz y la temperatura, que pueden ajustar la transmitancia y el aislamiento t\u00e9rmico de las ventanas de acuerdo con la intensidad de la luz y los cambios de temperatura en el entorno para ahorrar energ\u00eda.<\/p>\n<p>Sensores: Utilizadas en la preparaci\u00f3n de sensores de gas, las pel\u00edculas de V2O5 pueden reaccionar con ciertos gases para cambiar sus propiedades el\u00e9ctricas y detectar dichos cambios para lograr la detecci\u00f3n de gases espec\u00edficos.<\/p>\n<h2><span style=\"font-size: 14pt;\">Control de calidad<\/span><\/h2>\n<p><span style=\"color: #0000ff;\"><a style=\"color: #0000ff;\" href=\"https:\/\/vimaterial.de\/en\/quality-control\/\">Cada lote<\/a><\/span> de productos sigue estrictos principios de control de calidad, asegurando que cada lote de materiales de la compra de materias primas, el procesamiento y los productos terminados fuera del almac\u00e9n est\u00e9n equipados con instrumentos avanzados, estrictos est\u00e1ndares de inspecci\u00f3n y registros de inspecci\u00f3n perfectos para garantizar que la calidad del producto se pueda controlar y la trazabilidad del producto, y cada lote de productos va acompa\u00f1ado de MSDS,  Informes COA, TDS, PSD y XRD, etc. Tambi\u00e9n proporcionamos muestras de cada lote de productos. Cada lote de productos proporcionar\u00e1 muestras a los clientes, tambi\u00e9n apoyar\u00e1 a los clientes para solicitar a organizaciones de prueba de terceros que prueben los productos.  <\/p>\n<h2><span style=\"font-size: 14pt;\">Embalaje y almacenamiento<\/span><\/h2>\n<p>Los objetivos de pulverizaci\u00f3n cat\u00f3dica de \u00f3xido de vanadio V2O5 se empaquetan en una caja trasera de doble bolsa de vac\u00edo y una caja de cart\u00f3n exterior.<\/p>\n<p>Los objetivos de pulverizaci\u00f3n cat\u00f3dica de \u00f3xido de vanadio V2O5 deben almacenarse en un ambiente seco, fresco y bien ventilado, protegidos de la humedad, la oxidaci\u00f3n y el da\u00f1o f\u00edsico, y mantenerse alejados de fuentes de ignici\u00f3n y sustancias corrosivas fuertes.<\/p>\n","protected":false},"excerpt":{"rendered":"<p><span style=\"color: #0000ff;\"><a style=\"color: #0000ff;\" href=\"https:\/\/vimaterial.de\/en\/product\/vanadium-oxide\/\">\u00d3xido de vanadio<\/a> <\/span>El objetivo de pulverizaci\u00f3n cat\u00f3dica V2O5 es un material con pent\u00f3xido de vanadio como componente principal. Cuando es bombardeado por un haz de iones de alta energ\u00eda en el proceso de pulverizaci\u00f3n cat\u00f3dica, las mol\u00e9culas o \u00e1tomos de V2O5 en su superficie se pulverizan para formar una pel\u00edcula delgada uniforme de \u00f3xido de vanadio en el material del sustrato, que se puede utilizar para la fabricaci\u00f3n de una amplia gama de dispositivos electr\u00f3nicos y \u00f3pticos, como ventanas inteligentes.  electrodos de bater\u00eda, sensores, etc. <\/p>\n","protected":false},"featured_media":1001035,"comment_status":"open","ping_status":"closed","template":"","meta":{"_acf_changed":false},"product_brand":[],"product_cat":[178],"product_tag":[],"class_list":{"0":"post-1012550","1":"product","2":"type-product","3":"status-publish","4":"has-post-thumbnail","6":"product_cat-catodos-para-sputtering-planar","8":"first","9":"instock","10":"shipping-taxable","11":"product-type-variable"},"acf":[],"_links":{"self":[{"href":"https:\/\/vimaterial.de\/es\/wp-json\/wp\/v2\/product\/1012550","targetHints":{"allow":["GET"]}}],"collection":[{"href":"https:\/\/vimaterial.de\/es\/wp-json\/wp\/v2\/product"}],"about":[{"href":"https:\/\/vimaterial.de\/es\/wp-json\/wp\/v2\/types\/product"}],"replies":[{"embeddable":true,"href":"https:\/\/vimaterial.de\/es\/wp-json\/wp\/v2\/comments?post=1012550"}],"wp:featuredmedia":[{"embeddable":true,"href":"https:\/\/vimaterial.de\/es\/wp-json\/wp\/v2\/media\/1001035"}],"wp:attachment":[{"href":"https:\/\/vimaterial.de\/es\/wp-json\/wp\/v2\/media?parent=1012550"}],"wp:term":[{"taxonomy":"product_brand","embeddable":true,"href":"https:\/\/vimaterial.de\/es\/wp-json\/wp\/v2\/product_brand?post=1012550"},{"taxonomy":"product_cat","embeddable":true,"href":"https:\/\/vimaterial.de\/es\/wp-json\/wp\/v2\/product_cat?post=1012550"},{"taxonomy":"product_tag","embeddable":true,"href":"https:\/\/vimaterial.de\/es\/wp-json\/wp\/v2\/product_tag?post=1012550"}],"curies":[{"name":"wp","href":"https:\/\/api.w.org\/{rel}","templated":true}]}}