{"id":1012542,"date":"2024-06-17T14:31:07","date_gmt":"2024-06-17T06:31:07","guid":{"rendered":"https:\/\/vimaterial.de\/product\/vanadio-aluminio-2\/"},"modified":"2025-04-17T17:28:52","modified_gmt":"2025-04-17T09:28:52","slug":"vanadio-aluminio-2","status":"publish","type":"product","link":"https:\/\/vimaterial.de\/es\/product\/vanadio-aluminio-2\/","title":{"rendered":"Aluminio Vanadio"},"content":{"rendered":"<p><span style=\"color: #0000ff;\"><a style=\"color: #0000ff;\" href=\"https:\/\/vimaterial.de\/en\/product\/vanadium-aluminum-sputtering-target\/\">Aluminio vanadio<\/a><\/span> El polvo es un polvo met\u00e1lico compuesto de vanadio y aluminio, de color gris plateado, con alta resistencia y buena estabilidad t\u00e9rmica, utilizado principalmente en el campo aeroespacial para fabricar componentes estructurales de alta temperatura, en la industria metal\u00fargica como aditivo de aleaci\u00f3n para mejorar las propiedades de la aleaci\u00f3n.<\/p>\n<p>VIMATERIAL suministra polvo de aluminio y vanadio, nuestra empresa suministra polvo de aluminio y vanadio con alta pureza, baja impureza, tama\u00f1o de part\u00edcula uniforme y regular, excelentes caracter\u00edsticas de calidad, nuestro servicio postventa es bueno, el producto se empaqueta en paquetes peque\u00f1os, pedidos de lotes peque\u00f1os, stock suficiente, acepta personalizaci\u00f3n de productos y experimentos. Somos un proveedor profesional de materias primas qu\u00edmicas inorg\u00e1nicas, <span style=\"color: #0000ff;\"><a style=\"color: #0000ff;\" href=\"https:\/\/vimaterial.de\/en\/contact-us\/\">cont\u00e1ctenos<\/a><\/span> para cualquiera de sus necesidades. <\/p>\n<h2><span style=\"font-size: 14pt;\">Propiedades f\u00edsicas<\/span><\/h2>\n<p>F\u00f3rmula molecular: VAl<\/p>\n<p>Peso molecular: alrededor de 39<\/p>\n<p>Aspecto: polvo gris plateado<\/p>\n<h2><span style=\"font-size: 14pt;\">Aplicaciones<\/span><\/h2>\n<p>Aeroespacial: Los polvos de VAl se utilizan en la fabricaci\u00f3n de hidroaviones y planeadores acu\u00e1ticos, etc. Su alta dureza, elasticidad, resistencia al agua de mar y ligereza cumplen con los estrictos requisitos de los equipos aeroespaciales. <\/p>\n<p>Metalurgia: Como aleaci\u00f3n intermedia, el polvo de VAl se utiliza principalmente como aditivo elemental en la producci\u00f3n de aleaciones de titanio, aleaciones de alta temperatura y algunas aleaciones especiales, que pueden mejorar efectivamente el rendimiento de las aleaciones.<\/p>\n<p>Impresi\u00f3n 3D: El polvo de VAl se puede utilizar como materia prima para la impresi\u00f3n 3D de polvos met\u00e1licos para la fabricaci\u00f3n de piezas con formas complejas y requisitos de alto rendimiento.<\/p>\n<h2><span style=\"font-size: 14pt;\">Control de calidad<\/span><\/h2>\n<p><span style=\"color: #0000ff;\"><a style=\"color: #0000ff;\" href=\"https:\/\/vimaterial.de\/en\/quality-control\/\">Cada lote<\/a> <\/span>de productos sigue estrictos principios de control de calidad, asegurando que cada lote de materiales de la compra de materias primas, el procesamiento y los productos terminados fuera del almac\u00e9n est\u00e9n equipados con instrumentos avanzados, estrictos est\u00e1ndares de inspecci\u00f3n y registros de inspecci\u00f3n perfectos para garantizar que la calidad del producto se pueda controlar y la trazabilidad del producto, y cada lote de productos va acompa\u00f1ado de MSDS,  Informes COA, TDS, PSD y XRD, etc. Tambi\u00e9n proporcionamos muestras de cada lote de productos. Cada lote de productos proporcionar\u00e1 muestras a los clientes, tambi\u00e9n apoyar\u00e1 a los clientes para solicitar a organizaciones de prueba de terceros que prueben los productos.  <\/p>\n<h2><span style=\"font-size: 14pt;\">Embalaje y almacenamiento<\/span><\/h2>\n<p>El polvo de aluminio y vanadio se envasa en bolsas de vac\u00edo de doble capa o botellas de vac\u00edo de doble capa con cajas de cart\u00f3n exteriores. El tama\u00f1o del embalaje es de 250 g, 500 g, 1 kg o 25 kg. <\/p>\n<p>El polvo de aluminio y vanadio debe almacenarse en un ambiente seco, bien ventilado y fresco para evitar la humedad, el contacto con oxidantes y \u00e1cidos fuertes y, al mismo tiempo, para evitar que el polvo vuele, lejos de fuentes de ignici\u00f3n y calor, es mejor usar recipientes sellados para el almacenamiento.<\/p>\n","protected":false},"excerpt":{"rendered":"<p><span style=\"color: #0000ff;\"><a style=\"color: #0000ff;\" href=\"https:\/\/vimaterial.de\/en\/product\/vanadium-aluminum-sputtering-target\/\">Aluminio vanadio<\/a><\/span> El polvo es un polvo met\u00e1lico compuesto de vanadio y aluminio, de color gris plateado, con alta resistencia y buena estabilidad t\u00e9rmica, utilizado principalmente en el campo aeroespacial para fabricar componentes estructurales de alta temperatura, en la industria metal\u00fargica como aditivo de aleaci\u00f3n para mejorar las propiedades de la aleaci\u00f3n.<\/p>\n","protected":false},"featured_media":1001061,"comment_status":"open","ping_status":"closed","template":"","meta":{"_acf_changed":false},"product_brand":[],"product_cat":[193],"product_tag":[],"class_list":{"0":"post-1012542","1":"product","2":"type-product","3":"status-publish","4":"has-post-thumbnail","6":"product_cat-polvo-de-aleaciones-y-metales-puros","8":"first","9":"instock","10":"shipping-taxable","11":"product-type-variable"},"acf":[],"_links":{"self":[{"href":"https:\/\/vimaterial.de\/es\/wp-json\/wp\/v2\/product\/1012542","targetHints":{"allow":["GET"]}}],"collection":[{"href":"https:\/\/vimaterial.de\/es\/wp-json\/wp\/v2\/product"}],"about":[{"href":"https:\/\/vimaterial.de\/es\/wp-json\/wp\/v2\/types\/product"}],"replies":[{"embeddable":true,"href":"https:\/\/vimaterial.de\/es\/wp-json\/wp\/v2\/comments?post=1012542"}],"wp:featuredmedia":[{"embeddable":true,"href":"https:\/\/vimaterial.de\/es\/wp-json\/wp\/v2\/media\/1001061"}],"wp:attachment":[{"href":"https:\/\/vimaterial.de\/es\/wp-json\/wp\/v2\/media?parent=1012542"}],"wp:term":[{"taxonomy":"product_brand","embeddable":true,"href":"https:\/\/vimaterial.de\/es\/wp-json\/wp\/v2\/product_brand?post=1012542"},{"taxonomy":"product_cat","embeddable":true,"href":"https:\/\/vimaterial.de\/es\/wp-json\/wp\/v2\/product_cat?post=1012542"},{"taxonomy":"product_tag","embeddable":true,"href":"https:\/\/vimaterial.de\/es\/wp-json\/wp\/v2\/product_tag?post=1012542"}],"curies":[{"name":"wp","href":"https:\/\/api.w.org\/{rel}","templated":true}]}}