{"id":1012524,"date":"2024-06-17T14:31:08","date_gmt":"2024-06-17T06:31:08","guid":{"rendered":"https:\/\/vimaterial.de\/product\/vanadio-aluminio\/"},"modified":"2025-04-17T17:26:52","modified_gmt":"2025-04-17T09:26:52","slug":"vanadio-aluminio","status":"publish","type":"product","link":"https:\/\/vimaterial.de\/es\/product\/vanadio-aluminio\/","title":{"rendered":"Aluminio Vanadio"},"content":{"rendered":"<p>El objetivo de pulverizaci\u00f3n cat\u00f3dica de <span style=\"color: #0000ff;\"><a style=\"color: #0000ff;\" href=\"https:\/\/vimaterial.de\/en\/product\/vanadium-aluminum\/\">vanadio y aluminio<\/a> <\/span>es un objetivo de pulverizaci\u00f3n cat\u00f3dica de aleaci\u00f3n compuesto de vanadio y aluminio, que tiene las caracter\u00edsticas de alta pureza, alta densidad, buena conductividad el\u00e9ctrica y estabilidad t\u00e9rmica, y se puede utilizar para preparar pel\u00edculas delgadas en los campos de semiconductores y dispositivos electr\u00f3nicos.<\/p>\n<p>VIMATERIAL suministra objetivos de pulverizaci\u00f3n cat\u00f3dica de vanadio y aluminio. Nuestros objetivos de pulverizaci\u00f3n cat\u00f3dica de boruro de vanadio tienen las ventajas de alta pureza, alta densidad, bajo tama\u00f1o de part\u00edcula, espesor de pel\u00edcula uniforme, alta eficiencia y personalizaci\u00f3n. Nuestra empresa puede proporcionar un servicio de encuadernaci\u00f3n de objetivos, somos un proveedor profesional de materias primas qu\u00edmicas inorg\u00e1nicas, <span style=\"color: #0000ff;\"><a style=\"color: #0000ff;\" href=\"https:\/\/vimaterial.de\/en\/contact-us\/\">cont\u00e1ctenos<\/a><\/span> si tiene alguna necesidad.  <\/p>\n<h2><span style=\"font-size: 14pt;\">Propiedades f\u00edsicas<\/span><\/h2>\n<p>F\u00f3rmula molecular: VAl<\/p>\n<p>Peso molecular: alrededor de 77.92<\/p>\n<p>Aspecto: generalmente objetivo de metal gris plateado<\/p>\n<p>Estructura cristalina: estructura c\u00fabica centrada en el cuerpo o estructura c\u00fabica centrada en la cara<\/p>\n<h2><span style=\"font-size: 14pt;\">Aplicaciones<\/span><\/h2>\n<p>Campo semiconductor: se utiliza para fabricar capas met\u00e1licas de chips semiconductores, como capa conductora, capa de barrera, etc., para garantizar el funcionamiento de alto rendimiento del chip.<\/p>\n<p>Campo de visualizaci\u00f3n de pantalla plana: se puede utilizar como capa reflectante y materiales de capa conductora para la preparaci\u00f3n de pel\u00edculas delgadas como electrodos en paneles de visualizaci\u00f3n y pantallas t\u00e1ctiles.<\/p>\n<p>Campo de almacenamiento de informaci\u00f3n: involucrado en la fabricaci\u00f3n de discos duros, discos \u00f3pticos y otros dispositivos de almacenamiento en la pel\u00edcula, para mejorar la densidad de almacenamiento y la velocidad de lectura y escritura.<\/p>\n<p>Campo de c\u00e9lulas solares: Ayuda a preparar electrodos y pel\u00edculas reductoras de reflexi\u00f3n para c\u00e9lulas solares, etc., y mejora la eficiencia de conversi\u00f3n fotoel\u00e9ctrica de las c\u00e9lulas.<\/p>\n<p>Campo de dispositivos electr\u00f3nicos: se utiliza en la preparaci\u00f3n de electrodos y materiales de interconexi\u00f3n en dispositivos de control electr\u00f3nico, etc., para garantizar la transmisi\u00f3n eficiente de se\u00f1ales electr\u00f3nicas.<\/p>\n<h2><span style=\"font-size: 14pt;\">Control de calidad<\/span><\/h2>\n<p><span style=\"color: #0000ff;\"><a style=\"color: #0000ff;\" href=\"https:\/\/vimaterial.de\/en\/quality-control\/\">Cada lote<\/a><\/span> de productos sigue estrictos principios de control de calidad, asegurando que cada lote de materiales de la compra de materias primas, el procesamiento y los productos terminados fuera del almac\u00e9n est\u00e9n equipados con instrumentos avanzados, estrictos est\u00e1ndares de inspecci\u00f3n y registros de inspecci\u00f3n perfectos para garantizar que la calidad del producto se pueda controlar y la trazabilidad del producto, y cada lote de productos va acompa\u00f1ado de MSDS,  Informes COA, TDS, PSD y XRD, etc. Tambi\u00e9n proporcionamos muestras de cada lote de productos. Cada lote de productos proporcionar\u00e1 muestras a los clientes, tambi\u00e9n apoyar\u00e1 a los clientes para solicitar a organizaciones de prueba de terceros que prueben los productos.  <\/p>\n<h2><span style=\"font-size: 14pt;\">Embalaje y almacenamiento<\/span><\/h2>\n<p>Los objetivos de pulverizaci\u00f3n cat\u00f3dica de vanadio y aluminio se empaquetan en bolsas de vac\u00edo dobles y se empaquetan en cajas de cart\u00f3n.<\/p>\n<p>Los objetivos de pulverizaci\u00f3n cat\u00f3dica de vanadio y aluminio deben almacenarse en un entorno seco, bien ventilado, con temperatura estabilizada y limpio, protegido de la humedad, la oxidaci\u00f3n, las impurezas y el impacto f\u00edsico.<\/p>\n","protected":false},"excerpt":{"rendered":"<p>El objetivo de pulverizaci\u00f3n cat\u00f3dica de <span style=\"color: #0000ff;\"><a style=\"color: #0000ff;\" href=\"https:\/\/vimaterial.de\/en\/product\/vanadium-aluminum\/\">vanadio y aluminio<\/a> <\/span>es un objetivo de pulverizaci\u00f3n cat\u00f3dica de aleaci\u00f3n compuesto de vanadio y aluminio, que tiene las caracter\u00edsticas de alta pureza, alta densidad, buena conductividad el\u00e9ctrica y estabilidad t\u00e9rmica, y se puede utilizar para preparar pel\u00edculas delgadas en los campos de semiconductores y dispositivos electr\u00f3nicos.<\/p>\n","protected":false},"featured_media":1001068,"comment_status":"open","ping_status":"closed","template":"","meta":{"_acf_changed":false},"product_brand":[],"product_cat":[178],"product_tag":[],"class_list":{"0":"post-1012524","1":"product","2":"type-product","3":"status-publish","4":"has-post-thumbnail","6":"product_cat-catodos-para-sputtering-planar","8":"first","9":"instock","10":"shipping-taxable","11":"product-type-variable"},"acf":[],"_links":{"self":[{"href":"https:\/\/vimaterial.de\/es\/wp-json\/wp\/v2\/product\/1012524","targetHints":{"allow":["GET"]}}],"collection":[{"href":"https:\/\/vimaterial.de\/es\/wp-json\/wp\/v2\/product"}],"about":[{"href":"https:\/\/vimaterial.de\/es\/wp-json\/wp\/v2\/types\/product"}],"replies":[{"embeddable":true,"href":"https:\/\/vimaterial.de\/es\/wp-json\/wp\/v2\/comments?post=1012524"}],"wp:featuredmedia":[{"embeddable":true,"href":"https:\/\/vimaterial.de\/es\/wp-json\/wp\/v2\/media\/1001068"}],"wp:attachment":[{"href":"https:\/\/vimaterial.de\/es\/wp-json\/wp\/v2\/media?parent=1012524"}],"wp:term":[{"taxonomy":"product_brand","embeddable":true,"href":"https:\/\/vimaterial.de\/es\/wp-json\/wp\/v2\/product_brand?post=1012524"},{"taxonomy":"product_cat","embeddable":true,"href":"https:\/\/vimaterial.de\/es\/wp-json\/wp\/v2\/product_cat?post=1012524"},{"taxonomy":"product_tag","embeddable":true,"href":"https:\/\/vimaterial.de\/es\/wp-json\/wp\/v2\/product_tag?post=1012524"}],"curies":[{"name":"wp","href":"https:\/\/api.w.org\/{rel}","templated":true}]}}