{"id":1012494,"date":"2024-06-17T14:31:12","date_gmt":"2024-06-17T06:31:12","guid":{"rendered":"https:\/\/vimaterial.de\/product\/boruro-de-vanadio-2\/"},"modified":"2025-04-17T17:22:41","modified_gmt":"2025-04-17T09:22:41","slug":"boruro-de-vanadio-2","status":"publish","type":"product","link":"https:\/\/vimaterial.de\/es\/product\/boruro-de-vanadio-2\/","title":{"rendered":"Borida de vanadio"},"content":{"rendered":"<p>El objetivo de pulverizaci\u00f3n cat\u00f3dica de <span style=\"color: #0000ff;\"><a style=\"color: #0000ff;\" href=\"https:\/\/vimaterial.de\/en\/product\/vanadium-boride\/\">boruro de vanadio<\/a><\/span> es un material de diboruro de vanadio con alto punto de fusi\u00f3n, alta dureza, alta conductividad el\u00e9ctrica y estabilidad qu\u00edmica, que se usa ampliamente en la fabricaci\u00f3n de chips semiconductores para la preparaci\u00f3n de capas conductoras y de barrera, electrodos y materiales de interconexi\u00f3n en dispositivos electr\u00f3nicos, mejora de la transmitancia y pel\u00edculas altamente reflectantes en el campo \u00f3ptico, as\u00ed como recubrimientos duros para mejorar la dureza de las superficies del material y el desgaste resistencia.<\/p>\n<p>VIMATERIAL suministra blancos de pulverizaci\u00f3n cat\u00f3dica de boruro de vanadio. Nuestros objetivos de pulverizaci\u00f3n cat\u00f3dica de boruro de vanadio se caracterizan por su alta pureza, alta densidad, tama\u00f1o de grano fino y uniforme, composici\u00f3n estable, velocidad de pulverizaci\u00f3n cat\u00f3dica r\u00e1pida y alta calidad de pel\u00edcula. Nuestra empresa puede proporcionar un servicio de encuadernaci\u00f3n de objetivos, somos un proveedor profesional de materias primas qu\u00edmicas inorg\u00e1nicas, <span style=\"color: #0000ff;\"><a style=\"color: #0000ff;\" href=\"https:\/\/vimaterial.de\/en\/contact-us\/\">cont\u00e1ctenos<\/a><\/span> si tiene alguna necesidad.  <\/p>\n<h2><span style=\"font-size: 14pt;\">Propiedades f\u00edsicas<\/span><\/h2>\n<p>F\u00f3rmula molecular: VB\u2082<\/p>\n<p>Peso molecular: 72.56<\/p>\n<p>Aspecto: generalmente blanco gris o negro<\/p>\n<p>Densidad: 5,10 g\/cm\u00b3<\/p>\n<p>Punto de fusi\u00f3n: 2980 \u00b0C<\/p>\n<p>Estructura cristalina: Estructura cristalina hexagonal<\/p>\n<h2><span style=\"font-size: 14pt;\">Aplicaciones<\/span><\/h2>\n<p>Campo semiconductor: El objetivo de pulverizaci\u00f3n cat\u00f3dica de boruro de vanadio es un poderoso asistente en la fabricaci\u00f3n de chips semiconductores, a trav\u00e9s del proceso de pulverizaci\u00f3n cat\u00f3dica, puede construir una capa de barrera precisa y estable para el chip, bloqueando la difusi\u00f3n de impurezas y garantizando un funcionamiento de alto rendimiento del chip.<\/p>\n<p>En el campo de los dispositivos electr\u00f3nicos: En la producci\u00f3n de dispositivos electr\u00f3nicos, se utiliza para preparar electrodos y materiales de interconexi\u00f3n, lo que garantiza una transmisi\u00f3n de se\u00f1ales electr\u00f3nicas de alta velocidad y sin p\u00e9rdidas en virtud de su excelente conductividad y mejora el rendimiento general del producto.<\/p>\n<p>Instrumentos \u00f3pticos: Para la producci\u00f3n de lentes \u00f3pticas, los objetivos de pulverizaci\u00f3n cat\u00f3dica de boruro de vanadio pueden pulverizar pel\u00edculas delgadas especiales, que no solo pueden mejorar la transmitancia de las lentes para lograr im\u00e1genes de alta definici\u00f3n, sino que tambi\u00e9n satisfacen las necesidades de recubrimientos \u00f3pticos con altas propiedades reflectantes.<\/p>\n<p>Recubrimiento duro: Al aplicar recubrimientos duros a herramientas como cuchillos y moldes, la dureza del recubrimiento se dispara, mejorando en gran medida la resistencia al desgaste, extendiendo efectivamente la vida \u00fatil de la herramienta y reduciendo los costos de producci\u00f3n.<\/p>\n<h2><span style=\"font-size: 14pt;\">Control de calidad<\/span><\/h2>\n<p><span style=\"color: #0000ff;\"><a style=\"color: #0000ff;\" href=\"https:\/\/vimaterial.de\/en\/quality-control\/\">Cada lote<\/a><\/span> de productos sigue estrictos principios de control de calidad, asegurando que cada lote de materiales de la compra de materias primas, el procesamiento y los productos terminados fuera del almac\u00e9n est\u00e9n equipados con instrumentos avanzados, estrictos est\u00e1ndares de inspecci\u00f3n y registros de inspecci\u00f3n perfectos para garantizar que la calidad del producto se pueda controlar y la trazabilidad del producto, y cada lote de productos va acompa\u00f1ado de MSDS,  Informes COA, TDS, PSD y XRD, etc. Tambi\u00e9n proporcionamos muestras de cada lote de productos. Cada lote de productos proporcionar\u00e1 muestras a los clientes, tambi\u00e9n apoyar\u00e1 a los clientes para solicitar a organizaciones de prueba de terceros que prueben los productos.  <\/p>\n<h2><span style=\"font-size: 14pt;\">Embalaje y almacenamiento<\/span><\/h2>\n<p>Los objetivos de pulverizaci\u00f3n cat\u00f3dica de boruro de vanadio se empaquetan en bolsas de vac\u00edo dobles y se empaquetan en cajas de cart\u00f3n exteriores.<\/p>\n<p>Los blancos de pulverizaci\u00f3n cat\u00f3dica de boruro de vanadio deben almacenarse en un ambiente seco, fresco y bien ventilado, evitando la humedad, la oxidaci\u00f3n, evitando da\u00f1os f\u00edsicos al objetivo, y deben mantenerse alejados de fuentes de ignici\u00f3n y sustancias corrosivas.<\/p>\n","protected":false},"excerpt":{"rendered":"<p>El objetivo de pulverizaci\u00f3n cat\u00f3dica de <span style=\"color: #0000ff;\"><a style=\"color: #0000ff;\" href=\"https:\/\/vimaterial.de\/en\/product\/vanadium-boride\/\">boruro de vanadio<\/a><\/span> es un material de diboruro de vanadio con alto punto de fusi\u00f3n, alta dureza, alta conductividad el\u00e9ctrica y estabilidad qu\u00edmica, que se usa ampliamente en la fabricaci\u00f3n de chips semiconductores para la preparaci\u00f3n de capas conductoras y de barrera, electrodos y materiales de interconexi\u00f3n en dispositivos electr\u00f3nicos, mejora de la transmitancia y pel\u00edculas altamente reflectantes en el campo \u00f3ptico, as\u00ed como recubrimientos duros para mejorar la dureza de las superficies del material y el desgaste resistencia.<\/p>\n","protected":false},"featured_media":1001075,"comment_status":"open","ping_status":"closed","template":"","meta":{"_acf_changed":false},"product_brand":[],"product_cat":[178],"product_tag":[],"class_list":{"0":"post-1012494","1":"product","2":"type-product","3":"status-publish","4":"has-post-thumbnail","6":"product_cat-catodos-para-sputtering-planar","8":"first","9":"instock","10":"shipping-taxable","11":"product-type-variable"},"acf":[],"_links":{"self":[{"href":"https:\/\/vimaterial.de\/es\/wp-json\/wp\/v2\/product\/1012494","targetHints":{"allow":["GET"]}}],"collection":[{"href":"https:\/\/vimaterial.de\/es\/wp-json\/wp\/v2\/product"}],"about":[{"href":"https:\/\/vimaterial.de\/es\/wp-json\/wp\/v2\/types\/product"}],"replies":[{"embeddable":true,"href":"https:\/\/vimaterial.de\/es\/wp-json\/wp\/v2\/comments?post=1012494"}],"wp:featuredmedia":[{"embeddable":true,"href":"https:\/\/vimaterial.de\/es\/wp-json\/wp\/v2\/media\/1001075"}],"wp:attachment":[{"href":"https:\/\/vimaterial.de\/es\/wp-json\/wp\/v2\/media?parent=1012494"}],"wp:term":[{"taxonomy":"product_brand","embeddable":true,"href":"https:\/\/vimaterial.de\/es\/wp-json\/wp\/v2\/product_brand?post=1012494"},{"taxonomy":"product_cat","embeddable":true,"href":"https:\/\/vimaterial.de\/es\/wp-json\/wp\/v2\/product_cat?post=1012494"},{"taxonomy":"product_tag","embeddable":true,"href":"https:\/\/vimaterial.de\/es\/wp-json\/wp\/v2\/product_tag?post=1012494"}],"curies":[{"name":"wp","href":"https:\/\/api.w.org\/{rel}","templated":true}]}}