{"id":1012491,"date":"2024-06-17T14:31:08","date_gmt":"2024-06-17T06:31:08","guid":{"rendered":"https:\/\/vimaterial.de\/product\/boruro-de-vanadio\/"},"modified":"2025-04-17T17:24:24","modified_gmt":"2025-04-17T09:24:24","slug":"boruro-de-vanadio","status":"publish","type":"product","link":"https:\/\/vimaterial.de\/es\/product\/boruro-de-vanadio\/","title":{"rendered":"Borida de vanadio"},"content":{"rendered":"<p>El polvo de <span style=\"color: #0000ff;\"><a style=\"color: #0000ff;\" href=\"https:\/\/vimaterial.de\/en\/product\/vanadium-boride-sputtering-target\/\">boruro de vanadio<\/a><\/span> es un polvo compuesto inorg\u00e1nico compuesto de boro y vanadio, generalmente de color negro o gris, con propiedades como alta dureza, alto punto de fusi\u00f3n y buena conductividad el\u00e9ctrica, tiene una amplia gama de aplicaciones en muchos campos, como materiales resistentes al desgaste, materiales cer\u00e1micos y electr\u00f3nica.<\/p>\n<p>VIMATERIAL suministra polvo de boruro de vanadio, nuestra empresa suministra polvo de boruro de vanadio con alta pureza, bajas impurezas, tama\u00f1o de part\u00edcula uniforme y regular, excelentes caracter\u00edsticas de calidad, nuestro servicio postventa es bueno, el producto se empaqueta en paquetes peque\u00f1os, pedidos de lotes peque\u00f1os, stock suficiente, acepta personalizaci\u00f3n de productos y experimentos. Somos un proveedor profesional de materias primas qu\u00edmicas inorg\u00e1nicas, <span style=\"color: #0000ff;\"><a style=\"color: #0000ff;\" href=\"https:\/\/vimaterial.de\/en\/contact-us\/\">cont\u00e1ctenos<\/a><\/span> para cualquiera de sus necesidades. <\/p>\n<h2><span style=\"font-size: 14pt;\">Propiedades f\u00edsicas<\/span><\/h2>\n<p>F\u00f3rmula molecular: VB\u2082<\/p>\n<p>Peso molecular: 72,56 g\/mol<\/p>\n<p>Aspecto: polvo gris negro<\/p>\n<p>Densidad: aprox. 5,10 g\/cm\u00b3.<\/p>\n<p>Punto de fusi\u00f3n: alrededor de 2980 \u00b0C<\/p>\n<p>Estructura cristalina: Tiene estructura cristalina hexagonal y pertenece al cristal at\u00f3mico.<\/p>\n<h2><span style=\"font-size: 14pt;\">Aplicaciones<\/span><\/h2>\n<p>Aeroespacial: El polvo de boruro de vanadio se utiliza en la fabricaci\u00f3n de piezas resistentes a altas temperaturas para motores aeron\u00e1uticos, donde su alto punto de fusi\u00f3n garantiza la estabilidad estructural a temperaturas extremadamente altas y facilita el funcionamiento eficiente de las aeronaves.<\/p>\n<p>Automoci\u00f3n: El polvo se a\u00f1ade a componentes clave como pistones y cilindros de los motores de automoci\u00f3n para reducir el desgaste de los componentes y prolongar la vida \u00fatil de los autom\u00f3viles debido a su excelente resistencia al desgaste.<\/p>\n<p>Industria electr\u00f3nica: Como componente clave en la disipaci\u00f3n de calor de los componentes electr\u00f3nicos, el polvo de boruro de vanadio se utiliza por su excelente conductividad t\u00e9rmica para disipar r\u00e1pidamente el calor y garantizar el funcionamiento estable de los productos electr\u00f3nicos.<\/p>\n<p>Campo de almacenamiento de energ\u00eda: fabricado en nuevos materiales de electrodos de bater\u00eda, bas\u00e1ndose en las propiedades electroqu\u00edmicas \u00fanicas, de modo que la bater\u00eda tenga una mayor eficiencia y capacidad de carga y descarga, para promover el desarrollo de nuevas energ\u00edas.<\/p>\n<p>Campo de procesamiento de cer\u00e1mica: integrado en piezas en bruto cer\u00e1micas, con sus caracter\u00edsticas de alta dureza, para mejorar las propiedades resistentes al desgaste y a los ara\u00f1azos de las cer\u00e1micas terminadas, ampliando los escenarios de aplicaci\u00f3n de cer\u00e1mica de alta gama.<\/p>\n<h2><span style=\"font-size: 14pt;\">Control de calidad<\/span><\/h2>\n<p><span style=\"color: #0000ff;\"><a style=\"color: #0000ff;\" href=\"https:\/\/vimaterial.de\/en\/quality-control\/\">Cada lote<\/a><\/span> de productos sigue estrictos principios de control de calidad, asegurando que cada lote de materiales de la compra de materias primas, el procesamiento y los productos terminados fuera del almac\u00e9n est\u00e9n equipados con instrumentos avanzados, estrictos est\u00e1ndares de inspecci\u00f3n y registros de inspecci\u00f3n perfectos para garantizar que la calidad del producto se pueda controlar y la trazabilidad del producto, y cada lote de productos va acompa\u00f1ado de MSDS,  Informes COA, TDS, PSD y XRD, etc. Tambi\u00e9n proporcionamos muestras de cada lote de productos. Cada lote de productos proporcionar\u00e1 muestras a los clientes, tambi\u00e9n apoyar\u00e1 a los clientes para solicitar a organizaciones de prueba de terceros que prueben los productos.  <\/p>\n<h2><span style=\"font-size: 14pt;\">Embalaje y almacenamiento<\/span><\/h2>\n<p>El polvo de boruro de vanadio se envasa en una bolsa de vac\u00edo de doble capa o en una botella de vac\u00edo de doble capa con cart\u00f3n exterior. El tama\u00f1o del embalaje es de 250 g, 500 g, 1 kg o 25 kg. <\/p>\n<p>El polvo de boruro de vanadio debe almacenarse en un ambiente seco, fresco y bien ventilado para evitar la humedad y la oxidaci\u00f3n, y debe mantenerse alejado del fuego y las fuentes de calor, y separado de agentes oxidantes fuertes, \u00e1cidos y otras sustancias que puedan reaccionar.<\/p>\n","protected":false},"excerpt":{"rendered":"<p>El polvo de <span style=\"color: #0000ff;\"><a style=\"color: #0000ff;\" href=\"https:\/\/vimaterial.de\/en\/product\/vanadium-boride-sputtering-target\/\">boruro de vanadio<\/a><\/span> es un polvo compuesto inorg\u00e1nico compuesto de boro y vanadio, generalmente de color negro o gris, con propiedades como alta dureza, alto punto de fusi\u00f3n y buena conductividad el\u00e9ctrica, tiene una amplia gama de aplicaciones en muchos campos, como materiales resistentes al desgaste, materiales cer\u00e1micos y electr\u00f3nica.<\/p>\n","protected":false},"featured_media":1001075,"comment_status":"open","ping_status":"closed","template":"","meta":{"_acf_changed":false},"product_brand":[],"product_cat":[183],"product_tag":[],"class_list":{"0":"post-1012491","1":"product","2":"type-product","3":"status-publish","4":"has-post-thumbnail","6":"product_cat-c-n-b-si-materiales","8":"first","9":"instock","10":"shipping-taxable","11":"purchasable","12":"product-type-variable"},"acf":[],"_links":{"self":[{"href":"https:\/\/vimaterial.de\/es\/wp-json\/wp\/v2\/product\/1012491","targetHints":{"allow":["GET"]}}],"collection":[{"href":"https:\/\/vimaterial.de\/es\/wp-json\/wp\/v2\/product"}],"about":[{"href":"https:\/\/vimaterial.de\/es\/wp-json\/wp\/v2\/types\/product"}],"replies":[{"embeddable":true,"href":"https:\/\/vimaterial.de\/es\/wp-json\/wp\/v2\/comments?post=1012491"}],"wp:featuredmedia":[{"embeddable":true,"href":"https:\/\/vimaterial.de\/es\/wp-json\/wp\/v2\/media\/1001075"}],"wp:attachment":[{"href":"https:\/\/vimaterial.de\/es\/wp-json\/wp\/v2\/media?parent=1012491"}],"wp:term":[{"taxonomy":"product_brand","embeddable":true,"href":"https:\/\/vimaterial.de\/es\/wp-json\/wp\/v2\/product_brand?post=1012491"},{"taxonomy":"product_cat","embeddable":true,"href":"https:\/\/vimaterial.de\/es\/wp-json\/wp\/v2\/product_cat?post=1012491"},{"taxonomy":"product_tag","embeddable":true,"href":"https:\/\/vimaterial.de\/es\/wp-json\/wp\/v2\/product_tag?post=1012491"}],"curies":[{"name":"wp","href":"https:\/\/api.w.org\/{rel}","templated":true}]}}