{"id":1012474,"date":"2024-06-17T14:31:13","date_gmt":"2024-06-17T06:31:13","guid":{"rendered":"https:\/\/vimaterial.de\/product\/carburo-de-vanadio-2\/"},"modified":"2025-04-17T17:19:02","modified_gmt":"2025-04-17T09:19:02","slug":"carburo-de-vanadio-2","status":"publish","type":"product","link":"https:\/\/vimaterial.de\/es\/product\/carburo-de-vanadio-2\/","title":{"rendered":"Carburo de vanadio"},"content":{"rendered":"<p>El objetivo de pulverizaci\u00f3n cat\u00f3dica de carburo de vanadio se utiliza para la deposici\u00f3n f\u00edsica de vapor de materiales, puede hacer que las part\u00edculas de carburo de vanadio se depositen en el sustrato durante el proceso de pulverizaci\u00f3n cat\u00f3dica para formar una pel\u00edcula delgada con alta dureza, buena resistencia a la abrasi\u00f3n, estabilidad a alta temperatura y estabilidad qu\u00edmica, que tiene aplicaciones importantes en los campos de herramientas de corte, recubrimientos resistentes a la abrasi\u00f3n y materiales estructurales de alta temperatura.<\/p>\n<p>VIMATERIAL suministra una amplia gama de blancos de pulverizaci\u00f3n cat\u00f3dica de carburo de vanadio. Nuestros objetivos de pulverizaci\u00f3n cat\u00f3dica de carburo de vanadio se caracterizan por su alta pureza, lo que garantiza eficazmente la calidad de las pel\u00edculas depositadas, as\u00ed como por su alta dureza y resistencia al desgaste. Nos hemos dedicado a la investigaci\u00f3n de productos qu\u00edmicos inorg\u00e1nicos durante muchos a\u00f1os, y tambi\u00e9n brindamos servicio de encuadernaci\u00f3n para objetivos de pulverizaci\u00f3n cat\u00f3dica. Contamos con un equipo experimentado y profesional para aceptar personalizaciones y experimentos, <span style=\"color: #0000ff;\"><a style=\"color: #0000ff;\" href=\"https:\/\/vimaterial.de\/en\/contact-us\/\">cont\u00e1ctenos<\/a><\/span> si lo necesita.   <\/p>\n<h2><span style=\"font-size: 14pt;\">Propiedades f\u00edsicas<\/span><\/h2>\n<p>F\u00f3rmula molecular: VC<\/p>\n<p>Peso molecular: 62.95<\/p>\n<p>Aspecto: Por lo general, blanco gris negro<\/p>\n<p>Densidad: Densidad relativa 5.77 (g\/mL, 25\u00b0C)<\/p>\n<p>Punto de fusi\u00f3n: 2810 \u00b0C<\/p>\n<p>Punto de ebullici\u00f3n: 3900\u00b0C<\/p>\n<p>Estructura cristalina: sistema de cristal c\u00fabico de cloruro de sodio<\/p>\n<h2><span style=\"font-size: 14pt;\">Aplicaciones<\/span><\/h2>\n<p>Campo de herramientas de corte: el objetivo de pulverizaci\u00f3n cat\u00f3dica de carburo de vanadio se utiliza para el recubrimiento de la herramienta de corte, la pel\u00edcula delgada de carburo de vanadio formada por pulverizaci\u00f3n cat\u00f3dica puede mejorar la dureza y la resistencia al desgaste de la herramienta, mejorando efectivamente el rendimiento de corte y la vida \u00fatil de la herramienta.<\/p>\n<p>Industria electr\u00f3nica: aplicado a la superficie de los componentes electr\u00f3nicos, utilizando su buena conductividad el\u00e9ctrica y estabilidad qu\u00edmica, ayuda a mejorar el rendimiento de los dispositivos electr\u00f3nicos, para garantizar la transmisi\u00f3n de se\u00f1ales y la estabilidad de los componentes.<\/p>\n<p>Aeroespacial: Proporciona recubrimientos para componentes aeroespaciales para hacerlos resistentes al desgaste, al calor y a la corrosi\u00f3n, para garantizar la estabilidad estructural en entornos extremos y mejorar la seguridad de los vuelos.<\/p>\n<p>Automoci\u00f3n: La pulverizaci\u00f3n cat\u00f3dica de la pel\u00edcula objetivo en componentes clave, como motores y transmisiones de autom\u00f3viles, puede mejorar las propiedades de resistencia al desgaste de los componentes y mejorar la fiabilidad y la vida \u00fatil de las operaciones automotrices.<\/p>\n<h2><span style=\"font-size: 14pt;\">Control de calidad<\/span><\/h2>\n<p><span style=\"color: #0000ff;\"><a style=\"color: #0000ff;\" href=\"https:\/\/vimaterial.de\/en\/quality-control\/\">Cada lote<\/a><\/span> de productos sigue estrictos principios de control de calidad, en general para garantizar que cada lote de materiales de adquisici\u00f3n de materias primas, procesamiento, productos terminados fuera del almac\u00e9n tengan instrumentos avanzados, est\u00e1ndares de inspecci\u00f3n estrictos, registros de inspecci\u00f3n perfectos, para garantizar que la calidad del producto se pueda controlar y la trazabilidad del producto, cada lote de productos va acompa\u00f1ado de MSDS,  Informes COA, TDS, PSD, XRD, etc., y cada lote de productos se proporcionar\u00e1 con muestras al cliente, tambi\u00e9n apoyamos a los clientes para solicitar a organizaciones de inspecci\u00f3n de terceros que inspeccionen los productos. Proporcionaremos a los clientes muestras de cada lote de productos, y tambi\u00e9n ayudaremos a los clientes a solicitar a organizaciones de inspecci\u00f3n de terceros que inspeccionen los productos. <\/p>\n<h2><span style=\"font-size: 14pt;\">Embalaje y almacenamiento<\/span><\/h2>\n<p>Los objetivos de pulverizaci\u00f3n cat\u00f3dica de carburo de vanadio se empaquetan en bolsas de vac\u00edo dobles y luego se empaquetan en cajas de cart\u00f3n.<\/p>\n<p>Los objetivos de pulverizaci\u00f3n cat\u00f3dica de carburo de vanadio deben almacenarse en un ambiente seco, fresco y bien ventilado, evitando la humedad, el contacto con sustancias corrosivas y previniendo reacciones qu\u00edmicas, y tambi\u00e9n evitando colisiones y extrusiones violentas para garantizar que la integridad y el rendimiento de los objetivos no se da\u00f1en.<\/p>\n","protected":false},"excerpt":{"rendered":"<p>El objetivo de pulverizaci\u00f3n cat\u00f3dica de carburo de vanadio se utiliza para la deposici\u00f3n f\u00edsica de vapor de materiales, puede hacer que las part\u00edculas de carburo de vanadio se depositen en el sustrato durante el proceso de pulverizaci\u00f3n cat\u00f3dica para formar una pel\u00edcula delgada con alta dureza, buena resistencia a la abrasi\u00f3n, estabilidad a alta temperatura y estabilidad qu\u00edmica, que tiene aplicaciones importantes en los campos de herramientas de corte, recubrimientos resistentes a la abrasi\u00f3n y materiales estructurales de alta temperatura.<\/p>\n","protected":false},"featured_media":1041075,"comment_status":"open","ping_status":"closed","template":"","meta":{"_acf_changed":false},"product_brand":[],"product_cat":[178],"product_tag":[],"class_list":{"0":"post-1012474","1":"product","2":"type-product","3":"status-publish","4":"has-post-thumbnail","6":"product_cat-catodos-para-sputtering-planar","8":"first","9":"instock","10":"shipping-taxable","11":"product-type-variable"},"acf":[],"_links":{"self":[{"href":"https:\/\/vimaterial.de\/es\/wp-json\/wp\/v2\/product\/1012474","targetHints":{"allow":["GET"]}}],"collection":[{"href":"https:\/\/vimaterial.de\/es\/wp-json\/wp\/v2\/product"}],"about":[{"href":"https:\/\/vimaterial.de\/es\/wp-json\/wp\/v2\/types\/product"}],"replies":[{"embeddable":true,"href":"https:\/\/vimaterial.de\/es\/wp-json\/wp\/v2\/comments?post=1012474"}],"wp:featuredmedia":[{"embeddable":true,"href":"https:\/\/vimaterial.de\/es\/wp-json\/wp\/v2\/media\/1041075"}],"wp:attachment":[{"href":"https:\/\/vimaterial.de\/es\/wp-json\/wp\/v2\/media?parent=1012474"}],"wp:term":[{"taxonomy":"product_brand","embeddable":true,"href":"https:\/\/vimaterial.de\/es\/wp-json\/wp\/v2\/product_brand?post=1012474"},{"taxonomy":"product_cat","embeddable":true,"href":"https:\/\/vimaterial.de\/es\/wp-json\/wp\/v2\/product_cat?post=1012474"},{"taxonomy":"product_tag","embeddable":true,"href":"https:\/\/vimaterial.de\/es\/wp-json\/wp\/v2\/product_tag?post=1012474"}],"curies":[{"name":"wp","href":"https:\/\/api.w.org\/{rel}","templated":true}]}}