{"id":1012466,"date":"2024-06-17T14:31:12","date_gmt":"2024-06-17T06:31:12","guid":{"rendered":"https:\/\/vimaterial.de\/product\/carburo-de-vanadio\/"},"modified":"2025-04-17T17:20:59","modified_gmt":"2025-04-17T09:20:59","slug":"carburo-de-vanadio","status":"publish","type":"product","link":"https:\/\/vimaterial.de\/es\/product\/carburo-de-vanadio\/","title":{"rendered":"Carburo de vanadio"},"content":{"rendered":"<p><span style=\"color: #0000ff;\"><a style=\"color: #0000ff;\" href=\"https:\/\/vimaterial.de\/en\/product\/vanadium-carbide-2\/\">El polvo de carburo de vanadio<\/a><\/span> es un material en polvo gris negruzco con alta dureza, alta estabilidad t\u00e9rmica y qu\u00edmica, que se usa ampliamente en carburo cementado, herramientas de corte, industria sider\u00fargica, recubrimientos resistentes al desgaste, electr\u00f3nica y catalizadores.<\/p>\n<p>VIMATERIAL suministra una amplia gama de polvos de carburo de vanadio. Nuestros polvos de carburo de vanadio se caracterizan por su alta pureza, tama\u00f1o de part\u00edcula fino y homog\u00e9neo, buena cristalinidad y bajo contenido de impurezas. Hemos estado comprometidos con la investigaci\u00f3n de materias primas qu\u00edmicas inorg\u00e1nicas durante muchos a\u00f1os, contamos con un equipo experimentado y profesional, y aceptamos la personalizaci\u00f3n y la experimentaci\u00f3n, si lo necesita, <span style=\"color: #0000ff;\"><a style=\"color: #0000ff;\" href=\"https:\/\/vimaterial.de\/en\/contact-us\/\">cont\u00e1ctenos<\/a><\/span>.  <\/p>\n<h2><span style=\"font-size: 14pt;\">Propiedades f\u00edsicas<\/span><\/h2>\n<p>F\u00f3rmula molecular: VC<\/p>\n<p>Peso molecular: 62.95<\/p>\n<p>Aspecto: polvo gris negro<\/p>\n<p>Densidad: 5,77 g\/mL (25 \u00b0C)<\/p>\n<p>Punto de fusi\u00f3n: 2810 \u00b0C<\/p>\n<p>Punto de ebullici\u00f3n: 3900\u00b0C<\/p>\n<p>Estructura cristalina: sistema de cristal c\u00fabico tipo cloruro de sodio<\/p>\n<h2><span style=\"font-size: 14pt;\">Aplicaciones<\/span><\/h2>\n<p>Campo de la metalurgia del hierro y el acero: en la producci\u00f3n de acero, el polvo de carburo de vanadio se utiliza como aditivo de aleaci\u00f3n para refinar con precisi\u00f3n el grano del acero, fortalecer la resistencia y la tenacidad del acero y ayudar a crear piezas mec\u00e1nicas y de acero de construcci\u00f3n de alta resistencia.<\/p>\n<p>Fabricaci\u00f3n de carburo cementado: Utilizado en la producci\u00f3n de carburo cementado, el polvo de carburo de vanadio puede optimizar la microestructura de la aleaci\u00f3n, mejorar la dureza y la resistencia al desgaste de las herramientas y moldes de carburo cementado, y prolongar significativamente su vida \u00fatil para satisfacer las necesidades del mecanizado de precisi\u00f3n.<\/p>\n<p>Campo de recubrimiento de superficies: como material de pulverizaci\u00f3n t\u00e9rmica, el polvo de carburo de vanadio puede formar un recubrimiento s\u00faper duro y resistente al desgaste en la superficie de las piezas mec\u00e1nicas, resistiendo eficazmente la abrasi\u00f3n y la corrosi\u00f3n, y proporcionando una &#8220;armadura protectora&#8221; para motores de autom\u00f3viles, bombas y v\u00e1lvulas industriales y otros componentes.<\/p>\n<p>Campo de los semiconductores electr\u00f3nicos: con propiedades el\u00e9ctricas \u00fanicas, el polvo participa en la preparaci\u00f3n de pel\u00edculas semiconductoras, proporcionando un entorno de migraci\u00f3n de portadores estable para los chips electr\u00f3nicos, garantizando el funcionamiento eficiente del chip y promoviendo el desarrollo de la miniaturizaci\u00f3n de productos electr\u00f3nicos.<\/p>\n<p>En el campo de los materiales cer\u00e1micos: integrado en formulaciones cer\u00e1micas finas, el polvo de carburo de vanadio confiere a la cer\u00e1mica una mayor dureza y resistencia a altas temperaturas, lo que la convierte en una opci\u00f3n fiable para aplicaciones de alta temperatura, como los revestimientos de barrera t\u00e9rmica de motores aeroespaciales y los revestimientos de hornos industriales.<\/p>\n<h2><span style=\"font-size: 14pt;\">Control de calidad<\/span><\/h2>\n<p><span style=\"color: #0000ff;\"><a style=\"color: #0000ff;\" href=\"https:\/\/vimaterial.de\/en\/quality-control\/\">Cada lote<\/a><\/span> de productos sigue estrictos principios de control de calidad, en general para garantizar que cada lote de materiales de adquisici\u00f3n de materias primas, procesamiento, productos terminados fuera del almac\u00e9n tengan instrumentos avanzados, est\u00e1ndares de inspecci\u00f3n estrictos, registros de inspecci\u00f3n perfectos, para garantizar que la calidad del producto se pueda controlar y la trazabilidad del producto, cada lote de productos va acompa\u00f1ado de MSDS,  Informes COA, TDS, PSD, XRD, etc., y cada lote de productos se proporcionar\u00e1 con muestras al cliente, tambi\u00e9n apoyamos a los clientes para solicitar a organizaciones de inspecci\u00f3n de terceros que inspeccionen los productos. Proporcionaremos a los clientes muestras de cada lote de productos, y tambi\u00e9n ayudaremos a los clientes a solicitar a organizaciones de inspecci\u00f3n de terceros que inspeccionen los productos. <\/p>\n<h2><span style=\"font-size: 14pt;\">Embalaje y almacenamiento<\/span><\/h2>\n<p>Los polvos de carburo de vanadio se empaquetan en bolsas de doble vac\u00edo o botellas de doble vac\u00edo y luego se empaquetan en cajas de cart\u00f3n.<\/p>\n<p>Los polvos de carburo de vanadio deben almacenarse en un ambiente seco, fresco y bien ventilado, protegidos de la humedad y la reacci\u00f3n qu\u00edmica con el agua o la humedad, lejos del fuego, el calor y los agentes oxidantes fuertes, y protegidos de impactos y fricciones severos para garantizar que la estabilidad y el rendimiento del polvo no se vean afectados.<\/p>\n","protected":false},"excerpt":{"rendered":"<p><span style=\"color: #0000ff;\"><a style=\"color: #0000ff;\" href=\"https:\/\/vimaterial.de\/en\/product\/vanadium-carbide-2\/\">El polvo de carburo de vanadio<\/a><\/span> es un material en polvo gris negruzco con alta dureza, alta estabilidad t\u00e9rmica y qu\u00edmica, que se usa ampliamente en carburo cementado, herramientas de corte, industria sider\u00fargica, recubrimientos resistentes al desgaste, electr\u00f3nica y catalizadores.<\/p>\n","protected":false},"featured_media":1001089,"comment_status":"open","ping_status":"closed","template":"","meta":{"_acf_changed":false},"product_brand":[],"product_cat":[183],"product_tag":[],"class_list":{"0":"post-1012466","1":"product","2":"type-product","3":"status-publish","4":"has-post-thumbnail","6":"product_cat-c-n-b-si-materiales","8":"first","9":"instock","10":"shipping-taxable","11":"purchasable","12":"product-type-variable"},"acf":[],"_links":{"self":[{"href":"https:\/\/vimaterial.de\/es\/wp-json\/wp\/v2\/product\/1012466","targetHints":{"allow":["GET"]}}],"collection":[{"href":"https:\/\/vimaterial.de\/es\/wp-json\/wp\/v2\/product"}],"about":[{"href":"https:\/\/vimaterial.de\/es\/wp-json\/wp\/v2\/types\/product"}],"replies":[{"embeddable":true,"href":"https:\/\/vimaterial.de\/es\/wp-json\/wp\/v2\/comments?post=1012466"}],"wp:featuredmedia":[{"embeddable":true,"href":"https:\/\/vimaterial.de\/es\/wp-json\/wp\/v2\/media\/1001089"}],"wp:attachment":[{"href":"https:\/\/vimaterial.de\/es\/wp-json\/wp\/v2\/media?parent=1012466"}],"wp:term":[{"taxonomy":"product_brand","embeddable":true,"href":"https:\/\/vimaterial.de\/es\/wp-json\/wp\/v2\/product_brand?post=1012466"},{"taxonomy":"product_cat","embeddable":true,"href":"https:\/\/vimaterial.de\/es\/wp-json\/wp\/v2\/product_cat?post=1012466"},{"taxonomy":"product_tag","embeddable":true,"href":"https:\/\/vimaterial.de\/es\/wp-json\/wp\/v2\/product_tag?post=1012466"}],"curies":[{"name":"wp","href":"https:\/\/api.w.org\/{rel}","templated":true}]}}