{"id":1012438,"date":"2024-06-17T14:31:13","date_gmt":"2024-06-17T06:31:13","guid":{"rendered":"https:\/\/vimaterial.de\/product\/cloruro-de-vanadio\/"},"modified":"2025-04-17T17:17:10","modified_gmt":"2025-04-17T09:17:10","slug":"cloruro-de-vanadio","status":"publish","type":"product","link":"https:\/\/vimaterial.de\/es\/product\/cloruro-de-vanadio\/","title":{"rendered":"Cloruro de vanadio"},"content":{"rendered":"<p>El polvo de cloruro de vanadio es un polvo cristalino de color p\u00farpura o rosa, f\u00e1cilmente soluble en agua, paramagn\u00e9tico, a menudo utilizado como precursor para la preparaci\u00f3n de otros complejos de vanadio (III), catalizadores para la s\u00edntesis org\u00e1nica y reactivos para la detecci\u00f3n de opio.<\/p>\n<p>VIMATERIAL suministra polvo de cloruro de vanadio, el polvo de nitruro de vanadio suministrado por nuestra empresa tiene las ventajas de alta pureza, tama\u00f1o de part\u00edcula uniforme, fuerte actividad catal\u00edtica, buena estabilidad, etc. Somos un proveedor profesional de materias primas qu\u00edmicas inorg\u00e1nicas, <span style=\"color: #0000ff;\"><a style=\"color: #0000ff;\" href=\"https:\/\/vimaterial.de\/en\/contact-us\/\">cont\u00e1ctenos<\/a><\/span> para cualquiera de sus necesidades. <\/p>\n<h2><span style=\"font-size: 14pt;\">Propiedades f\u00edsicas<\/span><\/h2>\n<p>F\u00f3rmula molecular: VCl\u2083<\/p>\n<p>Peso molecular: 157.30<\/p>\n<p>Aspecto: s\u00f3lido de color rojo p\u00farpura, sistema cristalino hexagonal, generalmente polvo cristalino o cristales grumosos.<\/p>\n<p>Densidad: Densidad relativa 3.0018 (4\u00b0C)<\/p>\n<p>Punto de fusi\u00f3n: descomposici\u00f3n de 425 \u00b0C<\/p>\n<p>Estructura cristalina: Estructura de triyoduro de bismuto<\/p>\n<h2><span style=\"font-size: 14pt;\">Aplicaciones<\/span><\/h2>\n<p>Campo de s\u00edntesis org\u00e1nica: El polvo de VCl\u2083 es un catalizador altamente eficiente en las reacciones de s\u00edntesis org\u00e1nica y se puede utilizar para catalizar una variedad de reacciones org\u00e1nicas, como la reacci\u00f3n de acoplamiento de pinacol de benzaldeh\u00eddo.<\/p>\n<p>Campo de la ciencia de los materiales: como precursor importante, se puede usar para preparar dicloruro de vanadio y una variedad de compuestos org\u00e1nicos de vanadio, y tambi\u00e9n se puede usar para sintetizar materiales a base de vanadio con propiedades especiales, como aleaciones, cer\u00e1micas y pigmentos de alto rendimiento.<\/p>\n<p>Energ\u00eda: Tiene un papel importante en el desarrollo de bater\u00edas de flujo redox totalmente de vanadio para apoyar el desarrollo de sistemas de energ\u00eda renovable y ayudar a equilibrar la red el\u00e9ctrica.<\/p>\n<p>Campo de pruebas anal\u00edticas: se puede utilizar como reactivo para las pruebas de opio y desempe\u00f1ar un papel en las pruebas de drogas.<\/p>\n<h2><span style=\"font-size: 14pt;\">Control de calidad<\/span><\/h2>\n<p><span style=\"color: #0000ff;\"><a style=\"color: #0000ff;\" href=\"https:\/\/vimaterial.de\/en\/quality-control\/\">Cada lote<\/a><\/span> de productos sigue estrictos principios de control de calidad, asegurando que cada lote de materiales de la compra de materias primas, el procesamiento y los productos terminados fuera del almac\u00e9n est\u00e9n equipados con instrumentos avanzados, estrictos est\u00e1ndares de inspecci\u00f3n y registros de inspecci\u00f3n perfectos para garantizar que la calidad del producto se pueda controlar y la trazabilidad del producto, y cada lote de productos va acompa\u00f1ado de MSDS,  Informes COA, TDS, PSD y XRD, etc. Tambi\u00e9n proporcionamos muestras de cada lote de productos. Cada lote de productos proporcionar\u00e1 muestras a los clientes, tambi\u00e9n apoyar\u00e1 a los clientes para solicitar a organizaciones de prueba de terceros que prueben los productos.  <\/p>\n<h2><span style=\"font-size: 14pt;\">Embalaje y almacenamiento<\/span><\/h2>\n<p>Los polvos de cloruro de vanadio se envasan en bolsas de vac\u00edo dobles o botellas de vac\u00edo dobles con cajas de cart\u00f3n exteriores.<\/p>\n<p>El polvo de cloruro de vanadio debe almacenarse en un ambiente seco, fresco, bien ventilado y sellado, evitando el contacto con agua, aire, agentes oxidantes fuertes y \u00e1lcalis, y lejos de fuentes de ignici\u00f3n y calor, para evitar la humedad, la oxidaci\u00f3n, la descomposici\u00f3n y las reacciones qu\u00edmicas.<\/p>\n","protected":false},"excerpt":{"rendered":"<p>El polvo de cloruro de vanadio es un polvo cristalino de color p\u00farpura o rosa, f\u00e1cilmente soluble en agua, paramagn\u00e9tico, a menudo utilizado como precursor para la preparaci\u00f3n de otros complejos de vanadio (III), catalizadores para la s\u00edntesis org\u00e1nica y reactivos para la detecci\u00f3n de opio.<\/p>\n","protected":false},"featured_media":1001104,"comment_status":"open","ping_status":"closed","template":"","meta":{"_acf_changed":false},"product_brand":[],"product_cat":[182],"product_tag":[],"class_list":{"0":"post-1012438","1":"product","2":"type-product","3":"status-publish","4":"has-post-thumbnail","6":"product_cat-materiales-halogenados","8":"first","9":"instock","10":"shipping-taxable","11":"purchasable","12":"product-type-variable"},"acf":[],"_links":{"self":[{"href":"https:\/\/vimaterial.de\/es\/wp-json\/wp\/v2\/product\/1012438","targetHints":{"allow":["GET"]}}],"collection":[{"href":"https:\/\/vimaterial.de\/es\/wp-json\/wp\/v2\/product"}],"about":[{"href":"https:\/\/vimaterial.de\/es\/wp-json\/wp\/v2\/types\/product"}],"replies":[{"embeddable":true,"href":"https:\/\/vimaterial.de\/es\/wp-json\/wp\/v2\/comments?post=1012438"}],"wp:featuredmedia":[{"embeddable":true,"href":"https:\/\/vimaterial.de\/es\/wp-json\/wp\/v2\/media\/1001104"}],"wp:attachment":[{"href":"https:\/\/vimaterial.de\/es\/wp-json\/wp\/v2\/media?parent=1012438"}],"wp:term":[{"taxonomy":"product_brand","embeddable":true,"href":"https:\/\/vimaterial.de\/es\/wp-json\/wp\/v2\/product_brand?post=1012438"},{"taxonomy":"product_cat","embeddable":true,"href":"https:\/\/vimaterial.de\/es\/wp-json\/wp\/v2\/product_cat?post=1012438"},{"taxonomy":"product_tag","embeddable":true,"href":"https:\/\/vimaterial.de\/es\/wp-json\/wp\/v2\/product_tag?post=1012438"}],"curies":[{"name":"wp","href":"https:\/\/api.w.org\/{rel}","templated":true}]}}