{"id":1012391,"date":"2024-06-17T14:32:02","date_gmt":"2024-06-17T06:32:02","guid":{"rendered":"https:\/\/vimaterial.de\/product\/oxido-de-vanadio-2\/"},"modified":"2025-04-17T17:05:51","modified_gmt":"2025-04-17T09:05:51","slug":"oxido-de-vanadio-2","status":"publish","type":"product","link":"https:\/\/vimaterial.de\/es\/product\/oxido-de-vanadio-2\/","title":{"rendered":"\u00d3xido de vanadio"},"content":{"rendered":"<p>El objetivo de pulverizaci\u00f3n cat\u00f3dica de \u00f3xido de vanadio se utiliza principalmente para la deposici\u00f3n f\u00edsica de vapor, que puede depositar una pel\u00edcula delgada de \u00f3xido de vanadio con modulaci\u00f3n termocr\u00f3mica e infrarroja en la superficie del sustrato, que se utiliza para regular la temperatura interior y la iluminaci\u00f3n en el campo de las ventanas inteligentes, y para el control adaptativo de la se\u00f1al infrarroja en el campo de la detecci\u00f3n infrarroja para muchas aplicaciones.<\/p>\n<p>VIMATERIAL suministra objetivos de pulverizaci\u00f3n cat\u00f3dica de \u00f3xido de vanadio. Nuestros objetivos de pulverizaci\u00f3n cat\u00f3dica de \u00f3xido de vanadio se caracterizan por su alta pureza y buena estabilidad qu\u00edmica. Nos hemos dedicado a la investigaci\u00f3n de materiales qu\u00edmicos inorg\u00e1nicos durante muchos a\u00f1os y tambi\u00e9n brindamos el servicio de encuadernaci\u00f3n de objetivos de pulverizaci\u00f3n cat\u00f3dica. Contamos con un equipo experimentado y profesional para aceptar personalizaciones y experimentos, <span style=\"color: #0000ff;\"><a style=\"color: #0000ff;\" href=\"https:\/\/vimaterial.de\/en\/contact-us\/\">cont\u00e1ctenos<\/a><\/span> si lo necesita.   <\/p>\n<h2><span style=\"font-size: 14pt;\">Propiedades f\u00edsicas<\/span><\/h2>\n<p>F\u00f3rmula molecular: VO\u2082<\/p>\n<p>Peso molecular: 82.94<\/p>\n<p>Aspecto: Por lo general, polvo cristalino de color azul oscuro<\/p>\n<p>Densidad: aprox. 4.260 g\/cm\u00b3.<\/p>\n<p>Punto de fusi\u00f3n: 1545 \u00b0C<\/p>\n<p>Estructura cristalina: estructura cristalina monocl\u00ednica a bajas temperaturas, existen enlaces V-V en forma de pares, formando un estado aislante; cuando la temperatura aumenta hasta el punto de transici\u00f3n de fase (alrededor de 68 \u00b0C), la red cristalina se reconfigura en una fase rutilo, la cadena de emparejamiento V-V se rompe, la simetr\u00eda del cristal aumenta y el grado de libertad del electr\u00f3n para saltar aumenta dr\u00e1sticamente, y el material se manifiesta r\u00e1pidamente como un estado met\u00e1lico.<\/p>\n<h2><span style=\"font-size: 14pt;\">Aplicaciones<\/span><\/h2>\n<p>Ventanas inteligentes: El objetivo de pulverizaci\u00f3n cat\u00f3dica de \u00f3xido de vanadio se utiliza para preparar revestimientos de ventanas inteligentes. Las pel\u00edculas depositadas pueden ajustar autom\u00e1ticamente la tasa de transmitancia \u00f3ptica cuando cambia la temperatura, equilibrando las necesidades de iluminaci\u00f3n interior y aislamiento t\u00e9rmico, y reduciendo el consumo de energ\u00eda de los edificios. <\/p>\n<p>Campo del detector de infrarrojos: al pulverizar el objetivo en la superficie de los detectores infrarrojos para formar una pel\u00edcula delgada, utilizando su respuesta \u00f3ptica especial en la banda infrarroja, puede mejorar efectivamente la sensibilidad del detector a las se\u00f1ales infrarrojas y mejorar la precisi\u00f3n de la detecci\u00f3n.<\/p>\n<p>Campo de almacenamiento \u00f3ptico: el objetivo de pulverizaci\u00f3n cat\u00f3dica VO\u2082 se puede utilizar en la producci\u00f3n de medios de almacenamiento \u00f3ptico, en virtud de su cambio de fase bajo irradiaci\u00f3n l\u00e1ser, puede lograr la escritura y lectura de datos, mejorar la densidad de almacenamiento y la velocidad de lectura y escritura.<\/p>\n<p>Disipaci\u00f3n de calor de dispositivos electr\u00f3nicos: Las pel\u00edculas delgadas generadas por los objetivos de pulverizaci\u00f3n cat\u00f3dica de VO\u2082 se recubren en las superficies de los componentes electr\u00f3nicos para controlar la conductividad t\u00e9rmica utilizando sus propiedades de transici\u00f3n metal-aislante, mejorando efectivamente el rendimiento de disipaci\u00f3n de calor de los dispositivos electr\u00f3nicos y extendiendo su vida \u00fatil.<\/p>\n<h2><span style=\"font-size: 14pt;\">Control de calidad<\/span><\/h2>\n<p><span style=\"color: #0000ff;\"><a style=\"color: #0000ff;\" href=\"https:\/\/vimaterial.de\/en\/quality-control\/\">Cada lote<\/a> <\/span>de productos sigue estrictos principios de control de calidad, en general para garantizar que cada lote de materiales de adquisici\u00f3n de materias primas, procesamiento, productos terminados fuera del almac\u00e9n tengan instrumentos avanzados, est\u00e1ndares de inspecci\u00f3n estrictos, registros de inspecci\u00f3n perfectos, para garantizar que la calidad del producto se pueda controlar y la trazabilidad del producto, cada lote de productos va acompa\u00f1ado de MSDS,  Informes COA, TDS, PSD, XRD, etc., y cada lote de productos se proporcionar\u00e1 con muestras al cliente, tambi\u00e9n apoyamos a los clientes para solicitar a organizaciones de inspecci\u00f3n de terceros que inspeccionen los productos. Proporcionaremos a los clientes muestras de cada lote de productos, y tambi\u00e9n ayudaremos a los clientes a solicitar a organizaciones de inspecci\u00f3n de terceros que inspeccionen los productos. <\/p>\n<h2><span style=\"font-size: 14pt;\">Embalaje y almacenamiento<\/span><\/h2>\n<p>Los objetivos de pulverizaci\u00f3n cat\u00f3dica de \u00f3xido de vanadio se empaquetan en bolsas de vac\u00edo dobles y se empaquetan en cajas, luego se empaquetan en cajas de cart\u00f3n.<\/p>\n<p>Los objetivos de pulverizaci\u00f3n cat\u00f3dica de \u00f3xido de vanadio deben almacenarse en un ambiente seco, fresco y bien ventilado, evitando la humedad, el contacto con sustancias \u00e1cidas o alcalinas para evitar que se deterioren debido a una reacci\u00f3n qu\u00edmica, y evitando la colisi\u00f3n violenta y la extrusi\u00f3n para garantizar la integridad de los objetivos.<\/p>\n","protected":false},"excerpt":{"rendered":"<p>El objetivo de pulverizaci\u00f3n cat\u00f3dica de \u00f3xido de vanadio se utiliza principalmente para la deposici\u00f3n f\u00edsica de vapor, que puede depositar una pel\u00edcula delgada de \u00f3xido de vanadio con modulaci\u00f3n termocr\u00f3mica e infrarroja en la superficie del sustrato, que se utiliza para regular la temperatura interior y la iluminaci\u00f3n en el campo de las ventanas inteligentes, y para el control adaptativo de la se\u00f1al infrarroja en el campo de la detecci\u00f3n infrarroja para muchas aplicaciones.<\/p>\n","protected":false},"featured_media":1041067,"comment_status":"open","ping_status":"closed","template":"","meta":{"_acf_changed":false},"product_brand":[],"product_cat":[178],"product_tag":[],"class_list":{"0":"post-1012391","1":"product","2":"type-product","3":"status-publish","4":"has-post-thumbnail","6":"product_cat-catodos-para-sputtering-planar","8":"first","9":"instock","10":"shipping-taxable","11":"product-type-variable"},"acf":[],"_links":{"self":[{"href":"https:\/\/vimaterial.de\/es\/wp-json\/wp\/v2\/product\/1012391","targetHints":{"allow":["GET"]}}],"collection":[{"href":"https:\/\/vimaterial.de\/es\/wp-json\/wp\/v2\/product"}],"about":[{"href":"https:\/\/vimaterial.de\/es\/wp-json\/wp\/v2\/types\/product"}],"replies":[{"embeddable":true,"href":"https:\/\/vimaterial.de\/es\/wp-json\/wp\/v2\/comments?post=1012391"}],"wp:featuredmedia":[{"embeddable":true,"href":"https:\/\/vimaterial.de\/es\/wp-json\/wp\/v2\/media\/1041067"}],"wp:attachment":[{"href":"https:\/\/vimaterial.de\/es\/wp-json\/wp\/v2\/media?parent=1012391"}],"wp:term":[{"taxonomy":"product_brand","embeddable":true,"href":"https:\/\/vimaterial.de\/es\/wp-json\/wp\/v2\/product_brand?post=1012391"},{"taxonomy":"product_cat","embeddable":true,"href":"https:\/\/vimaterial.de\/es\/wp-json\/wp\/v2\/product_cat?post=1012391"},{"taxonomy":"product_tag","embeddable":true,"href":"https:\/\/vimaterial.de\/es\/wp-json\/wp\/v2\/product_tag?post=1012391"}],"curies":[{"name":"wp","href":"https:\/\/api.w.org\/{rel}","templated":true}]}}