{"id":1012386,"date":"2024-06-17T14:32:01","date_gmt":"2024-06-17T06:32:01","guid":{"rendered":"https:\/\/vimaterial.de\/product\/oxido-de-vanadio\/"},"modified":"2025-04-17T17:10:30","modified_gmt":"2025-04-17T09:10:30","slug":"oxido-de-vanadio","status":"publish","type":"product","link":"https:\/\/vimaterial.de\/es\/product\/oxido-de-vanadio\/","title":{"rendered":"\u00d3xido de vanadio"},"content":{"rendered":"<p><span style=\"color: #0000ff;\"><a style=\"color: #0000ff;\" href=\"https:\/\/vimaterial.de\/en\/product\/vanadium-oxide-sputtering-target\/\">\u00d3xido de vanadio <\/a><\/span>El polvo de VO2 es un polvo azul oscuro o negro, compuesto principalmente de vanadio y ox\u00edgeno, con propiedades termocr\u00f3micas \u00fanicas, tiene una amplia gama de aplicaciones en muchos campos, como ventanas inteligentes, detectores de infrarrojos, termistores, etc.<\/p>\n<p>VIMATERIAL suministra polvo de \u00f3xido de vanadio VO2, el polvo de \u00f3xido de vanadio VO2 suministrado por nuestra empresa tiene las ventajas de alta pureza, tama\u00f1o de part\u00edcula uniforme, buena estabilidad, etc. Somos un proveedor profesional de materias primas qu\u00edmicas inorg\u00e1nicas,<span style=\"color: #0000ff;\"> <a style=\"color: #0000ff;\" href=\"https:\/\/vimaterial.de\/en\/contact-us\/\">cont\u00e1ctenos<\/a> <span style=\"color: #000000;\">para<\/span><\/span><span style=\"color: #000000;\"> una<\/span>de sus necesidades. <\/p>\n<h2><span style=\"font-size: 14pt;\">Propiedades f\u00edsicas<\/span><\/h2>\n<p>F\u00f3rmula molecular: VO\u2082.<\/p>\n<p>Peso molecular: 82.94<\/p>\n<p>Aspecto: polvo de cristal azul oscuro<\/p>\n<p>Densidad: 4.234g\/mL (25\u00b0C)<\/p>\n<p>Punto de fusi\u00f3n: 1640 \u00b0C<\/p>\n<p>Estructura cristalina: estructura cristalina monocl\u00ednica, compuesta por octaedros de VO\u2086 y tetraedros de VO\u2085, los octaedros de VO\u2086 est\u00e1n conectados por co-borde para formar una estructura de cadena, y los tetraedros de VO\u2085 est\u00e1n conectados por co-top para formar una estructura de capa.<\/p>\n<h2><span style=\"font-size: 14pt;\">Aplicaciones<\/span><\/h2>\n<p>Campo de control de temperatura inteligente: el polvo de VO\u2082 se puede utilizar para preparar una pel\u00edcula de control de temperatura inteligente, que se puede aplicar al revestimiento de vidrio de las ventanas de los edificios, al revestimiento transparente de los techos, etc., para lograr el ajuste autom\u00e1tico de la temperatura, a fin de lograr el efecto de calor en invierno y frescor en verano.<\/p>\n<p>Dispositivos electr\u00f3nicos: El polvo de VO\u2082 se puede utilizar como material para dispositivos de conmutaci\u00f3n \u00f3pticos y el\u00e9ctricos debido al cambio repentino en la resistividad y la transmitancia de luz infrarroja en el punto de transici\u00f3n de fase.<\/p>\n<p>Campo de almacenamiento de datos: el polvo de VO\u2082 tiene propiedades \u00f3pticas biestables y se puede utilizar como material para medios de disco \u00f3ptico con propiedades legibles, escribibles y borrables.<\/p>\n<p>Campo del sensor: el polvo de VO\u2082 se puede convertir en termistor, su resistividad con la temperatura de la alta tasa de cambio, tambi\u00e9n se puede utilizar para preparar detectores infrarrojos, sensores de temperatura y otros sensores de tensi\u00f3n de alta sensibilidad.<\/p>\n<h2><span style=\"font-size: 14pt;\">Control de calidad<\/span><\/h2>\n<p><span style=\"color: #0000ff;\"><a style=\"color: #0000ff;\" href=\"https:\/\/vimaterial.de\/en\/quality-control\/\">Cada lote<\/a><\/span> de productos sigue estrictos principios de control de calidad, asegurando que cada lote de materiales de la compra de materias primas, el procesamiento y los productos terminados fuera del almac\u00e9n est\u00e9n equipados con instrumentos avanzados, estrictos est\u00e1ndares de inspecci\u00f3n y registros de inspecci\u00f3n perfectos para garantizar que la calidad del producto se pueda controlar y la trazabilidad del producto, y cada lote de productos va acompa\u00f1ado de MSDS,  Informes COA, TDS, PSD y XRD, etc. Tambi\u00e9n proporcionamos muestras de cada lote de productos. Cada lote de productos proporcionar\u00e1 muestras a los clientes, tambi\u00e9n apoyar\u00e1 a los clientes para solicitar a organizaciones de prueba de terceros que prueben los productos.  <\/p>\n<h2><span style=\"font-size: 14pt;\">Embalaje y almacenamiento<\/span><\/h2>\n<p>Los polvos de \u00f3xido de vanadio VO2 se envasan en bolsas de vac\u00edo dobles o botellas de vac\u00edo dobles con cajas de cart\u00f3n exteriores.<\/p>\n<p>El polvo de \u00f3xido de vanadio VO2 debe almacenarse en un ambiente seco, fresco y bien ventilado, en envases sellados, para evitar la humedad y el contacto con agentes reductores fuertes, \u00e1cidos y otras sustancias que puedan reaccionar, y lejos de fuentes de ignici\u00f3n y calor.<\/p>\n","protected":false},"excerpt":{"rendered":"<p><span style=\"color: #0000ff;\"><a style=\"color: #0000ff;\" href=\"https:\/\/vimaterial.de\/en\/product\/vanadium-oxide-sputtering-target\/\">\u00d3xido de vanadio<\/a><\/span> El polvo de VO2 es un polvo azul oscuro o negro, compuesto principalmente de vanadio y ox\u00edgeno, con propiedades termocr\u00f3micas \u00fanicas, tiene una amplia gama de aplicaciones en muchos campos, como ventanas inteligentes, detectores de infrarrojos, termistores, etc.<\/p>\n","protected":false},"featured_media":1001124,"comment_status":"open","ping_status":"closed","template":"","meta":{"_acf_changed":false},"product_brand":[],"product_cat":[186],"product_tag":[],"class_list":{"0":"post-1012386","1":"product","2":"type-product","3":"status-publish","4":"has-post-thumbnail","6":"product_cat-materiales-de-oxido-hidroxido","8":"first","9":"instock","10":"shipping-taxable","11":"purchasable","12":"product-type-variable"},"acf":[],"_links":{"self":[{"href":"https:\/\/vimaterial.de\/es\/wp-json\/wp\/v2\/product\/1012386","targetHints":{"allow":["GET"]}}],"collection":[{"href":"https:\/\/vimaterial.de\/es\/wp-json\/wp\/v2\/product"}],"about":[{"href":"https:\/\/vimaterial.de\/es\/wp-json\/wp\/v2\/types\/product"}],"replies":[{"embeddable":true,"href":"https:\/\/vimaterial.de\/es\/wp-json\/wp\/v2\/comments?post=1012386"}],"wp:featuredmedia":[{"embeddable":true,"href":"https:\/\/vimaterial.de\/es\/wp-json\/wp\/v2\/media\/1001124"}],"wp:attachment":[{"href":"https:\/\/vimaterial.de\/es\/wp-json\/wp\/v2\/media?parent=1012386"}],"wp:term":[{"taxonomy":"product_brand","embeddable":true,"href":"https:\/\/vimaterial.de\/es\/wp-json\/wp\/v2\/product_brand?post=1012386"},{"taxonomy":"product_cat","embeddable":true,"href":"https:\/\/vimaterial.de\/es\/wp-json\/wp\/v2\/product_cat?post=1012386"},{"taxonomy":"product_tag","embeddable":true,"href":"https:\/\/vimaterial.de\/es\/wp-json\/wp\/v2\/product_tag?post=1012386"}],"curies":[{"name":"wp","href":"https:\/\/api.w.org\/{rel}","templated":true}]}}