{"id":1012372,"date":"2024-06-17T14:32:02","date_gmt":"2024-06-17T06:32:02","guid":{"rendered":"https:\/\/vimaterial.de\/product\/oxido-de-vanadio-oxido-de-wolframio\/"},"modified":"2025-04-17T17:02:02","modified_gmt":"2025-04-17T09:02:02","slug":"oxido-de-vanadio-oxido-de-wolframio","status":"publish","type":"product","link":"https:\/\/vimaterial.de\/es\/product\/oxido-de-vanadio-oxido-de-wolframio\/","title":{"rendered":"\u00d3xido de vanadio-\u00f3xido de tungsteno"},"content":{"rendered":"<p>\u00d3xido de vanadio-\u00f3xido de tungsteno es una mezcla de di\u00f3xido de vanadio y tri\u00f3xido de tungsteno, que se utiliza en la deposici\u00f3n f\u00edsica de vapor para depositar pel\u00edculas delgadas con propiedades termocr\u00f3micas y electrocr\u00f3micas en el sustrato. Se puede utilizar en el campo de las ventanas inteligentes para regular la luz y la temperatura con mayor precisi\u00f3n, y en el campo de las pantallas para lograr la conmutaci\u00f3n flexible de m\u00faltiples estados \u00f3pticos. <\/p>\n<p>VIMATERIAL suministra objetivos de pulverizaci\u00f3n cat\u00f3dica de \u00f3xido de vanadio-\u00f3xido de tungsteno con una pureza del 99,9%. Nuestros objetivos de pulverizaci\u00f3n cat\u00f3dica de \u00f3xido de vanadio-tungsteno tienen las ventajas de temperaturas de cambio de fase ajustables en funci\u00f3n de la temperatura ambiente, propiedades termocr\u00f3micas y electrocr\u00f3micas combinadas, densidades y adhesi\u00f3n de pel\u00edcula mejoradas, y la posibilidad de expandirse a m\u00faltiples aplicaciones y una buena compatibilidad con los procesos existentes. Hemos estado trabajando en la industria qu\u00edmica inorg\u00e1nica durante muchos a\u00f1os. Hemos estado trabajando en productos qu\u00edmicos inorg\u00e1nicos durante muchos a\u00f1os y tambi\u00e9n brindamos servicio de uni\u00f3n de objetivos por pulverizaci\u00f3n cat\u00f3dica. Contamos con un equipo experimentado y profesional para aceptar personalizaciones y experimentos, <span style=\"color: #0000ff;\"><a style=\"color: #0000ff;\" href=\"https:\/\/vimaterial.de\/en\/contact-us\/\">cont\u00e1ctenos<\/a><\/span> si lo necesita.    <\/p>\n<h2><span style=\"font-size: 14pt;\">Propiedades f\u00edsicas<\/span><\/h2>\n<p>F\u00f3rmula molecular: VO2\/WO3<\/p>\n<p>Aspecto: De color azul oscuro a gris<\/p>\n<p>Propiedades el\u00e9ctricas: Combinando las propiedades termocr\u00f3micas del VO\u2082 y las propiedades electrocr\u00f3micas del WO\u2083, las propiedades el\u00e9ctricas son m\u00e1s variadas a diferentes temperaturas y condiciones de campo el\u00e9ctrico, lo que permite una regulaci\u00f3n m\u00e1s flexible de la conductividad.<\/p>\n<p>Propiedades \u00f3pticas: Las propiedades \u00f3pticas de la pel\u00edcula, como la transmitancia y la absorbancia en las regiones de luz visible e infrarroja, se pueden optimizar ajustando la relaci\u00f3n de dopaje y el proceso de preparaci\u00f3n, para cumplir con los requisitos de propiedades \u00f3pticas en diferentes escenarios de aplicaci\u00f3n.<\/p>\n<h2><span style=\"font-size: 14pt;\">Aplicaciones<\/span><\/h2>\n<p>Ventanas inteligentes: Los objetivos de pulverizaci\u00f3n cat\u00f3dica dopados con \u00f3xido de vanadio y \u00f3xido de tungsteno se pueden utilizar para preparar revestimientos de ventanas inteligentes, que pueden regular con precisi\u00f3n la tasa de transmisi\u00f3n de luz de las ventanas de acuerdo con los cambios en la temperatura ambiente y la iluminaci\u00f3n aprovechando sus propiedades termocr\u00f3micas y electrocr\u00f3micas, logrando un equilibrio din\u00e1mico entre la iluminaci\u00f3n interior y el aislamiento t\u00e9rmico, y reduciendo el consumo de energ\u00eda de los edificios.<\/p>\n<p>En el campo de los dispositivos de visualizaci\u00f3n: En pantallas de cristal l\u00edquido, papel electr\u00f3nico y otros dispositivos de visualizaci\u00f3n, las pel\u00edculas delgadas depositadas por el objetivo dopado pueden responder a los cambios en las se\u00f1ales el\u00e9ctricas o la temperatura, cambiando r\u00e1pidamente el estado \u00f3ptico, enriqueciendo los colores y el contraste de la pantalla y mejorando el efecto visual y la experiencia interactiva.<\/p>\n<p>Detecci\u00f3n infrarroja: Utilizado en el recubrimiento de la superficie del detector infrarrojo, con un rendimiento termocr\u00f3mico optimizado, puede cambiar con precisi\u00f3n las caracter\u00edsticas de absorci\u00f3n y reflexi\u00f3n infrarroja con cambios sutiles en la temperatura del objeto objetivo, mejorar la capacidad del detector para capturar se\u00f1ales infrarrojas d\u00e9biles y mejorar la precisi\u00f3n de la detecci\u00f3n.<\/p>\n<p>Campo de almacenamiento \u00f3ptico: El objetivo de pulverizaci\u00f3n cat\u00f3dica dopado con \u00f3xido de vanadio y \u00f3xido de tungsteno se utiliza para fabricar medios de almacenamiento \u00f3ptico, combinando las propiedades fotoel\u00e9ctricas especiales de los dos, para lograr un almacenamiento de datos de mayor densidad y una lectura \/ escritura r\u00e1pida a trav\u00e9s de la regulaci\u00f3n de la temperatura y el campo el\u00e9ctrico durante la escritura y lectura l\u00e1ser, para satisfacer las necesidades de la era de los grandes datos.<\/p>\n<h2><span style=\"font-size: 14pt;\">Control de calidad<\/span><\/h2>\n<p><span style=\"color: #0000ff;\"><a style=\"color: #0000ff;\" href=\"https:\/\/vimaterial.de\/en\/quality-control\/\">Cada lote<\/a><\/span> de productos sigue estrictos principios de control de calidad, en general para garantizar que cada lote de materiales de adquisici\u00f3n de materias primas, procesamiento, productos terminados fuera del almac\u00e9n tengan instrumentos avanzados, est\u00e1ndares de inspecci\u00f3n estrictos, registros de inspecci\u00f3n perfectos, para garantizar que la calidad del producto se pueda controlar y la trazabilidad del producto, cada lote de productos va acompa\u00f1ado de MSDS,  Informes COA, TDS, PSD, XRD, etc., y cada lote de productos se proporcionar\u00e1 con muestras al cliente, tambi\u00e9n apoyamos a los clientes para solicitar a organizaciones de inspecci\u00f3n de terceros que inspeccionen los productos. Proporcionaremos a los clientes muestras de cada lote de productos, y tambi\u00e9n ayudaremos a los clientes a solicitar a organizaciones de inspecci\u00f3n de terceros que inspeccionen los productos. <\/p>\n<h2><span style=\"font-size: 14pt;\">Embalaje y almacenamiento<\/span><\/h2>\n<p>El \u00f3xido de vanadio-\u00f3xido de tungsteno se empaqueta en bolsas de vac\u00edo dobles y luego se empaqueta en cajas de cart\u00f3n.<\/p>\n<p>El \u00f3xido de vanadio-\u00f3xido de tungsteno debe almacenarse en un ambiente seco, fresco y bien ventilado, evitando la humedad, el contacto con \u00e1cidos y \u00e1lcalis fuertes y otras sustancias corrosivas, evitando que las reacciones redox ocurran en exceso y, al mismo tiempo, evitando la colisi\u00f3n f\u00edsica y la extrusi\u00f3n para garantizar la estabilidad e integridad del material.<\/p>\n","protected":false},"excerpt":{"rendered":"<p>\u00d3xido de vanadio-\u00f3xido de tungsteno es una mezcla de di\u00f3xido de vanadio y tri\u00f3xido de tungsteno, que se utiliza en la deposici\u00f3n f\u00edsica de vapor para depositar pel\u00edculas delgadas con propiedades termocr\u00f3micas y electrocr\u00f3micas en el sustrato. Se puede utilizar en el campo de las ventanas inteligentes para regular la luz y la temperatura con mayor precisi\u00f3n, y en el campo de las pantallas para lograr la conmutaci\u00f3n flexible de m\u00faltiples estados \u00f3pticos. <\/p>\n","protected":false},"featured_media":1001137,"comment_status":"open","ping_status":"closed","template":"","meta":{"_acf_changed":false},"product_brand":[],"product_cat":[178],"product_tag":[],"class_list":{"0":"post-1012372","1":"product","2":"type-product","3":"status-publish","4":"has-post-thumbnail","6":"product_cat-catodos-para-sputtering-planar","8":"first","9":"instock","10":"shipping-taxable","11":"product-type-variable"},"acf":[],"_links":{"self":[{"href":"https:\/\/vimaterial.de\/es\/wp-json\/wp\/v2\/product\/1012372","targetHints":{"allow":["GET"]}}],"collection":[{"href":"https:\/\/vimaterial.de\/es\/wp-json\/wp\/v2\/product"}],"about":[{"href":"https:\/\/vimaterial.de\/es\/wp-json\/wp\/v2\/types\/product"}],"replies":[{"embeddable":true,"href":"https:\/\/vimaterial.de\/es\/wp-json\/wp\/v2\/comments?post=1012372"}],"wp:featuredmedia":[{"embeddable":true,"href":"https:\/\/vimaterial.de\/es\/wp-json\/wp\/v2\/media\/1001137"}],"wp:attachment":[{"href":"https:\/\/vimaterial.de\/es\/wp-json\/wp\/v2\/media?parent=1012372"}],"wp:term":[{"taxonomy":"product_brand","embeddable":true,"href":"https:\/\/vimaterial.de\/es\/wp-json\/wp\/v2\/product_brand?post=1012372"},{"taxonomy":"product_cat","embeddable":true,"href":"https:\/\/vimaterial.de\/es\/wp-json\/wp\/v2\/product_cat?post=1012372"},{"taxonomy":"product_tag","embeddable":true,"href":"https:\/\/vimaterial.de\/es\/wp-json\/wp\/v2\/product_tag?post=1012372"}],"curies":[{"name":"wp","href":"https:\/\/api.w.org\/{rel}","templated":true}]}}