{"id":1012350,"date":"2024-06-17T14:32:06","date_gmt":"2024-06-17T06:32:06","guid":{"rendered":"https:\/\/vimaterial.de\/product\/siliciuro-de-vanadio-2\/"},"modified":"2025-04-17T15:42:43","modified_gmt":"2025-04-17T07:42:43","slug":"siliciuro-de-vanadio-2","status":"publish","type":"product","link":"https:\/\/vimaterial.de\/es\/product\/siliciuro-de-vanadio-2\/","title":{"rendered":"Siliciuro de vanadio"},"content":{"rendered":"<p>El objetivo de pulverizaci\u00f3n cat\u00f3dica de siliciuro de vanadio es un objetivo compuesto de vanadio y silicio, utilizado principalmente en el proceso de deposici\u00f3n f\u00edsica de vapor, a trav\u00e9s del efecto de pulverizaci\u00f3n cat\u00f3dica de los \u00e1tomos de V y Si depositados en el sustrato, lo que da como resultado pel\u00edculas delgadas con alta dureza, buena estabilidad t\u00e9rmica, etc., que juegan un papel clave en el campo de los semiconductores, dispositivos electr\u00f3nicos y otros campos.<\/p>\n<p>VIMATERIAL suministra objetivos de pulverizaci\u00f3n cat\u00f3dica de siliciuro de vanadio. Nuestros objetivos de pulverizaci\u00f3n cat\u00f3dica de siliciuro de vanadio se caracterizan por su alta dureza y buena estabilidad. Nos hemos dedicado a la investigaci\u00f3n de materiales qu\u00edmicos inorg\u00e1nicos durante muchos a\u00f1os y tambi\u00e9n brindamos el servicio de encuadernaci\u00f3n de objetivos de pulverizaci\u00f3n cat\u00f3dica. Contamos con un equipo experimentado y profesional para aceptar personalizaciones y experimentos, <span style=\"color: #0000ff;\"><a style=\"color: #0000ff;\" href=\"https:\/\/vimaterial.de\/en\/contact-us\/\">cont\u00e1ctenos<\/a> <\/span>si lo necesita.   <\/p>\n<h2><span style=\"font-size: 14pt;\">Propiedades f\u00edsicas<\/span><\/h2>\n<p>F\u00f3rmula molecular: VSi\u2082<\/p>\n<p>Peso molecular: 107.07<\/p>\n<p>Aspecto: brillo met\u00e1lico gris plateado con un objetivo de superficie lisa<\/p>\n<p>Densidad: aprox. 4,42 g\/cm\u00b3.<\/p>\n<p>Punto de fusi\u00f3n: por encima de 1700 \u00b0C<\/p>\n<p>Estructura cristalina: Pertenece al sistema cristalino c\u00fabico y tiene una estructura cristalina similar a la de los compuestos intermet\u00e1licos, en la que los \u00e1tomos de vanadio y los \u00e1tomos de silicio forman una estructura reticular estable mediante la mezcla de enlaces covalentes y met\u00e1licos, y los \u00e1tomos de silicio rodean a los \u00e1tomos de vanadio en una disposici\u00f3n espec\u00edfica, lo que le da a VSi\u2082 una mejor estabilidad y propiedades fisicoqu\u00edmicas especiales.<\/p>\n<h2><span style=\"font-size: 14pt;\">Aplicaciones<\/span><\/h2>\n<p>Campo semiconductor: El objetivo de pulverizaci\u00f3n cat\u00f3dica de siliciuro de vanadio se utiliza para fabricar la capa de interconexi\u00f3n de los chips semiconductores. Con su buena conductividad y estabilidad t\u00e9rmica, VSi\u2082 es capaz de reducir eficazmente el retraso en la transmisi\u00f3n de la se\u00f1al y garantizar el rendimiento el\u00e9ctrico del chip cuando funciona a alta velocidad. <\/p>\n<p>Industria fotovoltaica: En la producci\u00f3n de obleas de c\u00e9lulas solares, el objetivo se puede utilizar para preparar electrodos o capas de contacto posterior, haciendo uso de sus propiedades el\u00e9ctricas \u00fanicas para optimizar la eficiencia de conversi\u00f3n fotoel\u00e9ctrica de la c\u00e9lula y contribuyendo al uso eficiente de energ\u00edas limpias.<\/p>\n<p>Encapsulaci\u00f3n de dispositivos electr\u00f3nicos: Como parte del material de encapsulaci\u00f3n, la pel\u00edcula delgada formada por el objetivo de pulverizaci\u00f3n cat\u00f3dica VSi \u2082 puede mejorar la resistencia mec\u00e1nica de la estructura de encapsulaci\u00f3n y, al mismo tiempo, en virtud de su propia estabilidad qu\u00edmica, puede bloquear eficazmente la intrusi\u00f3n de vapor de agua e impurezas externas, prolongando as\u00ed la vida \u00fatil de los dispositivos electr\u00f3nicos.<\/p>\n<h2><span style=\"font-size: 14pt;\">Control de calidad<\/span><\/h2>\n<p>Cada lote de productos sigue estrictos principios de control de calidad, en general para garantizar que cada lote de materiales de adquisici\u00f3n de materias primas, procesamiento, productos terminados fuera del almac\u00e9n tengan instrumentos avanzados, est\u00e1ndares de inspecci\u00f3n estrictos, registros de inspecci\u00f3n perfectos, para garantizar que la calidad del producto se pueda controlar y la trazabilidad del producto, cada lote de productos va acompa\u00f1ado de MSDS,  Informes COA, TDS, PSD, XRD, etc., y cada lote de productos se proporcionar\u00e1 con muestras al cliente, tambi\u00e9n apoyamos a los clientes para solicitar a organizaciones de inspecci\u00f3n de terceros que inspeccionen los productos. Proporcionaremos a los clientes muestras de cada lote de productos, y tambi\u00e9n ayudaremos a los clientes a solicitar a organizaciones de inspecci\u00f3n de terceros que inspeccionen los productos. <\/p>\n<h2><span style=\"font-size: 14pt;\">Embalaje y almacenamiento<\/span><\/h2>\n<p>El objetivo de pulverizaci\u00f3n cat\u00f3dica de siliciuro de vanadio se empaqueta en bolsas de vac\u00edo dobles y se empaqueta en cajas, luego se empaqueta en cajas de cart\u00f3n.<\/p>\n<p>El objetivo de pulverizaci\u00f3n cat\u00f3dica de siliciuro de vanadio debe almacenarse en un ambiente seco, fresco, bien ventilado y estable a la temperatura para evitar la humedad y la oxidaci\u00f3n, as\u00ed como para prevenir el impacto f\u00edsico y mantenerse alejado de sustancias corrosivas para garantizar que sus propiedades f\u00edsicas y qu\u00edmicas no se da\u00f1en.<\/p>\n","protected":false},"excerpt":{"rendered":"<p>El objetivo de pulverizaci\u00f3n cat\u00f3dica de siliciuro de vanadio es un objetivo compuesto de vanadio y silicio, utilizado principalmente en el proceso de deposici\u00f3n f\u00edsica de vapor, a trav\u00e9s del efecto de pulverizaci\u00f3n cat\u00f3dica de los \u00e1tomos de V y Si depositados en el sustrato, lo que da como resultado pel\u00edculas delgadas con alta dureza, [&hellip;]<\/p>\n","protected":false},"featured_media":1001151,"comment_status":"open","ping_status":"closed","template":"","meta":{"_acf_changed":false},"product_brand":[],"product_cat":[178],"product_tag":[],"class_list":{"0":"post-1012350","1":"product","2":"type-product","3":"status-publish","4":"has-post-thumbnail","6":"product_cat-catodos-para-sputtering-planar","8":"first","9":"instock","10":"shipping-taxable","11":"product-type-variable"},"acf":[],"_links":{"self":[{"href":"https:\/\/vimaterial.de\/es\/wp-json\/wp\/v2\/product\/1012350","targetHints":{"allow":["GET"]}}],"collection":[{"href":"https:\/\/vimaterial.de\/es\/wp-json\/wp\/v2\/product"}],"about":[{"href":"https:\/\/vimaterial.de\/es\/wp-json\/wp\/v2\/types\/product"}],"replies":[{"embeddable":true,"href":"https:\/\/vimaterial.de\/es\/wp-json\/wp\/v2\/comments?post=1012350"}],"wp:featuredmedia":[{"embeddable":true,"href":"https:\/\/vimaterial.de\/es\/wp-json\/wp\/v2\/media\/1001151"}],"wp:attachment":[{"href":"https:\/\/vimaterial.de\/es\/wp-json\/wp\/v2\/media?parent=1012350"}],"wp:term":[{"taxonomy":"product_brand","embeddable":true,"href":"https:\/\/vimaterial.de\/es\/wp-json\/wp\/v2\/product_brand?post=1012350"},{"taxonomy":"product_cat","embeddable":true,"href":"https:\/\/vimaterial.de\/es\/wp-json\/wp\/v2\/product_cat?post=1012350"},{"taxonomy":"product_tag","embeddable":true,"href":"https:\/\/vimaterial.de\/es\/wp-json\/wp\/v2\/product_tag?post=1012350"}],"curies":[{"name":"wp","href":"https:\/\/api.w.org\/{rel}","templated":true}]}}