{"id":1012340,"date":"2024-06-17T14:32:11","date_gmt":"2024-06-17T06:32:11","guid":{"rendered":"https:\/\/vimaterial.de\/product\/vanadio-titanio\/"},"modified":"2025-04-17T15:38:51","modified_gmt":"2025-04-17T07:38:51","slug":"vanadio-titanio","status":"publish","type":"product","link":"https:\/\/vimaterial.de\/es\/product\/vanadio-titanio\/","title":{"rendered":"Vanadio Titanio"},"content":{"rendered":"<p>El objetivo de pulverizaci\u00f3n cat\u00f3dica de titanio y vanadio es un material de vanadio y titanio utilizado en la deposici\u00f3n f\u00edsica de vapor (PVD), que permite que los \u00e1tomos de V y Ti se depositen en la superficie del sustrato durante el proceso de pulverizaci\u00f3n cat\u00f3dica, lo que da como resultado una pel\u00edcula delgada con alta dureza, buena resistencia a la abrasi\u00f3n y a la corrosi\u00f3n, que se usa ampliamente en muchos campos, como la electr\u00f3nica y la maquinaria.<\/p>\n<p>VIMATERIAL suministra objetivos de pulverizaci\u00f3n cat\u00f3dica de vanadio y titanio. Nuestros objetivos de pulverizaci\u00f3n cat\u00f3dica de titanio y vanadio se caracterizan por su alta pureza, alta dureza, buena resistencia al desgaste y estabilidad. Nos hemos dedicado a la investigaci\u00f3n de materiales qu\u00edmicos inorg\u00e1nicos durante muchos a\u00f1os y tambi\u00e9n brindamos el servicio de encuadernaci\u00f3n de objetivos de pulverizaci\u00f3n cat\u00f3dica. Contamos con un equipo experimentado y profesional para aceptar personalizaciones y experimentos, <span style=\"color: #0000ff;\"><a style=\"color: #0000ff;\" href=\"https:\/\/vimaterial.de\/en\/contact-us\/\">cont\u00e1ctenos<\/a><\/span> si lo necesita.   <\/p>\n<h2><span style=\"font-size: 14pt;\">Propiedades f\u00edsicas<\/span><\/h2>\n<p>F\u00f3rmula molecular: VTi<\/p>\n<p>Aspecto: blanco de brillo met\u00e1lico gris plateado<\/p>\n<h2><span style=\"font-size: 14pt;\">Aplicaciones<\/span><\/h2>\n<p>Campo aeroespacial: el objetivo de pulverizaci\u00f3n cat\u00f3dica de titanio y vanadio se utiliza para fabricar recubrimientos de palas de motores aeroespaciales, con su alta dureza y excelente resistencia a altas temperaturas y abrasi\u00f3n, mejora efectivamente la vida \u00fatil de las palas en condiciones de trabajo extremas y garantiza la seguridad del vuelo.<\/p>\n<p>Campo de fabricaci\u00f3n de autom\u00f3viles: en el pist\u00f3n del motor del autom\u00f3vil, la v\u00e1lvula y otras partes del recubrimiento de la superficie formadas por la pel\u00edcula objetivo, pueden reducir el coeficiente de fricci\u00f3n entre las piezas, reducir el desgaste, mejorar la econom\u00eda de combustible, ayudar al ahorro de energ\u00eda del autom\u00f3vil y reducir las emisiones.<\/p>\n<p>Campo de informaci\u00f3n electr\u00f3nica: como material de recubrimiento para componentes electr\u00f3nicos como la capa de interconexi\u00f3n de chips, la pel\u00edcula delgada hecha de vanadio y titanio puede optimizar las propiedades el\u00e9ctricas, inhibir la difusi\u00f3n del metal y construir una base s\u00f3lida para el desarrollo de la miniaturizaci\u00f3n y el alto rendimiento de los dispositivos electr\u00f3nicos.<\/p>\n<p>Dispositivos m\u00e9dicos: Utilizados en el tratamiento de superficies de dispositivos m\u00e9dicos implantables, las pel\u00edculas depositadas por Vanadio Titanio tienen buena biocompatibilidad y excelente resistencia a la corrosi\u00f3n, lo que reduce el riesgo de rechazo del cuerpo y prolonga la vida \u00fatil de los dispositivos.<\/p>\n<h2><span style=\"font-size: 14pt;\">Control de calidad<\/span><\/h2>\n<p><span style=\"color: #0000ff;\"><a style=\"color: #0000ff;\" href=\"https:\/\/vimaterial.de\/en\/quality-control\/\">Cada lote<\/a><\/span> de productos sigue estrictos principios de control de calidad, en general para garantizar que cada lote de materiales de adquisici\u00f3n de materias primas, procesamiento, productos terminados fuera del almac\u00e9n tengan instrumentos avanzados, est\u00e1ndares de inspecci\u00f3n estrictos, registros de inspecci\u00f3n perfectos, para garantizar que la calidad del producto se pueda controlar y la trazabilidad del producto, cada lote de productos va acompa\u00f1ado de MSDS,  Informes COA, TDS, PSD, XRD, etc., y cada lote de productos se proporcionar\u00e1 con muestras al cliente, tambi\u00e9n apoyamos a los clientes para solicitar a organizaciones de inspecci\u00f3n de terceros que inspeccionen los productos. Proporcionaremos a los clientes muestras de cada lote de productos, y tambi\u00e9n ayudaremos a los clientes a solicitar a organizaciones de inspecci\u00f3n de terceros que inspeccionen los productos. <\/p>\n<h2><span style=\"font-size: 14pt;\">Embalaje y almacenamiento<\/span><\/h2>\n<p>Los objetivos de pulverizaci\u00f3n cat\u00f3dica de vanadio y titanio se empaquetan en bolsas de vac\u00edo dobles y luego se empaquetan en cajas de cart\u00f3n.<\/p>\n<p>Los objetivos de pulverizaci\u00f3n cat\u00f3dica de vanadio y titanio deben almacenarse en un ambiente seco y bien ventilado con una temperatura y humedad relativamente estables para evitar la humedad, la oxidaci\u00f3n y el da\u00f1o mec\u00e1nico, y lejos de sustancias corrosivas y fuentes de campos magn\u00e9ticos fuertes.<\/p>\n","protected":false},"excerpt":{"rendered":"<p>El objetivo de pulverizaci\u00f3n cat\u00f3dica de titanio y vanadio es un material de vanadio y titanio utilizado en la deposici\u00f3n f\u00edsica de vapor (PVD), que permite que los \u00e1tomos de V y Ti se depositen en la superficie del sustrato durante el proceso de pulverizaci\u00f3n cat\u00f3dica, lo que da como resultado una pel\u00edcula delgada con alta dureza, buena resistencia a la abrasi\u00f3n y a la corrosi\u00f3n, que se usa ampliamente en muchos campos, como la electr\u00f3nica y la maquinaria.<\/p>\n","protected":false},"featured_media":1001167,"comment_status":"open","ping_status":"closed","template":"","meta":{"_acf_changed":false},"product_brand":[],"product_cat":[178],"product_tag":[],"class_list":{"0":"post-1012340","1":"product","2":"type-product","3":"status-publish","4":"has-post-thumbnail","6":"product_cat-catodos-para-sputtering-planar","8":"first","9":"instock","10":"shipping-taxable","11":"product-type-variable"},"acf":[],"_links":{"self":[{"href":"https:\/\/vimaterial.de\/es\/wp-json\/wp\/v2\/product\/1012340","targetHints":{"allow":["GET"]}}],"collection":[{"href":"https:\/\/vimaterial.de\/es\/wp-json\/wp\/v2\/product"}],"about":[{"href":"https:\/\/vimaterial.de\/es\/wp-json\/wp\/v2\/types\/product"}],"replies":[{"embeddable":true,"href":"https:\/\/vimaterial.de\/es\/wp-json\/wp\/v2\/comments?post=1012340"}],"wp:featuredmedia":[{"embeddable":true,"href":"https:\/\/vimaterial.de\/es\/wp-json\/wp\/v2\/media\/1001167"}],"wp:attachment":[{"href":"https:\/\/vimaterial.de\/es\/wp-json\/wp\/v2\/media?parent=1012340"}],"wp:term":[{"taxonomy":"product_brand","embeddable":true,"href":"https:\/\/vimaterial.de\/es\/wp-json\/wp\/v2\/product_brand?post=1012340"},{"taxonomy":"product_cat","embeddable":true,"href":"https:\/\/vimaterial.de\/es\/wp-json\/wp\/v2\/product_cat?post=1012340"},{"taxonomy":"product_tag","embeddable":true,"href":"https:\/\/vimaterial.de\/es\/wp-json\/wp\/v2\/product_tag?post=1012340"}],"curies":[{"name":"wp","href":"https:\/\/api.w.org\/{rel}","templated":true}]}}