{"id":1012333,"date":"2024-06-17T14:32:07","date_gmt":"2024-06-17T06:32:07","guid":{"rendered":"https:\/\/vimaterial.de\/product\/telururo-de-vanadio\/"},"modified":"2025-04-17T15:40:47","modified_gmt":"2025-04-17T07:40:47","slug":"telururo-de-vanadio","status":"publish","type":"product","link":"https:\/\/vimaterial.de\/es\/product\/telururo-de-vanadio\/","title":{"rendered":"Telururo de vanadio"},"content":{"rendered":"<p>El polvo de teluro de vanadio es un compuesto de vanadio y telurio, es un polvo gris negruzco, generalmente con un brillo met\u00e1lico, que muestra aplicaciones potenciales en materiales termoel\u00e9ctricos, electr\u00f3nica y otros campos.<\/p>\n<p>VIMATERIAL suministra polvo de teluro de vanadio. El polvo de siliciuro de vanadio que suministramos tiene part\u00edculas finas y de alta pureza, excelentes propiedades termoel\u00e9ctricas y una fuerte estabilidad qu\u00edmica. Somos un proveedor profesional de materias primas qu\u00edmicas inorg\u00e1nicas, <span style=\"color: #0000ff;\"><a style=\"color: #0000ff;\" href=\"https:\/\/vimaterial.de\/en\/contact-us\/\">cont\u00e1ctenos<\/a><\/span> para cualquiera de sus necesidades.  <\/p>\n<h2><span style=\"font-size: 14pt;\">Propiedades f\u00edsicas<\/span><\/h2>\n<p>F\u00f3rmula molecular: VTe\u2082.<\/p>\n<p>Peso molecular: 306.14<\/p>\n<p>Aspecto: generalmente polvo negro o gris<\/p>\n<p>Estructura cristalina: Sistema cristalino hexagonal, grupo espacial P6\u2083\/mmc, par\u00e1metros de celda a=b=3.970 \u00c5, c=6.280 \u00c5, \u03b1=\u03b2=90\u00b0, \u03b3=120\u00b0. En la estructura cristalina, los \u00e1tomos de vanadio y telurio interact\u00faan entre s\u00ed a trav\u00e9s de enlaces covalentes y met\u00e1licos para formar una estructura en capas, con cada capa formada por capas alternas de \u00e1tomos de vanadio y telurio, y las capas interact\u00faan entre s\u00ed a trav\u00e9s de fuerzas d\u00e9biles de van der Waals. <\/p>\n<h2><span style=\"font-size: 14pt;\">Aplicaciones<\/span><\/h2>\n<p>Termoelectricidad: Los polvos de telururo de vanadio se pueden convertir en materiales termoel\u00e9ctricos, que se pueden usar en generadores de energ\u00eda de diferencia de temperatura para convertir de manera eficiente la energ\u00eda t\u00e9rmica de bajo grado, como el calor residual industrial y el calor geot\u00e9rmico, en energ\u00eda el\u00e9ctrica y realizar el reciclaje de energ\u00eda.<\/p>\n<p>Electr\u00f3nica: El polvo de telururo de vanadio es un material clave en la fabricaci\u00f3n de chips electr\u00f3nicos. Con sus propiedades el\u00e9ctricas \u00fanicas, el polvo de teluro de vanadio puede ayudar a producir transistores de alto rendimiento y baja potencia y otros componentes electr\u00f3nicos, y mejorar la velocidad de c\u00e1lculo de los productos electr\u00f3nicos. <\/p>\n<p>Veh\u00edculo de nueva energ\u00eda: Se utiliza en el sistema de gesti\u00f3n t\u00e9rmica de la bater\u00eda de los veh\u00edculos de nueva energ\u00eda. Con su excelente conductividad t\u00e9rmica, puede igualar r\u00e1pidamente la temperatura del paquete de bater\u00edas, prolongar la vida \u00fatil de la bater\u00eda y garantizar la estabilidad de la autonom\u00eda del veh\u00edculo. <\/p>\n<p>Aeroespacial: Utilizado en los componentes t\u00e9rmicos de los equipos electr\u00f3nicos de los veh\u00edculos aeroespaciales, el polvo de teluro de vanadio puede funcionar eficazmente en entornos extremos para garantizar el funcionamiento estable de los equipos electr\u00f3nicos de precisi\u00f3n y mejorar la seguridad de los vuelos.<\/p>\n<h2><span style=\"font-size: 14pt;\">Control de calidad<\/span><\/h2>\n<p><span style=\"color: #0000ff;\"><a style=\"color: #0000ff;\" href=\"https:\/\/vimaterial.de\/en\/quality-control\/\">Cada lote<\/a><\/span> de productos sigue estrictos principios de control de calidad, asegurando que cada lote de materiales de la compra de materias primas, el procesamiento y los productos terminados fuera del almac\u00e9n est\u00e9n equipados con instrumentos avanzados, estrictos est\u00e1ndares de inspecci\u00f3n y registros de inspecci\u00f3n perfectos para garantizar que la calidad del producto se pueda controlar y la trazabilidad del producto, y cada lote de productos va acompa\u00f1ado de MSDS,  Informes COA, TDS, PSD y XRD, etc. Tambi\u00e9n proporcionamos muestras de cada lote de productos. Cada lote de productos proporcionar\u00e1 muestras a los clientes, tambi\u00e9n apoyar\u00e1 a los clientes para solicitar a organizaciones de prueba de terceros que prueben los productos.  <\/p>\n<h2><span style=\"font-size: 14pt;\">Embalaje y almacenamiento<\/span><\/h2>\n<p>Los polvos de teluro de vanadio se envasan en bolsas de vac\u00edo dobles o botellas de vac\u00edo dobles en cajas de cart\u00f3n.<\/p>\n<p>El polvo de teluro de vanadio debe almacenarse en un ambiente seco, fresco, bien ventilado y sellado, lejos del agua, el fuego, los agentes oxidantes fuertes y las sustancias corrosivas para evitar el deterioro debido a la humedad, la oxidaci\u00f3n, la descomposici\u00f3n o la reacci\u00f3n qu\u00edmica.<\/p>\n","protected":false},"excerpt":{"rendered":"<p>El polvo de teluro de vanadio es un compuesto de vanadio y telurio, es un polvo gris negruzco, generalmente con un brillo met\u00e1lico, que muestra aplicaciones potenciales en materiales termoel\u00e9ctricos, electr\u00f3nica y otros campos.<\/p>\n","protected":false},"featured_media":1001160,"comment_status":"open","ping_status":"closed","template":"","meta":{"_acf_changed":false},"product_brand":[],"product_cat":[181],"product_tag":[],"class_list":{"0":"post-1012333","1":"product","2":"type-product","3":"status-publish","4":"has-post-thumbnail","6":"product_cat-materiales-calcogenuros","8":"first","9":"instock","10":"shipping-taxable","11":"product-type-variable"},"acf":[],"_links":{"self":[{"href":"https:\/\/vimaterial.de\/es\/wp-json\/wp\/v2\/product\/1012333","targetHints":{"allow":["GET"]}}],"collection":[{"href":"https:\/\/vimaterial.de\/es\/wp-json\/wp\/v2\/product"}],"about":[{"href":"https:\/\/vimaterial.de\/es\/wp-json\/wp\/v2\/types\/product"}],"replies":[{"embeddable":true,"href":"https:\/\/vimaterial.de\/es\/wp-json\/wp\/v2\/comments?post=1012333"}],"wp:featuredmedia":[{"embeddable":true,"href":"https:\/\/vimaterial.de\/es\/wp-json\/wp\/v2\/media\/1001160"}],"wp:attachment":[{"href":"https:\/\/vimaterial.de\/es\/wp-json\/wp\/v2\/media?parent=1012333"}],"wp:term":[{"taxonomy":"product_brand","embeddable":true,"href":"https:\/\/vimaterial.de\/es\/wp-json\/wp\/v2\/product_brand?post=1012333"},{"taxonomy":"product_cat","embeddable":true,"href":"https:\/\/vimaterial.de\/es\/wp-json\/wp\/v2\/product_cat?post=1012333"},{"taxonomy":"product_tag","embeddable":true,"href":"https:\/\/vimaterial.de\/es\/wp-json\/wp\/v2\/product_tag?post=1012333"}],"curies":[{"name":"wp","href":"https:\/\/api.w.org\/{rel}","templated":true}]}}