{"id":1012273,"date":"2024-06-17T14:18:53","date_gmt":"2024-06-17T06:18:53","guid":{"rendered":"https:\/\/vimaterial.de\/product\/fluoruro-calcico-2\/"},"modified":"2024-12-27T11:38:25","modified_gmt":"2024-12-27T03:38:25","slug":"fluoruro-calcico-2","status":"publish","type":"product","link":"https:\/\/vimaterial.de\/es\/product\/fluoruro-calcico-2\/","title":{"rendered":"Fluoruro de calcio"},"content":{"rendered":"<p>El objetivo de pulverizaci\u00f3n cat\u00f3dica de fluoruro de calcio es un material de alto rendimiento, utilizado principalmente en pel\u00edculas delgadas \u00f3pticas, dispositivos l\u00e1ser, recubrimientos anticorrosivos y otros campos, con excelente transmitancia \u00f3ptica y estabilidad qu\u00edmica. VIMATERIAL tambi\u00e9n proporciona polvos de fluoruro de calcio y gr\u00e1nulos de fluoruro de calcio.<\/p>\n<h2><span style=\"font-size: 14pt;\">Propiedades<\/span><\/h2>\n<p>F\u00f3rmula qu\u00edmica:CaF2 Masa molar:78.075 g\u00b7mol\u22121 Aspecto:S\u00f3lido cristalino blanco (los monocristales son transparentes) Densidad:3.18 g\/cm3 Punto de fusi\u00f3n:1.418 \u00b0C (2.584 \u00b0F; 1.691 K) Punto de ebullici\u00f3n:2.533 \u00b0C (4.591 \u00b0F; 2.806 K) Solubilidad:Soluble en agua, insoluble en acetona ligeramente soluble en \u00e1cido \u00cdndice de refracci\u00f3n (nD):1.4338<\/p>\n<h2><span style=\"font-size: 14pt;\">Aplicaci\u00f3n<\/span><\/h2>\n<p>1. Pel\u00edcula \u00f3ptica: el objetivo de pulverizaci\u00f3n cat\u00f3dica de fluoruro de calcio se utiliza para preparar recubrimientos \u00f3pticos infrarrojos y ultravioleta con alta transmitancia, adecuados para lentes, prismas y materiales de ventanas. 2. Dispositivos electr\u00f3nicos: El objetivo de pulverizaci\u00f3n cat\u00f3dica de fluoruro de calcio se utiliza como capa aislante o material de gu\u00eda de onda \u00f3ptica. 3. \u00d3ptica l\u00e1ser: Fabricaci\u00f3n de recubrimientos antirreflectantes y antirreflectantes en resonador l\u00e1ser. 4. Recubrimiento anticorrosi\u00f3n: Proteja la superficie del equipo en entornos hostiles, especialmente en ambientes qu\u00edmicos y h\u00famedos.<\/p>\n<h2><span style=\"font-size: 14pt;\">Control de calidad<\/span><\/h2>\n<p>Nuestros productos implementan el sistema de gesti\u00f3n de calidad m\u00e1s estricto. Existen estrictos est\u00e1ndares de inspecci\u00f3n para los materiales entrantes, los procesos, las inspecciones finales y las inspecciones de f\u00e1brica. Se adoptar\u00e1n estrictas medidas de aislamiento para el procesamiento no calificado para evitar que los productos no calificados fluyan hacia el siguiente proceso. Las muestras se proporcionar\u00e1n a los clientes de acuerdo con los requisitos del cliente para la reinspecci\u00f3n.   <\/p>\n<h2><span style=\"font-size: 14pt;\">Embalaje y almacenamiento<\/span><\/h2>\n<p>Envasado interior al vac\u00edo, embalaje exterior de cart\u00f3n. Los objetivos de pulverizaci\u00f3n cat\u00f3dica de fluoruro de calcio deben almacenarse en un entorno sellado seco, a temperatura constante y a prueba de luz para evitar la absorci\u00f3n de humedad, la contaminaci\u00f3n y el da\u00f1o mec\u00e1nico para garantizar un rendimiento \u00f3ptico estable.<\/p>\n","protected":false},"excerpt":{"rendered":"<p>El objetivo de pulverizaci\u00f3n cat\u00f3dica de fluoruro de calcio es un material de alto rendimiento, utilizado principalmente en pel\u00edculas delgadas \u00f3pticas, dispositivos l\u00e1ser, recubrimientos anticorrosivos y otros campos, con excelente transmitancia \u00f3ptica y estabilidad qu\u00edmica. VIMATERIAL tambi\u00e9n proporciona polvos de fluoruro de calcio y gr\u00e1nulos de fluoruro de calcio. Propiedades F\u00f3rmula qu\u00edmica:CaF2 Masa molar:78.075 g\u00b7mol\u22121 [&hellip;]<\/p>\n","protected":false},"featured_media":1030000,"comment_status":"open","ping_status":"closed","template":"","meta":{"_acf_changed":false},"product_brand":[],"product_cat":[178],"product_tag":[],"class_list":{"0":"post-1012273","1":"product","2":"type-product","3":"status-publish","4":"has-post-thumbnail","6":"product_cat-catodos-para-sputtering-planar","8":"first","9":"instock","10":"shipping-taxable","11":"product-type-variable"},"acf":[],"_links":{"self":[{"href":"https:\/\/vimaterial.de\/es\/wp-json\/wp\/v2\/product\/1012273","targetHints":{"allow":["GET"]}}],"collection":[{"href":"https:\/\/vimaterial.de\/es\/wp-json\/wp\/v2\/product"}],"about":[{"href":"https:\/\/vimaterial.de\/es\/wp-json\/wp\/v2\/types\/product"}],"replies":[{"embeddable":true,"href":"https:\/\/vimaterial.de\/es\/wp-json\/wp\/v2\/comments?post=1012273"}],"wp:featuredmedia":[{"embeddable":true,"href":"https:\/\/vimaterial.de\/es\/wp-json\/wp\/v2\/media\/1030000"}],"wp:attachment":[{"href":"https:\/\/vimaterial.de\/es\/wp-json\/wp\/v2\/media?parent=1012273"}],"wp:term":[{"taxonomy":"product_brand","embeddable":true,"href":"https:\/\/vimaterial.de\/es\/wp-json\/wp\/v2\/product_brand?post=1012273"},{"taxonomy":"product_cat","embeddable":true,"href":"https:\/\/vimaterial.de\/es\/wp-json\/wp\/v2\/product_cat?post=1012273"},{"taxonomy":"product_tag","embeddable":true,"href":"https:\/\/vimaterial.de\/es\/wp-json\/wp\/v2\/product_tag?post=1012273"}],"curies":[{"name":"wp","href":"https:\/\/api.w.org\/{rel}","templated":true}]}}