{"id":1012260,"date":"2024-06-17T14:18:54","date_gmt":"2024-06-17T06:18:54","guid":{"rendered":"https:\/\/vimaterial.de\/product\/yoduro-calcico-2\/"},"modified":"2024-12-27T15:33:06","modified_gmt":"2024-12-27T07:33:06","slug":"yoduro-calcico-2","status":"publish","type":"product","link":"https:\/\/vimaterial.de\/es\/product\/yoduro-calcico-2\/","title":{"rendered":"Yoduro de calcio"},"content":{"rendered":"<p>El yoduro de calcio (CaI2) es el compuesto i\u00f3nico del calcio y el yodo. Este s\u00f3lido delicuescente incoloro es una sal altamente soluble en agua. Sus propiedades son similares a las de las sales relacionadas, como el cloruro de calcio. VIMATERIAL tambi\u00e9n proporciona polvos de \u00f3xido de calcio y objetivos de \u00f3xido de calcio. Si tiene alguna necesidad, p\u00f3ngase en contacto con nosotros.<\/p>\n<h2><span style=\"font-size: 14pt;\">Propiedades<\/span><\/h2>\n<p>F\u00f3rmula qu\u00edmica:CaI2 Masa molar:293.887 g\/mol (anhidro) 365.95 g\/mol (tetrahidratado)<\/p>\n<p>Aspecto: s\u00f3lido blanco<\/p>\n<p>Densidad: 3.956 g \/ cm3 (anhidro) Punto de fusi\u00f3n: 575 \u00b0C Punto de ebullici\u00f3n: 718 \u00b0C Solubilidad: F\u00e1cilmente soluble en agua, ligeramente soluble en etanol y acetona. Su soluci\u00f3n acuosa es neutra, y se disuelve en \u00e1cido para descomponerse y liberar yodo o generar \u00e1cido yodado.<\/p>\n<h2><span style=\"font-size: 14pt;\">Estructura cristalina del yoduro de calcio<\/span><\/h2>\n<p>La estructura cristalina del CaI2 pertenece al sistema cristalino c\u00fabico, espec\u00edficamente a la estructura c\u00fabica centrada en el cuerpo. En esta estructura, cada ion de calcio se encuentra en el v\u00e9rtice y el centro de la red, mientras que cada ion de yoduro se encuentra en el centro de la cara de la red. Esta estructura hace que el CaI2 sea estable y uniforme. Debido a que la estructura cristalina del yoduro de calcio tiene esta disposici\u00f3n especial, tiene algunas propiedades \u00fanicas. En primer lugar, el yoduro de calcio es un cristal incoloro con buena transparencia. En segundo lugar, el CaI2 tiene buena solubilidad y puede disolverse r\u00e1pidamente en agua para liberar iones de calcio e iones de yodo. Adem\u00e1s, el yoduro de calcio tambi\u00e9n tiene una cierta conductividad el\u00e9ctrica y puede conducir la electricidad en soluci\u00f3n acuosa. <\/p>\n<h2><span style=\"font-size: 14pt;\">Aplicaci\u00f3n<\/span><\/h2>\n<p>En el campo de la qu\u00edmica, el CaI2 se puede utilizar como reactivo anal\u00edtico para la determinaci\u00f3n de iones met\u00e1licos como el antimonio, el zinc y el magnesio. Adem\u00e1s, tambi\u00e9n se puede utilizar para preparar otros compuestos que contienen yodo, como yodatos, yoduros, etc. El yoduro de calcio desempe\u00f1a un papel importante en la s\u00edntesis qu\u00edmica al reaccionar qu\u00edmicamente con otros compuestos. En el campo de la medicina, el CaI2 tiene cierto valor medicinal. Se puede utilizar para tratar enfermedades como el bocio y regular el equilibrio de yodo en el cuerpo humano mediante la suplementaci\u00f3n de yodo. Adem\u00e1s, el yoduro de calcio tambi\u00e9n se puede utilizar para preparar algunas preparaciones farmac\u00e9uticas, como la inyecci\u00f3n de yoduro de calcio, para el tratamiento de enfermedades relacionadas.  <\/p>\n<h2><span style=\"font-size: 14pt;\">Control de calidad<\/span><\/h2>\n<p>Nuestros productos implementan el sistema de gesti\u00f3n de calidad m\u00e1s estricto. Existen estrictos est\u00e1ndares de inspecci\u00f3n para los materiales entrantes, los procesos, las inspecciones finales y las inspecciones de f\u00e1brica. Se adoptar\u00e1n estrictas medidas de aislamiento para el procesamiento no calificado para evitar que los productos no calificados fluyan hacia el siguiente proceso. Las muestras se proporcionar\u00e1n a los clientes de acuerdo con los requisitos del cliente para la reinspecci\u00f3n.   <\/p>\n<h2><span style=\"font-size: 14pt;\">Embalaje y almacenamiento<\/span><\/h2>\n<p>Envasado al vac\u00edo, la cantidad de empaque se puede proporcionar de acuerdo con los requisitos del cliente y empaquetarse por separado. Debe almacenarse en un almac\u00e9n fresco, ventilado y a prueba de luz. Debe protegerse de la lluvia y el sol durante el transporte. Debe manipularse con cuidado durante la carga y descarga, y las vibraciones y los impactos est\u00e1n estrictamente prohibidos. En caso de incendio, se pueden utilizar extintores de arena y di\u00f3xido de carbono para extinguir el fuego.<\/p>\n","protected":false},"excerpt":{"rendered":"<p>El yoduro de calcio (CaI2) es el compuesto i\u00f3nico del calcio y el yodo. Este s\u00f3lido delicuescente incoloro es una sal altamente soluble en agua. Sus propiedades son similares a las de las sales relacionadas, como el cloruro de calcio. VIMATERIAL tambi\u00e9n proporciona polvos de \u00f3xido de calcio y objetivos de \u00f3xido de calcio. Si [&hellip;]<\/p>\n","protected":false},"featured_media":1030005,"comment_status":"open","ping_status":"closed","template":"","meta":{"_acf_changed":false},"product_brand":[],"product_cat":[179],"product_tag":[],"class_list":{"0":"post-1012260","1":"product","2":"type-product","3":"status-publish","4":"has-post-thumbnail","6":"product_cat-materiales-de-evaporacion","8":"first","9":"instock","10":"shipping-taxable","11":"product-type-variable"},"acf":[],"_links":{"self":[{"href":"https:\/\/vimaterial.de\/es\/wp-json\/wp\/v2\/product\/1012260","targetHints":{"allow":["GET"]}}],"collection":[{"href":"https:\/\/vimaterial.de\/es\/wp-json\/wp\/v2\/product"}],"about":[{"href":"https:\/\/vimaterial.de\/es\/wp-json\/wp\/v2\/types\/product"}],"replies":[{"embeddable":true,"href":"https:\/\/vimaterial.de\/es\/wp-json\/wp\/v2\/comments?post=1012260"}],"wp:featuredmedia":[{"embeddable":true,"href":"https:\/\/vimaterial.de\/es\/wp-json\/wp\/v2\/media\/1030005"}],"wp:attachment":[{"href":"https:\/\/vimaterial.de\/es\/wp-json\/wp\/v2\/media?parent=1012260"}],"wp:term":[{"taxonomy":"product_brand","embeddable":true,"href":"https:\/\/vimaterial.de\/es\/wp-json\/wp\/v2\/product_brand?post=1012260"},{"taxonomy":"product_cat","embeddable":true,"href":"https:\/\/vimaterial.de\/es\/wp-json\/wp\/v2\/product_cat?post=1012260"},{"taxonomy":"product_tag","embeddable":true,"href":"https:\/\/vimaterial.de\/es\/wp-json\/wp\/v2\/product_tag?post=1012260"}],"curies":[{"name":"wp","href":"https:\/\/api.w.org\/{rel}","templated":true}]}}