{"id":1012193,"date":"2024-06-17T14:18:54","date_gmt":"2024-06-17T06:18:54","guid":{"rendered":"https:\/\/vimaterial.de\/product\/oxido-de-calcio\/"},"modified":"2024-12-27T14:57:54","modified_gmt":"2024-12-27T06:57:54","slug":"oxido-de-calcio","status":"publish","type":"product","link":"https:\/\/vimaterial.de\/es\/product\/oxido-de-calcio\/","title":{"rendered":"\u00d3xido de calcio"},"content":{"rendered":"<p>El objetivo de pulverizaci\u00f3n cat\u00f3dica de \u00f3xido de calcio (CaO) es un objetivo cer\u00e1mico de uso com\u00fan, utilizado principalmente en la preparaci\u00f3n de electr\u00f3nica, \u00f3ptica y pel\u00edculas funcionales. VIMATERIAL tambi\u00e9n proporciona polvos de \u00f3xido de calcio y gr\u00e1nulos de \u00f3xido de calcio. Si tiene alguna necesidad, p\u00f3ngase en contacto con nosotros.<\/p>\n<h2><span style=\"font-size: 14pt;\">Propiedades<\/span><\/h2>\n<p>F\u00f3rmula qu\u00edmica:CaO Masa molar:56.0774 g\/mol Aspecto:Polvo blanco a amarillo p\u00e1lido\/marr\u00f3n<\/p>\n<p>Olor:Inodoro<\/p>\n<p>Densidad:3,34 g\/cm3 Punto de fusi\u00f3n:2.613 \u00b0C Punto de ebullici\u00f3n:2.850 \u00b0C Solubilidad en agua:Reacciona para formar hidr\u00f3xido de calcio Solubilidad en metanol:Insoluble<\/p>\n<h2><span style=\"font-size: 14pt;\">Aplicaci\u00f3n<\/span><\/h2>\n<p>Preparaci\u00f3n de pel\u00edcula delgada: Los objetivos de pulverizaci\u00f3n cat\u00f3dica de \u00f3xido de calcio se utilizan para fabricar recubrimientos \u00f3pticos, capas aislantes y recubrimientos antirreflectantes. Dispositivos electr\u00f3nicos: Los objetivos de pulverizaci\u00f3n cat\u00f3dica de \u00f3xido de calcio se utilizan como materiales diel\u00e9ctricos en el campo de los semiconductores. Recubrimientos funcionales: Mejoran la resistencia a la corrosi\u00f3n y la resistencia a altas temperaturas de los equipos.<\/p>\n<h2><span style=\"font-size: 14pt;\">Control de calidad<\/span><\/h2>\n<p>Nuestros productos implementan el sistema de gesti\u00f3n de calidad m\u00e1s estricto. Existen estrictos est\u00e1ndares de inspecci\u00f3n para los materiales entrantes, los procesos, las inspecciones finales y las inspecciones de f\u00e1brica. Se adoptar\u00e1n estrictas medidas de aislamiento para el procesamiento no calificado para evitar que los productos no calificados fluyan hacia el siguiente proceso. Las muestras se proporcionar\u00e1n a los clientes de acuerdo con los requisitos del cliente para la reinspecci\u00f3n.   <\/p>\n<h2><span style=\"font-size: 14pt;\">Embalaje y almacenamiento<\/span><\/h2>\n<p>Envuelto con materiales blandos en el interior y envasado al vac\u00edo, y empacado en cartones \/ cajas de madera en el exterior. Los objetivos de pulverizaci\u00f3n cat\u00f3dica de \u00f3xido de calcio deben almacenarse en un entorno seco y sellado a temperatura constante para evitar la humedad y la contaminaci\u00f3n y garantizar su excelente rendimiento y estabilidad de la pel\u00edcula.<\/p>\n","protected":false},"excerpt":{"rendered":"<p>El objetivo de pulverizaci\u00f3n cat\u00f3dica de \u00f3xido de calcio (CaO) es un objetivo cer\u00e1mico de uso com\u00fan, utilizado principalmente en la preparaci\u00f3n de electr\u00f3nica, \u00f3ptica y pel\u00edculas funcionales. VIMATERIAL tambi\u00e9n proporciona polvos de \u00f3xido de calcio y gr\u00e1nulos de \u00f3xido de calcio. Si tiene alguna necesidad, p\u00f3ngase en contacto con nosotros. Propiedades F\u00f3rmula qu\u00edmica:CaO Masa [&hellip;]<\/p>\n","protected":false},"featured_media":1030020,"comment_status":"open","ping_status":"closed","template":"","meta":{"_acf_changed":false},"product_brand":[],"product_cat":[178],"product_tag":[],"class_list":{"0":"post-1012193","1":"product","2":"type-product","3":"status-publish","4":"has-post-thumbnail","6":"product_cat-catodos-para-sputtering-planar","8":"first","9":"instock","10":"shipping-taxable","11":"product-type-variable"},"acf":[],"_links":{"self":[{"href":"https:\/\/vimaterial.de\/es\/wp-json\/wp\/v2\/product\/1012193","targetHints":{"allow":["GET"]}}],"collection":[{"href":"https:\/\/vimaterial.de\/es\/wp-json\/wp\/v2\/product"}],"about":[{"href":"https:\/\/vimaterial.de\/es\/wp-json\/wp\/v2\/types\/product"}],"replies":[{"embeddable":true,"href":"https:\/\/vimaterial.de\/es\/wp-json\/wp\/v2\/comments?post=1012193"}],"wp:featuredmedia":[{"embeddable":true,"href":"https:\/\/vimaterial.de\/es\/wp-json\/wp\/v2\/media\/1030020"}],"wp:attachment":[{"href":"https:\/\/vimaterial.de\/es\/wp-json\/wp\/v2\/media?parent=1012193"}],"wp:term":[{"taxonomy":"product_brand","embeddable":true,"href":"https:\/\/vimaterial.de\/es\/wp-json\/wp\/v2\/product_brand?post=1012193"},{"taxonomy":"product_cat","embeddable":true,"href":"https:\/\/vimaterial.de\/es\/wp-json\/wp\/v2\/product_cat?post=1012193"},{"taxonomy":"product_tag","embeddable":true,"href":"https:\/\/vimaterial.de\/es\/wp-json\/wp\/v2\/product_tag?post=1012193"}],"curies":[{"name":"wp","href":"https:\/\/api.w.org\/{rel}","templated":true}]}}