{"id":1012185,"date":"2024-06-17T14:18:55","date_gmt":"2024-06-17T06:18:55","guid":{"rendered":"https:\/\/vimaterial.de\/product\/seleniuro-calcico-2\/"},"modified":"2024-12-30T14:34:23","modified_gmt":"2024-12-30T06:34:23","slug":"seleniuro-calcico-2","status":"publish","type":"product","link":"https:\/\/vimaterial.de\/es\/product\/seleniuro-calcico-2\/","title":{"rendered":"Selenide de calcio"},"content":{"rendered":"<p>El seleniuro de calcio (CaSe) es un compuesto qu\u00edmico formado por los elementos calcio y selenio en igual proporci\u00f3n estequiom\u00e9trica. Es un material semiconductor II-VI, que se usa ampliamente en el campo optoelectr\u00f3nico debido a sus propiedades \u00f3pticas y el\u00e9ctricas \u00fanicas. VIMATERIAL proporciona varios seleniuros, como seleniuro de molibdeno (MoSe2), seleniuro de hafnio (HfSe2), seleniuro de circonio (ZrSe2), etc. <\/p>\n<p> Si est\u00e1 interesado, no dude en contactarnos.<\/p>\n<h2><span style=\"font-size: 14pt;\">Propiedades<\/span><\/h2>\n<p>F\u00f3rmula qu\u00edmica:CaSe Masa molar:119.038 g\/mol Densidad: 4.42 g\/cm3 Punto de fusi\u00f3n: 2000\u00baC Aspecto: S\u00f3lido marr\u00f3n rojizo Solubilidad: Insoluble en agua, f\u00e1cilmente afectado por la humedad y el ox\u00edgeno del aire.<\/p>\n<h2><span style=\"font-size: 14pt;\">Aplicaci\u00f3n<\/span><\/h2>\n<p>\u00d3ptica infrarroja: El seleniuro de calcio (CaSe) se utiliza como material \u00f3ptico en la fabricaci\u00f3n de ventanas y lentes infrarrojas. Dispositivos electr\u00f3nicos: El seleniuro de calcio (CaSe) se utiliza en dispositivos semiconductores como diodos emisores de luz (LED) y detectores. Investigaci\u00f3n de materiales: El seleniuro de calcio (CaSe) se utiliza como compuesto intermedio de investigaci\u00f3n para explorar nuevos materiales funcionales.<\/p>\n<h2><span style=\"font-size: 14pt;\">Control de calidad<\/span><\/h2>\n<p>Nuestros productos implementan el sistema de gesti\u00f3n de calidad m\u00e1s estricto. Existen estrictos est\u00e1ndares de inspecci\u00f3n para los materiales entrantes, los procesos, las inspecciones finales y las inspecciones de f\u00e1brica. Se adoptar\u00e1n estrictas medidas de aislamiento para el procesamiento no calificado para evitar que los productos no calificados fluyan hacia el siguiente proceso. Las muestras se proporcionar\u00e1n a los clientes de acuerdo con los requisitos del cliente para la reinspecci\u00f3n.   <\/p>\n<h2><span style=\"font-size: 14pt;\">Embalaje y almacenamiento<\/span><\/h2>\n<p>Envasado al vac\u00edo, la cantidad de empaque se puede proporcionar de acuerdo con los requisitos del cliente y empaquetarse por separado. El seleniuro de calcio (CaSe) debe sellarse y almacenarse en un entorno de protecci\u00f3n de gas seco e inerte (como nitr\u00f3geno o arg\u00f3n), evitando el contacto con el aire, la humedad y los oxidantes fuertes para evitar la descomposici\u00f3n o la degradaci\u00f3n del rendimiento. La temperatura de almacenamiento debe controlarse a temperatura ambiente, evitando la luz solar directa y el ambiente de alta temperatura.<\/p>\n","protected":false},"excerpt":{"rendered":"<p>El seleniuro de calcio (CaSe) es un compuesto qu\u00edmico formado por los elementos calcio y selenio en igual proporci\u00f3n estequiom\u00e9trica. Es un material semiconductor II-VI, que se usa ampliamente en el campo optoelectr\u00f3nico debido a sus propiedades \u00f3pticas y el\u00e9ctricas \u00fanicas. VIMATERIAL proporciona varios seleniuros, como seleniuro de molibdeno (MoSe2), seleniuro de hafnio (HfSe2), seleniuro [&hellip;]<\/p>\n","protected":false},"featured_media":1030030,"comment_status":"open","ping_status":"closed","template":"","meta":{"_acf_changed":false},"product_brand":[],"product_cat":[181],"product_tag":[],"class_list":{"0":"post-1012185","1":"product","2":"type-product","3":"status-publish","4":"has-post-thumbnail","6":"product_cat-materiales-calcogenuros","8":"first","9":"instock","10":"shipping-taxable","11":"product-type-variable"},"acf":[],"_links":{"self":[{"href":"https:\/\/vimaterial.de\/es\/wp-json\/wp\/v2\/product\/1012185","targetHints":{"allow":["GET"]}}],"collection":[{"href":"https:\/\/vimaterial.de\/es\/wp-json\/wp\/v2\/product"}],"about":[{"href":"https:\/\/vimaterial.de\/es\/wp-json\/wp\/v2\/types\/product"}],"replies":[{"embeddable":true,"href":"https:\/\/vimaterial.de\/es\/wp-json\/wp\/v2\/comments?post=1012185"}],"wp:featuredmedia":[{"embeddable":true,"href":"https:\/\/vimaterial.de\/es\/wp-json\/wp\/v2\/media\/1030030"}],"wp:attachment":[{"href":"https:\/\/vimaterial.de\/es\/wp-json\/wp\/v2\/media?parent=1012185"}],"wp:term":[{"taxonomy":"product_brand","embeddable":true,"href":"https:\/\/vimaterial.de\/es\/wp-json\/wp\/v2\/product_brand?post=1012185"},{"taxonomy":"product_cat","embeddable":true,"href":"https:\/\/vimaterial.de\/es\/wp-json\/wp\/v2\/product_cat?post=1012185"},{"taxonomy":"product_tag","embeddable":true,"href":"https:\/\/vimaterial.de\/es\/wp-json\/wp\/v2\/product_tag?post=1012185"}],"curies":[{"name":"wp","href":"https:\/\/api.w.org\/{rel}","templated":true}]}}