{"id":1012158,"date":"2024-06-17T14:18:55","date_gmt":"2024-06-17T06:18:55","guid":{"rendered":"https:\/\/vimaterial.de\/product\/silicato-calcico-2\/"},"modified":"2024-12-30T11:30:42","modified_gmt":"2024-12-30T03:30:42","slug":"silicato-calcico-2","status":"publish","type":"product","link":"https:\/\/vimaterial.de\/es\/product\/silicato-calcico-2\/","title":{"rendered":"Silicato de calcio"},"content":{"rendered":"<p>El silicato de calcio es una sustancia inorg\u00e1nica con la f\u00f3rmula qu\u00edmica CaSiO3. Se trata principalmente de cristales en forma de aguja y polvo blanco. VIMATERIAL tambi\u00e9n proporciona objetivos de silicato de calcio. Si tiene alguna necesidad, p\u00f3ngase en contacto con nosotros. <\/p>\n<h2><span style=\"font-size: 14pt;\">Propiedades<\/span><\/h2>\n<p>F\u00f3rmula qu\u00edmica:CaSiO3 Masa molar:172.239 g\/mol Densidad:2.9 g\/cm3 Punto de fusi\u00f3n:1540\u00baC Apariencia Polvo blanco. Inodoro. Solubilidad: Insoluble en agua.<\/p>\n<h2><span style=\"font-size: 14pt;\">Caracter\u00edsticas del silicato de calcio<\/span><\/h2>\n<p>1. Alta resistencia: cuando la densidad aparente es similar, es el material aislante m\u00e1s fuerte entre los materiales aislantes duros inorg\u00e1nicos. 2. Resistencia al calor: sin deformaci\u00f3n dentro del rango de temperatura de uso. 3 Aislamiento t\u00e9rmico: La conductividad t\u00e9rmica es menor que la de otros materiales aislantes de bloques duros. 4. Retardante de fuego para productos sin amianto 5 Antibacteriano, a prueba de moho, resistente al envejecimiento y a la corrosi\u00f3n para garantizar un medio ambiente saludable<\/p>\n<h2><span style=\"font-size: 14pt;\">Aplicaci\u00f3n<\/span><\/h2>\n<p>1. Campo de la construcci\u00f3n: El tablero de silicato de calcio es un material de construcci\u00f3n com\u00fan. Tiene las caracter\u00edsticas de peso ligero, alta resistencia y buena resistencia al fuego, por lo que es ampliamente utilizado en particiones y techos de edificios de gran altura, edificios residenciales, edificios de oficinas y otros edificios. 2. Campo cer\u00e1mico: Se puede utilizar como una de las materias primas para materiales cer\u00e1micos. Tiene las caracter\u00edsticas de buena estabilidad a alta temperatura y baja temperatura de sinterizaci\u00f3n, por lo que es ampliamente utilizado en la producci\u00f3n de productos cer\u00e1micos. Adem\u00e1s, el silicato de calcio tambi\u00e9n se puede utilizar para el recubrimiento superficial de productos cer\u00e1micos para mejorar su resistencia a la corrosi\u00f3n y al desgaste. 3. Campo de vidrio: El silicato de calcio se puede utilizar como una de las materias primas para el vidrio. Tiene las caracter\u00edsticas de buena estabilidad a alta temperatura y alto punto de fusi\u00f3n, por lo que es ampliamente utilizado en la producci\u00f3n de productos de vidrio. Adem\u00e1s, el silicato de calcio tambi\u00e9n se puede utilizar para el recubrimiento de la superficie de productos de vidrio para mejorar su resistencia a la corrosi\u00f3n y al desgaste. 4. Campo qu\u00edmico: CaSiO3 se puede utilizar como catalizador, desecante, etc. Tiene las caracter\u00edsticas de propiedades qu\u00edmicas estables y no es f\u00e1cil de reaccionar con el agua, por lo que es ampliamente utilizado en la producci\u00f3n qu\u00edmica. Adem\u00e1s, el silicato de calcio tambi\u00e9n se puede utilizar para preparar diversos compuestos org\u00e1nicos e inorg\u00e1nicos. <\/p>\n<h2><span style=\"font-size: 14pt;\">Control de calidad<\/span><\/h2>\n<p>Nuestros productos implementan el sistema de gesti\u00f3n de calidad m\u00e1s estricto. Existen estrictos est\u00e1ndares de inspecci\u00f3n para los materiales entrantes, los procesos, las inspecciones finales y las inspecciones de f\u00e1brica. Se adoptar\u00e1n estrictas medidas de aislamiento para el procesamiento no calificado para evitar que los productos no calificados fluyan hacia el siguiente proceso. Las muestras se proporcionar\u00e1n a los clientes de acuerdo con los requisitos del cliente para la reinspecci\u00f3n.   <\/p>\n<h2><span style=\"font-size: 14pt;\">Embalaje y almacenamiento<\/span><\/h2>\n<p>Envasado al vac\u00edo, la cantidad de empaque se puede proporcionar de acuerdo con los requisitos del cliente y empaquetarse por separado. La mejor temperatura de almacenamiento para el silicato de calcio es de 20 \u00b0C a 25 \u00b0C.  Evite las altas temperaturas y la humedad. Al mismo tiempo, preste atenci\u00f3n a la influencia de la luz, el ox\u00edgeno, el \u00e1cido y el \u00e1lcali. Al almacenar, aseg\u00farese de que el silicato de calcio est\u00e9 sellado y colocado en un ambiente seco y bien ventilado, lejos de sustancias \u00e1cidas y org\u00e1nicas. Adem\u00e1s, los tableros de silicato de calcio deben almacenarse en almacenes interiores, evitar la luz solar directa y la humedad, y evitar colisiones y deformaciones durante el transporte.<\/p>\n","protected":false},"excerpt":{"rendered":"<p>El silicato de calcio es una sustancia inorg\u00e1nica con la f\u00f3rmula qu\u00edmica CaSiO3. Se trata principalmente de cristales en forma de aguja y polvo blanco. VIMATERIAL tambi\u00e9n proporciona objetivos de silicato de calcio. Si tiene alguna necesidad, p\u00f3ngase en contacto con nosotros. Propiedades F\u00f3rmula qu\u00edmica:CaSiO3 Masa molar:172.239 g\/mol Densidad:2.9 g\/cm3 Punto de fusi\u00f3n:1540\u00baC Apariencia Polvo [&hellip;]<\/p>\n","protected":false},"featured_media":1030040,"comment_status":"open","ping_status":"closed","template":"","meta":{"_acf_changed":false},"product_brand":[],"product_cat":[187],"product_tag":[],"class_list":{"0":"post-1012158","1":"product","2":"type-product","3":"status-publish","4":"has-post-thumbnail","6":"product_cat-otros-materiales","8":"first","9":"instock","10":"shipping-taxable","11":"product-type-variable"},"acf":[],"_links":{"self":[{"href":"https:\/\/vimaterial.de\/es\/wp-json\/wp\/v2\/product\/1012158","targetHints":{"allow":["GET"]}}],"collection":[{"href":"https:\/\/vimaterial.de\/es\/wp-json\/wp\/v2\/product"}],"about":[{"href":"https:\/\/vimaterial.de\/es\/wp-json\/wp\/v2\/types\/product"}],"replies":[{"embeddable":true,"href":"https:\/\/vimaterial.de\/es\/wp-json\/wp\/v2\/comments?post=1012158"}],"wp:featuredmedia":[{"embeddable":true,"href":"https:\/\/vimaterial.de\/es\/wp-json\/wp\/v2\/media\/1030040"}],"wp:attachment":[{"href":"https:\/\/vimaterial.de\/es\/wp-json\/wp\/v2\/media?parent=1012158"}],"wp:term":[{"taxonomy":"product_brand","embeddable":true,"href":"https:\/\/vimaterial.de\/es\/wp-json\/wp\/v2\/product_brand?post=1012158"},{"taxonomy":"product_cat","embeddable":true,"href":"https:\/\/vimaterial.de\/es\/wp-json\/wp\/v2\/product_cat?post=1012158"},{"taxonomy":"product_tag","embeddable":true,"href":"https:\/\/vimaterial.de\/es\/wp-json\/wp\/v2\/product_tag?post=1012158"}],"curies":[{"name":"wp","href":"https:\/\/api.w.org\/{rel}","templated":true}]}}