{"id":1012152,"date":"2024-06-17T14:18:55","date_gmt":"2024-06-17T06:18:55","guid":{"rendered":"https:\/\/vimaterial.de\/product\/siliciuro-de-calcio\/"},"modified":"2024-12-30T14:14:19","modified_gmt":"2024-12-30T06:14:19","slug":"siliciuro-de-calcio","status":"publish","type":"product","link":"https:\/\/vimaterial.de\/es\/product\/siliciuro-de-calcio\/","title":{"rendered":"Siliciuro de calcio"},"content":{"rendered":"<p>El siliciuro de calcio es un compuesto inorg\u00e1nico con la f\u00f3rmula qu\u00edmica de CaSi2, que pertenece al siliciuro met\u00e1lico. VIMATERIAL proporciona varios siliciuros, como siliciuro de molibdeno (MoSi2), siliciuro de hafnio (HfSi2), siliciuro de circonio (ZrSi2), etc.<\/p>\n<p> Si est\u00e1 interesado, no dude en contactarnos.<\/p>\n<h2><span style=\"font-size: 14pt;\">Propiedades<\/span><\/h2>\n<p>F\u00f3rmula qu\u00edmica: CaSi2 Masa molar: 96.249 g\/mol Densidad: 2.5 g\/cm3 Punto de fusi\u00f3n: 1020\u00baC Aspecto: cristales hexagonales en forma de placa de color gris claro con brillo met\u00e1lico Solubilidad: insoluble en agua, soluble en \u00e1cido y \u00e1lcali. Estabilidad y reactividad: Materiales prohibidos: \u00e1cidos, agua, fl\u00faor. Condiciones para evitar el contacto: contacto con aire h\u00famedo.<\/p>\n<h2><span style=\"font-size: 14pt;\">Aplicaci\u00f3n<\/span><\/h2>\n<p>El siliciuro de calcio se utiliza principalmente como agente reductor en la fundici\u00f3n de metales y la producci\u00f3n de aleaciones. Tambi\u00e9n se puede utilizar para preparar diversos siliciuros, aleaciones de bismuto-plomo y otros compuestos. Tambi\u00e9n tiene ciertas aplicaciones en el combustible de motores de cohetes.  <\/p>\n<h2><span style=\"font-size: 14pt;\">Control de calidad<\/span><\/h2>\n<p>Nuestros productos implementan el sistema de gesti\u00f3n de calidad m\u00e1s estricto. Existen estrictos est\u00e1ndares de inspecci\u00f3n para los materiales entrantes, los procesos, las inspecciones finales y las inspecciones de f\u00e1brica. Se adoptar\u00e1n estrictas medidas de aislamiento para el procesamiento no calificado para evitar que los productos no calificados fluyan hacia el siguiente proceso. Las muestras se proporcionar\u00e1n a los clientes de acuerdo con los requisitos del cliente para la reinspecci\u00f3n.   <\/p>\n<h2><span style=\"font-size: 14pt;\">Embalaje y almacenamiento<\/span><\/h2>\n<p>Envasado al vac\u00edo, la cantidad de empaque se puede proporcionar de acuerdo con los requisitos del cliente y empaquetarse por separado. El siliciuro de calcio debe almacenarse en un lugar seco y ventilado, lejos de fuentes de fuego y calor para evitar accidentes. Este producto debe sellarse y almacenarse en un ambiente seco y fresco. No debe exponerse al aire durante mucho tiempo para evitar que la humedad se aglomere, lo que afectar\u00e1 el rendimiento de la dispersi\u00f3n y el efecto de uso. Adem\u00e1s, el siliciuro de calcio debe evitar la fuerte presi\u00f3n y el contacto con oxidantes. Debe transportarse como mercanc\u00eda ordinaria.<\/p>\n","protected":false},"excerpt":{"rendered":"<p>El siliciuro de calcio es un compuesto inorg\u00e1nico con la f\u00f3rmula qu\u00edmica de CaSi2, que pertenece al siliciuro met\u00e1lico. VIMATERIAL proporciona varios siliciuros, como siliciuro de molibdeno (MoSi2), siliciuro de hafnio (HfSi2), siliciuro de circonio (ZrSi2), etc. Si est\u00e1 interesado, no dude en contactarnos. Propiedades F\u00f3rmula qu\u00edmica: CaSi2 Masa molar: 96.249 g\/mol Densidad: 2.5 g\/cm3 [&hellip;]<\/p>\n","protected":false},"featured_media":1030035,"comment_status":"open","ping_status":"closed","template":"","meta":{"_acf_changed":false},"product_brand":[],"product_cat":[183],"product_tag":[],"class_list":{"0":"post-1012152","1":"product","2":"type-product","3":"status-publish","4":"has-post-thumbnail","6":"product_cat-c-n-b-si-materiales","8":"first","9":"instock","10":"shipping-taxable","11":"product-type-variable"},"acf":[],"_links":{"self":[{"href":"https:\/\/vimaterial.de\/es\/wp-json\/wp\/v2\/product\/1012152","targetHints":{"allow":["GET"]}}],"collection":[{"href":"https:\/\/vimaterial.de\/es\/wp-json\/wp\/v2\/product"}],"about":[{"href":"https:\/\/vimaterial.de\/es\/wp-json\/wp\/v2\/types\/product"}],"replies":[{"embeddable":true,"href":"https:\/\/vimaterial.de\/es\/wp-json\/wp\/v2\/comments?post=1012152"}],"wp:featuredmedia":[{"embeddable":true,"href":"https:\/\/vimaterial.de\/es\/wp-json\/wp\/v2\/media\/1030035"}],"wp:attachment":[{"href":"https:\/\/vimaterial.de\/es\/wp-json\/wp\/v2\/media?parent=1012152"}],"wp:term":[{"taxonomy":"product_brand","embeddable":true,"href":"https:\/\/vimaterial.de\/es\/wp-json\/wp\/v2\/product_brand?post=1012152"},{"taxonomy":"product_cat","embeddable":true,"href":"https:\/\/vimaterial.de\/es\/wp-json\/wp\/v2\/product_cat?post=1012152"},{"taxonomy":"product_tag","embeddable":true,"href":"https:\/\/vimaterial.de\/es\/wp-json\/wp\/v2\/product_tag?post=1012152"}],"curies":[{"name":"wp","href":"https:\/\/api.w.org\/{rel}","templated":true}]}}