{"id":1012139,"date":"2024-06-17T14:18:55","date_gmt":"2024-06-17T06:18:55","guid":{"rendered":"https:\/\/vimaterial.de\/product\/silicato-calcico\/"},"modified":"2024-12-30T13:48:08","modified_gmt":"2024-12-30T05:48:08","slug":"silicato-calcico","status":"publish","type":"product","link":"https:\/\/vimaterial.de\/es\/product\/silicato-calcico\/","title":{"rendered":"Silicato de calcio"},"content":{"rendered":"<p>El objetivo de pulverizaci\u00f3n cat\u00f3dica de silicato de calcio es un material objetivo com\u00fanmente utilizado en el proceso de recubrimiento por pulverizaci\u00f3n cat\u00f3dica, principalmente utilizado para fabricar materiales o recubrimientos de pel\u00edcula delgada. VIMATERIAL tambi\u00e9n proporciona silicato de calcio en polvo. Si tiene alguna necesidad, p\u00f3ngase en contacto con nosotros.<\/p>\n<h2><span style=\"font-size: 14pt;\">Propiedades<\/span><\/h2>\n<p>F\u00f3rmula qu\u00edmica:CaSiO3 Masa molar:172.239 g\/mol Densidad:2.9 g\/cm3 Punto de fusi\u00f3n:1540\u00baC Apariencia Polvo blanco. Inodoro. Solubilidad: Insoluble en agua.<\/p>\n<h2><span style=\"font-size: 14pt;\">Caracter\u00edsticas del silicato de calcio<\/span><\/h2>\n<p>1. Alta resistencia: cuando la densidad aparente es similar, es el material aislante m\u00e1s fuerte entre los materiales aislantes duros inorg\u00e1nicos. 2. Resistencia al calor: sin deformaci\u00f3n dentro del rango de temperatura de uso. 3 Aislamiento t\u00e9rmico: La conductividad t\u00e9rmica es menor que la de otros materiales aislantes de bloques duros. 4. Retardante de fuego para productos sin amianto 5 Antibacteriano, a prueba de moho, resistente al envejecimiento y a la corrosi\u00f3n para garantizar un medio ambiente saludable<\/p>\n<h2><span style=\"font-size: 14pt;\">Aplicaci\u00f3n<\/span><\/h2>\n<p>Industria electr\u00f3nica: El objetivo de pulverizaci\u00f3n cat\u00f3dica de silicato de calcio se utiliza para producir pel\u00edculas conductoras, capas aislantes o recubrimientos funcionales. Aplicaciones \u00f3pticas: El objetivo de pulverizaci\u00f3n cat\u00f3dica de silicato de calcio se puede utilizar como pel\u00edculas antirreflectantes o capas de ajuste \u00f3ptico. Materiales de construcci\u00f3n: El objetivo de pulverizaci\u00f3n cat\u00f3dica de silicato de calcio se utiliza para mejorar la durabilidad y la est\u00e9tica de la superficie del material. Recubrimientos decorativos: El objetivo de pulverizaci\u00f3n cat\u00f3dica de silicato de calcio proporciona protecci\u00f3n y funciones decorativas para sustratos como el vidrio y la cer\u00e1mica.<\/p>\n<h2><span style=\"font-size: 14pt;\">Control de calidad<\/span><\/h2>\n<p>Nuestros productos implementan el sistema de gesti\u00f3n de calidad m\u00e1s estricto. Existen estrictos est\u00e1ndares de inspecci\u00f3n para los materiales entrantes, los procesos, las inspecciones finales y las inspecciones de f\u00e1brica. Se adoptar\u00e1n estrictas medidas de aislamiento para el procesamiento no calificado para evitar que los productos no calificados fluyan hacia el siguiente proceso. Las muestras se proporcionar\u00e1n a los clientes de acuerdo con los requisitos del cliente para la reinspecci\u00f3n.   <\/p>\n<h2><span style=\"font-size: 14pt;\">Embalaje y almacenamiento<\/span><\/h2>\n<p>Envuelto con materiales blandos y envasado al vac\u00edo en el interior, embalado en caja de madera \/ cart\u00f3n en el exterior. Los objetivos de pulverizaci\u00f3n cat\u00f3dica de silicato de calcio deben almacenarse en un ambiente seco, fresco y bien ventilado para evitar la humedad y la exposici\u00f3n a altas temperaturas. Se recomienda utilizar un embalaje a prueba de humedad para sellar durante el almacenamiento y evitar la absorci\u00f3n de humedad o la contaminaci\u00f3n. Mant\u00e9ngalo alejado de gases \u00e1cidos, alcalinos o corrosivos para garantizar la estabilidad a largo plazo del rendimiento del material.<\/p>\n","protected":false},"excerpt":{"rendered":"<p>El objetivo de pulverizaci\u00f3n cat\u00f3dica de silicato de calcio es un material objetivo com\u00fanmente utilizado en el proceso de recubrimiento por pulverizaci\u00f3n cat\u00f3dica, principalmente utilizado para fabricar materiales o recubrimientos de pel\u00edcula delgada. VIMATERIAL tambi\u00e9n proporciona silicato de calcio en polvo. Si tiene alguna necesidad, p\u00f3ngase en contacto con nosotros. Propiedades F\u00f3rmula qu\u00edmica:CaSiO3 Masa molar:172.239 [&hellip;]<\/p>\n","protected":false},"featured_media":1040807,"comment_status":"open","ping_status":"closed","template":"","meta":{"_acf_changed":false},"product_brand":[],"product_cat":[178],"product_tag":[],"class_list":{"0":"post-1012139","1":"product","2":"type-product","3":"status-publish","4":"has-post-thumbnail","6":"product_cat-catodos-para-sputtering-planar","8":"first","9":"instock","10":"shipping-taxable","11":"product-type-variable"},"acf":[],"_links":{"self":[{"href":"https:\/\/vimaterial.de\/es\/wp-json\/wp\/v2\/product\/1012139","targetHints":{"allow":["GET"]}}],"collection":[{"href":"https:\/\/vimaterial.de\/es\/wp-json\/wp\/v2\/product"}],"about":[{"href":"https:\/\/vimaterial.de\/es\/wp-json\/wp\/v2\/types\/product"}],"replies":[{"embeddable":true,"href":"https:\/\/vimaterial.de\/es\/wp-json\/wp\/v2\/comments?post=1012139"}],"wp:featuredmedia":[{"embeddable":true,"href":"https:\/\/vimaterial.de\/es\/wp-json\/wp\/v2\/media\/1040807"}],"wp:attachment":[{"href":"https:\/\/vimaterial.de\/es\/wp-json\/wp\/v2\/media?parent=1012139"}],"wp:term":[{"taxonomy":"product_brand","embeddable":true,"href":"https:\/\/vimaterial.de\/es\/wp-json\/wp\/v2\/product_brand?post=1012139"},{"taxonomy":"product_cat","embeddable":true,"href":"https:\/\/vimaterial.de\/es\/wp-json\/wp\/v2\/product_cat?post=1012139"},{"taxonomy":"product_tag","embeddable":true,"href":"https:\/\/vimaterial.de\/es\/wp-json\/wp\/v2\/product_tag?post=1012139"}],"curies":[{"name":"wp","href":"https:\/\/api.w.org\/{rel}","templated":true}]}}