{"id":1012126,"date":"2024-06-17T14:32:11","date_gmt":"2024-06-17T06:32:11","guid":{"rendered":"https:\/\/vimaterial.de\/product\/vanadio-volframio\/"},"modified":"2025-04-17T15:35:19","modified_gmt":"2025-04-17T07:35:19","slug":"vanadio-volframio","status":"publish","type":"product","link":"https:\/\/vimaterial.de\/es\/product\/vanadio-volframio\/","title":{"rendered":"Tungsteno de vanadio"},"content":{"rendered":"<p>El objetivo de pulverizaci\u00f3n cat\u00f3dica de tungsteno y vanadio es un tipo de objetivo de aleaci\u00f3n hecho de vanadio y tungsteno, que se utiliza principalmente en el proceso de deposici\u00f3n f\u00edsica de vapor, a trav\u00e9s de la pulverizaci\u00f3n cat\u00f3dica para hacer que los \u00e1tomos V y W se depositen en el sustrato, para formar una pel\u00edcula delgada con alta dureza, buena resistencia a la abrasi\u00f3n y resistencia a altas temperaturas, etc., que juega un papel importante en el campo de la electr\u00f3nica,  maquinaria y otros campos.<\/p>\n<p>VIMATERIAL suministra blancos de pulverizaci\u00f3n cat\u00f3dica de tungsteno y vanadio. Nuestros objetivos de pulverizaci\u00f3n cat\u00f3dica de tungsteno y vanadio se caracterizan por un alto punto de fusi\u00f3n y una alta dureza, y las pel\u00edculas delgadas formadas por ellos tienen una excelente resistencia a la abrasi\u00f3n, resistencia a altas temperaturas y buena estabilidad qu\u00edmica. Nos hemos dedicado a la investigaci\u00f3n de materiales qu\u00edmicos inorg\u00e1nicos durante muchos a\u00f1os y tambi\u00e9n brindamos el servicio de encuadernaci\u00f3n de objetivos de pulverizaci\u00f3n cat\u00f3dica. Contamos con un equipo experimentado y profesional para aceptar personalizaciones y experimentos,<span style=\"color: #0000ff;\"><a style=\"color: #0000ff;\" href=\"https:\/\/vimaterial.de\/en\/contact-us\/\"> cont\u00e1ctenos<\/a><\/span> si lo necesita.   <\/p>\n<h2><span style=\"font-size: 14pt;\">Propiedades f\u00edsicas<\/span><\/h2>\n<p>F\u00f3rmula molecular: VW<\/p>\n<p>Aspecto: Objetivos de brillo met\u00e1lico generalmente de color gris plateado<\/p>\n<p>Densidad: entre 18,9-19,3 g\/cm\u00b3.<\/p>\n<p>Punto de ebullici\u00f3n: por encima de 3000 \u00b0C<\/p>\n<p>Estructura cristalina: principalmente estructura c\u00fabica centrada en el cuerpo<\/p>\n<h2><span style=\"font-size: 14pt;\">Aplicaciones<\/span><\/h2>\n<p>Campo electr\u00f3nico: El objetivo de pulverizaci\u00f3n cat\u00f3dica de tungsteno y vanadio se utiliza en la capa de metalizaci\u00f3n de chips electr\u00f3nicos, utilizando su alta conductividad y resistencia a altas temperaturas, puede reducir efectivamente la p\u00e9rdida de transmisi\u00f3n de se\u00f1al y garantizar que el chip funcione de manera estable bajo alta integraci\u00f3n y alta velocidad de c\u00f3mputo.<\/p>\n<p>Campo aeroespacial: la pel\u00edcula delgada formada por el material objetivo se deposita en la superficie de las partes de alta temperatura del motor de aviaci\u00f3n, que puede resistir eficazmente la fricci\u00f3n entre el lavado de gas a alta temperatura y las piezas para prolongar la vida \u00fatil de las piezas del motor en virtud de sus excelentes propiedades de alta temperatura y resistencia al desgaste.<\/p>\n<p>Industria automotriz: utilizado en motores automotrices, pistones, v\u00e1lvulas y otras partes m\u00f3viles del recubrimiento de la superficie, su alta dureza y buena resistencia al desgaste pueden reducir el desgaste entre piezas, mejorar la confiabilidad del motor y la eficiencia del combustible.<\/p>\n<p>Industria de recubrimiento al vac\u00edo: en el equipo de recubrimiento al vac\u00edo, el objetivo se pulveriza para formar una pel\u00edcula delgada en la superficie de lentes \u00f3pticas, art\u00edculos decorativos y otros objetos, que pueden darles caracter\u00edsticas como alta dureza y alta reflectividad, y mejorar la calidad y est\u00e9tica de los productos.<\/p>\n<h2><span style=\"font-size: 14pt;\">Control de calidad<\/span><\/h2>\n<p><span style=\"color: #0000ff;\"><a style=\"color: #0000ff;\" href=\"https:\/\/vimaterial.de\/en\/quality-control\/\">Cada lote<\/a><\/span> de productos sigue estrictos principios de control de calidad, en general para garantizar que cada lote de materiales de adquisici\u00f3n de materias primas, procesamiento, productos terminados fuera del almac\u00e9n tengan instrumentos avanzados, est\u00e1ndares de inspecci\u00f3n estrictos, registros de inspecci\u00f3n perfectos, para garantizar que la calidad del producto se pueda controlar y la trazabilidad del producto, cada lote de productos va acompa\u00f1ado de MSDS,  Informes COA, TDS, PSD, XRD, etc., y cada lote de productos se proporcionar\u00e1 con muestras al cliente, tambi\u00e9n apoyamos a los clientes para solicitar a organizaciones de inspecci\u00f3n de terceros que inspeccionen los productos. Proporcionaremos a los clientes muestras de cada lote de productos, y tambi\u00e9n ayudaremos a los clientes a solicitar a organizaciones de inspecci\u00f3n de terceros que inspeccionen los productos. <\/p>\n<h2><span style=\"font-size: 14pt;\">Embalaje y almacenamiento<\/span><\/h2>\n<p>Los objetivos de pulverizaci\u00f3n cat\u00f3dica de tungsteno y vanadio se empaquetan en bolsas de vac\u00edo dobles y se empaquetan en cajas, luego se empaquetan en cajas de cart\u00f3n.<\/p>\n<p>Los blancos de pulverizaci\u00f3n cat\u00f3dica de tungsteno y vanadio deben almacenarse en un ambiente seco, fresco y bien ventilado, evitando la humedad, el contacto con sustancias corrosivas y la colisi\u00f3n violenta, y al mismo tiempo deben mantenerse alejados de altas temperaturas y fuentes de llamas abiertas, a fin de garantizar la estabilidad de su composici\u00f3n y la integridad de su forma f\u00edsica.<\/p>\n","protected":false},"excerpt":{"rendered":"<p>El objetivo de pulverizaci\u00f3n cat\u00f3dica de tungsteno y vanadio es un tipo de objetivo de aleaci\u00f3n hecho de vanadio y tungsteno, que se utiliza principalmente en el proceso de deposici\u00f3n f\u00edsica de vapor, a trav\u00e9s de la pulverizaci\u00f3n cat\u00f3dica para hacer que los \u00e1tomos V y W se depositen en el sustrato, para formar una pel\u00edcula delgada con alta dureza, buena resistencia a la abrasi\u00f3n y resistencia a altas temperaturas, etc., que juega un papel importante en el campo de la electr\u00f3nica,  maquinaria y otros campos.<\/p>\n","protected":false},"featured_media":1001174,"comment_status":"open","ping_status":"closed","template":"","meta":{"_acf_changed":false},"product_brand":[],"product_cat":[178],"product_tag":[],"class_list":{"0":"post-1012126","1":"product","2":"type-product","3":"status-publish","4":"has-post-thumbnail","6":"product_cat-catodos-para-sputtering-planar","8":"first","9":"instock","10":"shipping-taxable","11":"product-type-variable"},"acf":[],"_links":{"self":[{"href":"https:\/\/vimaterial.de\/es\/wp-json\/wp\/v2\/product\/1012126","targetHints":{"allow":["GET"]}}],"collection":[{"href":"https:\/\/vimaterial.de\/es\/wp-json\/wp\/v2\/product"}],"about":[{"href":"https:\/\/vimaterial.de\/es\/wp-json\/wp\/v2\/types\/product"}],"replies":[{"embeddable":true,"href":"https:\/\/vimaterial.de\/es\/wp-json\/wp\/v2\/comments?post=1012126"}],"wp:featuredmedia":[{"embeddable":true,"href":"https:\/\/vimaterial.de\/es\/wp-json\/wp\/v2\/media\/1001174"}],"wp:attachment":[{"href":"https:\/\/vimaterial.de\/es\/wp-json\/wp\/v2\/media?parent=1012126"}],"wp:term":[{"taxonomy":"product_brand","embeddable":true,"href":"https:\/\/vimaterial.de\/es\/wp-json\/wp\/v2\/product_brand?post=1012126"},{"taxonomy":"product_cat","embeddable":true,"href":"https:\/\/vimaterial.de\/es\/wp-json\/wp\/v2\/product_cat?post=1012126"},{"taxonomy":"product_tag","embeddable":true,"href":"https:\/\/vimaterial.de\/es\/wp-json\/wp\/v2\/product_tag?post=1012126"}],"curies":[{"name":"wp","href":"https:\/\/api.w.org\/{rel}","templated":true}]}}