{"id":1012089,"date":"2024-06-17T14:32:57","date_gmt":"2024-06-17T06:32:57","guid":{"rendered":"https:\/\/vimaterial.de\/product\/cromo-metal-6\/"},"modified":"2025-04-17T15:31:45","modified_gmt":"2025-04-17T07:31:45","slug":"cromo-metal-6","status":"publish","type":"product","link":"https:\/\/vimaterial.de\/es\/product\/cromo-metal-6\/","title":{"rendered":"Cromo met\u00e1lico"},"content":{"rendered":"<p><span style=\"color: #0000ff;\"><a style=\"color: #0000ff;\" href=\"https:\/\/vimaterial.de\/es\/product\/cromo-metal-5\/\">Las piezas de cromo<\/a> <\/span>son un tipo de material de cromo en escamas de brillo met\u00e1lico de color gris plateado, duro y quebradizo, con alto punto de fusi\u00f3n, alto punto de ebullici\u00f3n, caracter\u00edsticas de alta densidad, estabilidad qu\u00edmica, resistencia a la corrosi\u00f3n, en producci\u00f3n industrial e investigaci\u00f3n cient\u00edfica y otros campos tienen una amplia gama de aplicaciones.<\/p>\n<p>VIMATERIAL suministra piezas de cromo. Las piezas de cromo suministradas por nuestra empresa tienen las ventajas de una pureza extremadamente alta, una especificaci\u00f3n de tama\u00f1o precisa, una excelente calidad de superficie, una excelente resistencia a la corrosi\u00f3n y un buen equilibrio de dureza y tenacidad. Somos un proveedor profesional de materias primas qu\u00edmicas inorg\u00e1nicas, <span style=\"color: #0000ff;\"><a style=\"color: #0000ff;\" href=\"https:\/\/vimaterial.de\/es\/contacto\/\">cont\u00e1ctenos<\/a> <\/span>para cualquiera de sus necesidades.  <\/p>\n<h2><span style=\"font-size: 14pt;\">Propiedades f\u00edsicas<\/span><\/h2>\n<p>F\u00f3rmula molecular: Cr<\/p>\n<p>Peso molecular: 51.996 g\/mol<\/p>\n<p>Aspecto: chapa met\u00e1lica brillante gris acero dura y quebradiza<\/p>\n<p>Densidad: 7,15 g\/cm\u00b3<\/p>\n<p>Punto de fusi\u00f3n: 1900 \u00b0C<\/p>\n<p>Punto de ebullici\u00f3n: 2642 \u00b0C<\/p>\n<p>Estructura cristalina: c\u00fabica centrada en el cuerpo<\/p>\n<h2><span style=\"font-size: 14pt;\">Aplicaciones<\/span><\/h2>\n<p>Electr\u00f3nica: En la fabricaci\u00f3n de productos electr\u00f3nicos, las piezas de cromo pueden proporcionar recubrimientos estables y resistentes a la corrosi\u00f3n para componentes de precisi\u00f3n como chips, garantizando la transmisi\u00f3n de se\u00f1ales y prolongando la vida \u00fatil de los productos electr\u00f3nicos en virtud de su excelente conductividad el\u00e9ctrica.<\/p>\n<p>Industria qu\u00edmica: Las piezas de cromo se utilizan como materia prima para la preparaci\u00f3n de catalizadores, que son ampliamente utilizados en la industria petroqu\u00edmica para reacciones complejas como la hidrogenaci\u00f3n y la deshidrogenaci\u00f3n, acelerando efectivamente el proceso de reacci\u00f3n y aumentando el rendimiento.<\/p>\n<p>Automoci\u00f3n: Las piezas de cromo se incorporan a menudo en piezas clave resistentes al desgaste, como los segmentos de pist\u00f3n y las v\u00e1lvulas, dentro de los motores de autom\u00f3viles, lo que mejora en gran medida la resistencia al desgaste y la resistencia a la fatiga t\u00e9rmica y optimiza el rendimiento del motor.<\/p>\n<p>En el campo del mecanizado: debido a su alta dureza y resistencia al desgaste, las herramientas y moldes hechos de piezas de cromo pueden trabajar de manera precisa y eficiente en los procesos de corte, estampaci\u00f3n y conformado de metales para mejorar la calidad del procesamiento.<\/p>\n<h2><span style=\"font-size: 14pt;\">Control de calidad<\/span><\/h2>\n<p><span style=\"color: #0000ff;\"><a style=\"color: #0000ff;\" href=\"https:\/\/vimaterial.de\/es\/control-de-calidad\/\">Cada lote<\/a><\/span> de productos sigue estrictos principios de control de calidad, asegurando que cada lote de materiales de la compra de materias primas, el procesamiento y los productos terminados fuera del almac\u00e9n est\u00e9n equipados con instrumentos avanzados, estrictos est\u00e1ndares de inspecci\u00f3n y registros de inspecci\u00f3n perfectos para garantizar que la calidad del producto se pueda controlar y la trazabilidad del producto, y cada lote de productos va acompa\u00f1ado de MSDS,  Informes COA, TDS, PSD y XRD, etc. Tambi\u00e9n proporcionamos muestras de cada lote de productos. Cada lote de productos proporcionar\u00e1 muestras a los clientes, tambi\u00e9n apoyar\u00e1 a los clientes para solicitar a organizaciones de prueba de terceros que prueben los productos.  <\/p>\n<h2><span style=\"font-size: 14pt;\">Embalaje y almacenamiento<\/span><\/h2>\n<p>Las piezas de cromo se empaquetan en bolsas de vac\u00edo de doble capa o botellas de vac\u00edo de doble capa y se empaquetan en cajas de cart\u00f3n.<\/p>\n<p>Las piezas de cromo deben almacenarse en un ambiente seco, bien ventilado y a una temperatura estable en recipientes sellados, evitando el contacto con agua, \u00e1cidos fuertes, agentes oxidantes fuertes y sustancias propensas a reacciones qu\u00edmicas, y evitando su humedad, corrosi\u00f3n u oxidaci\u00f3n.<\/p>\n","protected":false},"excerpt":{"rendered":"<p><span style=\"color: #0000ff;\"><a style=\"color: #0000ff;\" href=\"https:\/\/vimaterial.de\/es\/product\/cromo-metal-5\/\">Las piezas de cromo<\/a> <\/span>son un tipo de material de cromo en escamas de brillo met\u00e1lico de color gris plateado, duro y quebradizo, con alto punto de fusi\u00f3n, alto punto de ebullici\u00f3n, caracter\u00edsticas de alta densidad, estabilidad qu\u00edmica, resistencia a la corrosi\u00f3n, en producci\u00f3n industrial e investigaci\u00f3n cient\u00edfica y otros campos tienen una amplia gama de aplicaciones.<\/p>\n","protected":false},"featured_media":1001194,"comment_status":"open","ping_status":"closed","template":"","meta":{"_acf_changed":false},"product_brand":[],"product_cat":[179],"product_tag":[],"class_list":{"0":"post-1012089","1":"product","2":"type-product","3":"status-publish","4":"has-post-thumbnail","6":"product_cat-materiales-de-evaporacion","8":"first","9":"instock","10":"shipping-taxable","11":"purchasable","12":"product-type-variable"},"acf":[],"_links":{"self":[{"href":"https:\/\/vimaterial.de\/es\/wp-json\/wp\/v2\/product\/1012089","targetHints":{"allow":["GET"]}}],"collection":[{"href":"https:\/\/vimaterial.de\/es\/wp-json\/wp\/v2\/product"}],"about":[{"href":"https:\/\/vimaterial.de\/es\/wp-json\/wp\/v2\/types\/product"}],"replies":[{"embeddable":true,"href":"https:\/\/vimaterial.de\/es\/wp-json\/wp\/v2\/comments?post=1012089"}],"wp:featuredmedia":[{"embeddable":true,"href":"https:\/\/vimaterial.de\/es\/wp-json\/wp\/v2\/media\/1001194"}],"wp:attachment":[{"href":"https:\/\/vimaterial.de\/es\/wp-json\/wp\/v2\/media?parent=1012089"}],"wp:term":[{"taxonomy":"product_brand","embeddable":true,"href":"https:\/\/vimaterial.de\/es\/wp-json\/wp\/v2\/product_brand?post=1012089"},{"taxonomy":"product_cat","embeddable":true,"href":"https:\/\/vimaterial.de\/es\/wp-json\/wp\/v2\/product_cat?post=1012089"},{"taxonomy":"product_tag","embeddable":true,"href":"https:\/\/vimaterial.de\/es\/wp-json\/wp\/v2\/product_tag?post=1012089"}],"curies":[{"name":"wp","href":"https:\/\/api.w.org\/{rel}","templated":true}]}}