{"id":1012080,"date":"2024-06-17T14:32:56","date_gmt":"2024-06-17T06:32:56","guid":{"rendered":"https:\/\/vimaterial.de\/product\/cromo-metal-5\/"},"modified":"2025-04-17T15:33:23","modified_gmt":"2025-04-17T07:33:23","slug":"cromo-metal-5","status":"publish","type":"product","link":"https:\/\/vimaterial.de\/es\/product\/cromo-metal-5\/","title":{"rendered":"Cromo met\u00e1lico"},"content":{"rendered":"<p><span style=\"color: #0000ff;\"><a style=\"color: #0000ff;\" href=\"https:\/\/vimaterial.de\/es\/product\/cromo-metal\/\">Los gr\u00e1nulos de cromo<\/a> <\/span>son un tipo de material de cromo en forma granular, generalmente de apariencia gris plateada, con alta dureza, buena estabilidad qu\u00edmica, excelente resistencia a altas temperaturas y corrosi\u00f3n, y tiene una amplia gama de aplicaciones en metalurgia, industria qu\u00edmica y muchos otros campos.<\/p>\n<p>VIMATERIAL suministra gr\u00e1nulos de cromo en varias purezas y tama\u00f1os de part\u00edcula, y los gr\u00e1nulos de cromo suministrados por nuestra empresa se caracterizan por su alta pureza, tama\u00f1o de part\u00edcula uniforme, alta estabilidad qu\u00edmica y bajo contenido de impurezas. Somos un proveedor profesional de materias primas qu\u00edmicas inorg\u00e1nicas, <span style=\"color: #0000ff;\"><a style=\"color: #0000ff;\" href=\"https:\/\/vimaterial.de\/es\/contacto\/\">cont\u00e1ctenos<\/a><\/span> para cualquiera de sus necesidades. <\/p>\n<h2><span style=\"font-size: 14pt;\">Propiedades f\u00edsicas<\/span><\/h2>\n<p>F\u00f3rmula molecular: Cr<\/p>\n<p>Peso molecular: 51.9961<\/p>\n<p>Aspecto: metal duro y quebradizo gris plateado<\/p>\n<p>Densidad: 7,22 g\/cm\u00b3<\/p>\n<p>Punto de fusi\u00f3n: 1857 \u00b0C<\/p>\n<p>Punto de ebullici\u00f3n: 2672 \u00b0C<\/p>\n<p>Estructura cristalina: C\u00fabica centrada en el cuerpo<\/p>\n<h2><span style=\"font-size: 14pt;\">Aplicaciones<\/span><\/h2>\n<p>Electr\u00f3nica: En la industria electr\u00f3nica, los gr\u00e1nulos de cromo se utilizan en la fabricaci\u00f3n de recubrimientos conductores y resistentes a la corrosi\u00f3n para componentes electr\u00f3nicos, lo que garantiza la estabilidad y durabilidad de los equipos electr\u00f3nicos.<\/p>\n<p>Industria qu\u00edmica: Como material catalizador, los gr\u00e1nulos de cromo participan en muchas reacciones qu\u00edmicas, como en la s\u00edntesis org\u00e1nica, donde pueden mejorar eficazmente la eficiencia de la reacci\u00f3n.<\/p>\n<p>Aeroespacial: Los gr\u00e1nulos de cromo se utilizan en la fabricaci\u00f3n de aleaciones de alta temperatura para equipos aeroespaciales, que pueden soportar temperaturas y presiones extremas.<\/p>\n<p>Automoci\u00f3n: Los gr\u00e1nulos de cromo se utilizan en la fabricaci\u00f3n de componentes de motores de autom\u00f3viles para mejorar la resistencia al desgaste y a la corrosi\u00f3n y prolongar la vida \u00fatil.<\/p>\n<p>Campo de procesamiento mec\u00e1nico: como aditivo en el procesamiento de metales, los gr\u00e1nulos de cromo ayudan a fabricar herramientas como herramientas de corte y moldes con alta dureza y resistencia al desgaste.<\/p>\n<h2><span style=\"font-size: 14pt;\">Control de calidad<\/span><\/h2>\n<p><span style=\"color: #0000ff;\"><a style=\"color: #0000ff;\" href=\"https:\/\/vimaterial.de\/es\/control-de-calidad\/\">Cada lote<\/a><\/span> de productos sigue estrictos principios de control de calidad, asegurando que cada lote de materiales de la compra de materias primas, el procesamiento y los productos terminados fuera del almac\u00e9n est\u00e9n equipados con instrumentos avanzados, estrictos est\u00e1ndares de inspecci\u00f3n y registros de inspecci\u00f3n perfectos para garantizar que la calidad del producto se pueda controlar y la trazabilidad del producto, y cada lote de productos va acompa\u00f1ado de MSDS,  Informes COA, TDS, PSD y XRD, etc. Tambi\u00e9n proporcionamos muestras de cada lote de productos. Cada lote de productos proporcionar\u00e1 muestras a los clientes, tambi\u00e9n apoyar\u00e1 a los clientes para solicitar a organizaciones de prueba de terceros que prueben los productos.  <\/p>\n<h2><span style=\"font-size: 14pt;\">Embalaje y almacenamiento<\/span><\/h2>\n<p>Los gr\u00e1nulos de cromo se envasan en una bolsa de vac\u00edo de doble capa o en una botella de vac\u00edo de doble capa con cart\u00f3n exterior.<\/p>\n<p>Los gr\u00e1nulos de cromo deben almacenarse en un ambiente seco, fresco y bien ventilado, empacados en recipientes sellados, evitando el contacto con agua, \u00e1cidos fuertes, agentes oxidantes fuertes y sustancias inflamables para evitar reacciones qu\u00edmicas como la oxidaci\u00f3n y la corrosi\u00f3n.<\/p>\n","protected":false},"excerpt":{"rendered":"<p><span style=\"color: #0000ff;\"><a style=\"color: #0000ff;\" href=\"https:\/\/vimaterial.de\/es\/product\/cromo-metal\/\">Los gr\u00e1nulos de cromo<\/a> <\/span>son un tipo de material de cromo en forma granular, generalmente de apariencia gris plateada, con alta dureza, buena estabilidad qu\u00edmica, excelente resistencia a altas temperaturas y corrosi\u00f3n, y tiene una amplia gama de aplicaciones en metalurgia, industria qu\u00edmica y muchos otros campos.<\/p>\n","protected":false},"featured_media":1001182,"comment_status":"open","ping_status":"closed","template":"","meta":{"_acf_changed":false},"product_brand":[],"product_cat":[179],"product_tag":[],"class_list":{"0":"post-1012080","1":"product","2":"type-product","3":"status-publish","4":"has-post-thumbnail","6":"product_cat-materiales-de-evaporacion","8":"first","9":"instock","10":"shipping-taxable","11":"purchasable","12":"product-type-variable"},"acf":[],"_links":{"self":[{"href":"https:\/\/vimaterial.de\/es\/wp-json\/wp\/v2\/product\/1012080","targetHints":{"allow":["GET"]}}],"collection":[{"href":"https:\/\/vimaterial.de\/es\/wp-json\/wp\/v2\/product"}],"about":[{"href":"https:\/\/vimaterial.de\/es\/wp-json\/wp\/v2\/types\/product"}],"replies":[{"embeddable":true,"href":"https:\/\/vimaterial.de\/es\/wp-json\/wp\/v2\/comments?post=1012080"}],"wp:featuredmedia":[{"embeddable":true,"href":"https:\/\/vimaterial.de\/es\/wp-json\/wp\/v2\/media\/1001182"}],"wp:attachment":[{"href":"https:\/\/vimaterial.de\/es\/wp-json\/wp\/v2\/media?parent=1012080"}],"wp:term":[{"taxonomy":"product_brand","embeddable":true,"href":"https:\/\/vimaterial.de\/es\/wp-json\/wp\/v2\/product_brand?post=1012080"},{"taxonomy":"product_cat","embeddable":true,"href":"https:\/\/vimaterial.de\/es\/wp-json\/wp\/v2\/product_cat?post=1012080"},{"taxonomy":"product_tag","embeddable":true,"href":"https:\/\/vimaterial.de\/es\/wp-json\/wp\/v2\/product_tag?post=1012080"}],"curies":[{"name":"wp","href":"https:\/\/api.w.org\/{rel}","templated":true}]}}