{"id":1012034,"date":"2024-06-17T14:32:59","date_gmt":"2024-06-17T06:32:59","guid":{"rendered":"https:\/\/vimaterial.de\/product\/cromo-metal-2\/"},"modified":"2025-04-17T15:25:44","modified_gmt":"2025-04-17T07:25:44","slug":"cromo-metal-2","status":"publish","type":"product","link":"https:\/\/vimaterial.de\/es\/product\/cromo-metal-2\/","title":{"rendered":"Cromo met\u00e1lico"},"content":{"rendered":"<p><span style=\"color: #0000ff;\"><a style=\"color: #0000ff;\" href=\"https:\/\/vimaterial.de\/en\/product\/chromium-sputtering-target\/\">La varilla de cromo<\/a><\/span> es un material cromado en forma de varilla con apariencia gris plateada y textura dura, con buena resistencia a la corrosi\u00f3n, alto punto de fusi\u00f3n y otras caracter\u00edsticas, utilizado en el campo industrial para el enchapado, la fabricaci\u00f3n de piezas de alta temperatura y muchas otras aplicaciones.<\/p>\n<p>VIMATERIAL suministra varilla de cromo. La varilla de cromo suministrada por nuestra empresa tiene las ventajas de alta pureza, alta dureza, alta resistencia a la corrosi\u00f3n, alta precisi\u00f3n dimensional y buena calidad superficial. Somos un proveedor profesional de materias primas qu\u00edmicas inorg\u00e1nicas, <span style=\"color: #0000ff;\"><a style=\"color: #0000ff;\" href=\"https:\/\/vimaterial.de\/en\/contact-us\/\">cont\u00e1ctenos<\/a> <\/span>para cualquiera de sus necesidades.  <\/p>\n<h2><span style=\"font-size: 14pt;\">Propiedades f\u00edsicas<\/span><\/h2>\n<p>F\u00f3rmula molecular: Cr<\/p>\n<p>Peso molecular: 51.9961<\/p>\n<p>Aspecto: Barra met\u00e1lica gris plata con brillo met\u00e1lico y superficie lisa.<\/p>\n<p>Densidad: 7,19 g\/cm\u00b3<\/p>\n<p>Punto de fusi\u00f3n: 1857 \u00b0C<\/p>\n<p>Punto de ebullici\u00f3n: 2672\u00b0C<\/p>\n<p>Estructura cristalina: Estructura c\u00fabica centrada en el cuerpo<\/p>\n<h2><span style=\"font-size: 14pt;\">Aplicaciones<\/span><\/h2>\n<p>Campo de galvanoplastia: En la industria de la galvanoplastia, la varilla de cromo es un material de cromado de alta calidad, que puede formar una capa de cromado brillante, resistente al desgaste y a la corrosi\u00f3n en varias superficies met\u00e1licas a trav\u00e9s del proceso de galvanoplastia, y se utiliza en piezas automotrices, piezas decorativas de hardware, etc., para mejorar su apariencia y vida \u00fatil.<\/p>\n<p>Campo metal\u00fargico: La varilla de cromo se utiliza como aditivo de aleaci\u00f3n en la industria metal\u00fargica, que puede mejorar la resistencia y la resistencia a la corrosi\u00f3n de las aleaciones (por ejemplo, acero inoxidable) y producir materiales met\u00e1licos de alta calidad para su uso en estructuras arquitect\u00f3nicas, fabricaci\u00f3n de maquinaria y otros campos.<\/p>\n<p>Industria qu\u00edmica: En la industria qu\u00edmica, la varilla de cromo se puede utilizar para fabricar revestimientos de recipientes de reacci\u00f3n resistentes a la corrosi\u00f3n o algunas partes de equipos qu\u00edmicos, con sus propiedades resistentes a la corrosi\u00f3n, para garantizar el funcionamiento estable a largo plazo de equipos qu\u00edmicos en entornos qu\u00edmicos complejos.<\/p>\n<p>Electr\u00f3nica: La varilla de cromo se utiliza en la fabricaci\u00f3n de equipos electr\u00f3nicos para fabricar clavijas y otros componentes para componentes electr\u00f3nicos. Su buena conductividad el\u00e9ctrica y resistencia a la oxidaci\u00f3n garantizan la transmisi\u00f3n estable de se\u00f1ales electr\u00f3nicas y evitan que los componentes se da\u00f1en por la oxidaci\u00f3n. <\/p>\n<h2><span style=\"font-size: 14pt;\">Control de calidad<\/span><\/h2>\n<p><span style=\"color: #0000ff;\"><a style=\"color: #0000ff;\" href=\"https:\/\/vimaterial.de\/en\/quality-control\/\">Cada lote<\/a> <\/span>de productos sigue estrictos principios de control de calidad, asegurando que cada lote de materiales de la compra de materias primas, el procesamiento y los productos terminados fuera del almac\u00e9n est\u00e9n equipados con instrumentos avanzados, estrictos est\u00e1ndares de inspecci\u00f3n y registros de inspecci\u00f3n perfectos para garantizar que la calidad del producto se pueda controlar y la trazabilidad del producto, y cada lote de productos va acompa\u00f1ado de MSDS,  Informes COA, TDS, PSD y XRD, etc. Tambi\u00e9n proporcionamos muestras de cada lote de productos. Cada lote de productos proporcionar\u00e1 muestras a los clientes, tambi\u00e9n apoyar\u00e1 a los clientes para solicitar a organizaciones de prueba de terceros que prueben los productos.  <\/p>\n<h2><span style=\"font-size: 14pt;\">Embalaje y almacenamiento<\/span><\/h2>\n<p>La varilla de cromo se empaqueta en cajas de madera o cart\u00f3n despu\u00e9s de un doble embolsado al vac\u00edo.<\/p>\n<p>La varilla de cromo debe almacenarse en un ambiente interior seco y bien ventilado para evitar la humedad y el contacto con sustancias corrosivas, y colocarse en un soporte o paquete adecuado para evitar que se deforme y cause da\u00f1os f\u00edsicos.<\/p>\n","protected":false},"excerpt":{"rendered":"<p><span style=\"color: #0000ff;\"><a style=\"color: #0000ff;\" href=\"https:\/\/vimaterial.de\/en\/product\/chromium-sputtering-target\/\">La varilla de cromo<\/a><\/span> es un material cromado en forma de varilla con apariencia gris plateada y textura dura, con buena resistencia a la corrosi\u00f3n, alto punto de fusi\u00f3n y otras caracter\u00edsticas, utilizado en el campo industrial para el enchapado, la fabricaci\u00f3n de piezas de alta temperatura y muchas otras aplicaciones.<\/p>\n","protected":false},"featured_media":1001221,"comment_status":"open","ping_status":"closed","template":"","meta":{"_acf_changed":false},"product_brand":[],"product_cat":[188],"product_tag":[],"class_list":{"0":"post-1012034","1":"product","2":"type-product","3":"status-publish","4":"has-post-thumbnail","6":"product_cat-perfil","8":"first","9":"instock","10":"shipping-taxable","11":"purchasable","12":"product-type-variable"},"acf":[],"_links":{"self":[{"href":"https:\/\/vimaterial.de\/es\/wp-json\/wp\/v2\/product\/1012034","targetHints":{"allow":["GET"]}}],"collection":[{"href":"https:\/\/vimaterial.de\/es\/wp-json\/wp\/v2\/product"}],"about":[{"href":"https:\/\/vimaterial.de\/es\/wp-json\/wp\/v2\/types\/product"}],"replies":[{"embeddable":true,"href":"https:\/\/vimaterial.de\/es\/wp-json\/wp\/v2\/comments?post=1012034"}],"wp:featuredmedia":[{"embeddable":true,"href":"https:\/\/vimaterial.de\/es\/wp-json\/wp\/v2\/media\/1001221"}],"wp:attachment":[{"href":"https:\/\/vimaterial.de\/es\/wp-json\/wp\/v2\/media?parent=1012034"}],"wp:term":[{"taxonomy":"product_brand","embeddable":true,"href":"https:\/\/vimaterial.de\/es\/wp-json\/wp\/v2\/product_brand?post=1012034"},{"taxonomy":"product_cat","embeddable":true,"href":"https:\/\/vimaterial.de\/es\/wp-json\/wp\/v2\/product_cat?post=1012034"},{"taxonomy":"product_tag","embeddable":true,"href":"https:\/\/vimaterial.de\/es\/wp-json\/wp\/v2\/product_tag?post=1012034"}],"curies":[{"name":"wp","href":"https:\/\/api.w.org\/{rel}","templated":true}]}}