{"id":1011949,"date":"2024-06-17T14:33:00","date_gmt":"2024-06-17T06:33:00","guid":{"rendered":"https:\/\/vimaterial.de\/product\/cromo-metal\/"},"modified":"2025-04-17T15:22:27","modified_gmt":"2025-04-17T07:22:27","slug":"cromo-metal","status":"publish","type":"product","link":"https:\/\/vimaterial.de\/es\/product\/cromo-metal\/","title":{"rendered":"Cromo met\u00e1lico"},"content":{"rendered":"<p>El objetivo de pulverizaci\u00f3n cat\u00f3dica de cromo es un material objetivo utilizado como fuente de \u00e1tomos de cromo en la t\u00e9cnica de deposici\u00f3n f\u00edsica de vapor (PVD) para depositar \u00e1tomos de cromo en la superficie del sustrato a trav\u00e9s del proceso de pulverizaci\u00f3n cat\u00f3dica para la preparaci\u00f3n de pel\u00edculas delgadas cromadas.<\/p>\n<p>VIMATERIAL suministra objetivos de pulverizaci\u00f3n cat\u00f3dica de cromo en una amplia gama de purezas y tama\u00f1os. Nuestros objetivos de pulverizaci\u00f3n cat\u00f3dica de cromo se caracterizan por su alta pureza, composici\u00f3n homog\u00e9nea, tama\u00f1o de grano fino, alta densidad, alta dureza, buena estabilidad t\u00e9rmica y fuerte uni\u00f3n al sustrato. Nos hemos dedicado a la investigaci\u00f3n de materiales qu\u00edmicos inorg\u00e1nicos durante muchos a\u00f1os y tambi\u00e9n brindamos el servicio de encuadernaci\u00f3n de objetivos de pulverizaci\u00f3n cat\u00f3dica. Contamos con un equipo experimentado y profesional para aceptar personalizaciones y experimentos,<span style=\"color: #0000ff;\"><a style=\"color: #0000ff;\" href=\"https:\/\/vimaterial.de\/en\/contact-us\/\"> cont\u00e1ctenos<\/a><\/span> si lo necesita.   <\/p>\n<h2><span style=\"font-size: 14pt;\">Propiedades f\u00edsicas<\/span><\/h2>\n<p>F\u00f3rmula molecular: Cr<\/p>\n<p>Peso molecular: 51.9961<\/p>\n<p>Aspecto: Objetivo de metal gris acero generalmente<\/p>\n<p>Densidad: 7,22 g\/cm\u00b3<\/p>\n<p>Punto de fusi\u00f3n: 1857 \u00b0C<\/p>\n<p>Punto de ebullici\u00f3n: 2672\u00b0C<\/p>\n<p>Estructura cristalina: Celos\u00eda c\u00fabica centrada en el cuerpo<\/p>\n<h2><span style=\"font-size: 14pt;\">Aplicaciones<\/span><\/h2>\n<p>Industria electr\u00f3nica: El objetivo de pulverizaci\u00f3n cat\u00f3dica de cromo se utiliza en la fabricaci\u00f3n de semiconductores como material de barrera para la capa de interconexi\u00f3n de metal, que puede evitar la difusi\u00f3n de \u00e1tomos de cobre y otros metales y garantizar el rendimiento estable y confiable de los dispositivos electr\u00f3nicos.<\/p>\n<p>Campo \u00f3ptico: en el recubrimiento de lentes \u00f3pticas, el objetivo de pulverizaci\u00f3n cat\u00f3dica de cromo se puede usar para preparar una pel\u00edcula reflectante, lo que puede mejorar efectivamente la reflectividad de la lente y mejorar la capacidad de control de luz de los instrumentos \u00f3pticos.<\/p>\n<p>Campo de fabricaci\u00f3n de autom\u00f3viles: utilizado en el recubrimiento de la superficie de las piezas de autom\u00f3viles, como las ruedas de autom\u00f3vil cromadas, no solo son hermosas, sino que tambi\u00e9n pueden mejorar la resistencia a la abrasi\u00f3n y la resistencia a la corrosi\u00f3n de la rueda, prolongando su vida \u00fatil.<\/p>\n<p>Industria fotovoltaica: En la fabricaci\u00f3n de c\u00e9lulas fotovoltaicas, el objetivo de pulverizaci\u00f3n cat\u00f3dica de cromo se puede utilizar para la preparaci\u00f3n de electrodos o capas de retrorreflexi\u00f3n, lo que ayuda a mejorar la eficiencia de conversi\u00f3n fotoel\u00e9ctrica de la c\u00e9lula y promueve el uso efectivo de la energ\u00eda luminosa.<\/p>\n<h2><span style=\"font-size: 14pt;\">Control de calidad<\/span><\/h2>\n<p><span style=\"color: #0000ff;\"><a style=\"color: #0000ff;\" href=\"https:\/\/vimaterial.de\/en\/quality-control\/\">Cada lote<\/a><\/span> de productos sigue estrictos principios de control de calidad, en general para garantizar que cada lote de materiales de adquisici\u00f3n de materias primas, procesamiento, productos terminados fuera del almac\u00e9n tengan instrumentos avanzados, est\u00e1ndares de inspecci\u00f3n estrictos, registros de inspecci\u00f3n perfectos, para garantizar que la calidad del producto se pueda controlar y la trazabilidad del producto, cada lote de productos va acompa\u00f1ado de MSDS,  Informes COA, TDS, PSD, XRD, etc., y cada lote de productos se proporcionar\u00e1 con muestras al cliente, tambi\u00e9n apoyamos a los clientes para solicitar a organizaciones de inspecci\u00f3n de terceros que inspeccionen los productos. Proporcionaremos a los clientes muestras de cada lote de productos, y tambi\u00e9n ayudaremos a los clientes a solicitar a organizaciones de inspecci\u00f3n de terceros que inspeccionen los productos. <\/p>\n<h2><span style=\"font-size: 14pt;\">Embalaje y almacenamiento<\/span><\/h2>\n<p>El objetivo de pulverizaci\u00f3n cat\u00f3dica de cromo se empaqueta en bolsas de vac\u00edo dobles y luego se empaqueta en cajas de cart\u00f3n.<\/p>\n<p>El objetivo de pulverizaci\u00f3n cat\u00f3dica de cromo debe almacenarse en un entorno de gas seco, bien ventilado y no corrosivo, para evitar la humedad, la oxidaci\u00f3n y el da\u00f1o f\u00edsico, y lejos de fuentes de alta temperatura e ignici\u00f3n, y debe colocarse de acuerdo con la manera prescrita para evitar la deformaci\u00f3n.<\/p>\n","protected":false},"excerpt":{"rendered":"<p>El objetivo de pulverizaci\u00f3n cat\u00f3dica de cromo es un material objetivo utilizado como fuente de \u00e1tomos de cromo en la t\u00e9cnica de deposici\u00f3n f\u00edsica de vapor (PVD) para depositar \u00e1tomos de cromo en la superficie del sustrato a trav\u00e9s del proceso de pulverizaci\u00f3n cat\u00f3dica para la preparaci\u00f3n de pel\u00edculas delgadas cromadas (por ejemplo, en una variedad de \u00e1reas como electr\u00f3nica, \u00f3ptica, recubrimientos decorativos, etc.).<\/p>\n","protected":false},"featured_media":1001230,"comment_status":"open","ping_status":"closed","template":"","meta":{"_acf_changed":false},"product_brand":[],"product_cat":[178],"product_tag":[],"class_list":{"0":"post-1011949","1":"product","2":"type-product","3":"status-publish","4":"has-post-thumbnail","6":"product_cat-catodos-para-sputtering-planar","8":"first","9":"instock","10":"shipping-taxable","11":"purchasable","12":"product-type-variable"},"acf":[],"_links":{"self":[{"href":"https:\/\/vimaterial.de\/es\/wp-json\/wp\/v2\/product\/1011949","targetHints":{"allow":["GET"]}}],"collection":[{"href":"https:\/\/vimaterial.de\/es\/wp-json\/wp\/v2\/product"}],"about":[{"href":"https:\/\/vimaterial.de\/es\/wp-json\/wp\/v2\/types\/product"}],"replies":[{"embeddable":true,"href":"https:\/\/vimaterial.de\/es\/wp-json\/wp\/v2\/comments?post=1011949"}],"wp:featuredmedia":[{"embeddable":true,"href":"https:\/\/vimaterial.de\/es\/wp-json\/wp\/v2\/media\/1001230"}],"wp:attachment":[{"href":"https:\/\/vimaterial.de\/es\/wp-json\/wp\/v2\/media?parent=1011949"}],"wp:term":[{"taxonomy":"product_brand","embeddable":true,"href":"https:\/\/vimaterial.de\/es\/wp-json\/wp\/v2\/product_brand?post=1011949"},{"taxonomy":"product_cat","embeddable":true,"href":"https:\/\/vimaterial.de\/es\/wp-json\/wp\/v2\/product_cat?post=1011949"},{"taxonomy":"product_tag","embeddable":true,"href":"https:\/\/vimaterial.de\/es\/wp-json\/wp\/v2\/product_tag?post=1011949"}],"curies":[{"name":"wp","href":"https:\/\/api.w.org\/{rel}","templated":true}]}}