{"id":1011945,"date":"2024-06-17T14:18:55","date_gmt":"2024-06-17T06:18:55","guid":{"rendered":"https:\/\/vimaterial.de\/product\/titanato-calcico-2\/"},"modified":"2024-12-27T17:23:28","modified_gmt":"2024-12-27T09:23:28","slug":"titanato-calcico-2","status":"publish","type":"product","link":"https:\/\/vimaterial.de\/es\/product\/titanato-calcico-2\/","title":{"rendered":"Titanato de calcio"},"content":{"rendered":"<p>El titanato de calcio, con la f\u00f3rmula qu\u00edmica de CaTiO3, es un material diel\u00e9ctrico inorg\u00e1nico con excelentes propiedades diel\u00e9ctricas, t\u00e9rmicas, mec\u00e1nicas y \u00f3pticas. VIMATERIAL tambi\u00e9n proporciona otros materiales de estructura de perovskita, como titanato de estroncio (SrTiO3), titanato de bario (BaTiO3), etc. Si tiene alguna necesidad, p\u00f3ngase en contacto con nosotros.<\/p>\n<h2><span style=\"font-size: 14pt;\">Propiedades<\/span><\/h2>\n<p>F\u00f3rmula qu\u00edmica:CaTiO3 Masa molar:135.943 g\/mol Densidad:4.1 g\/cm3 Punto de fusi\u00f3n:1.980 \u00b0C Solubilidad: dif\u00edcil de disolver en agua, pero soluble en soluciones org\u00e1nicas e inorg\u00e1nicas espec\u00edficas<\/p>\n<h2><span style=\"font-size: 14pt;\">Estructura del titanato de calcio<\/span><\/h2>\n<p>El titanato de calcio (CaTiO3) es un sistema de cristal c\u00fabico. Su estructura se puede considerar como un peque\u00f1o Ti4+ en el v\u00e9rtice de la celda unitaria c\u00fabica, un gran Ca2+ en el centro de la celda unitaria y un O2- en el centro del borde de la celda unitaria. Cada Ti4+ tiene 6 sitios de coordinaci\u00f3n de O2- a su alrededor, formando un octaedro regular, y cada Ca2+ tiene 12 sitios de coordinaci\u00f3n de O2- a su alrededor, formando un octaedro c\u00fabico (tipo A). El octaedro c\u00fabico consta de 24 aristas, 12 v\u00e9rtices y 14 caras, de las cuales 14 caras son seis cuadrados y ocho tri\u00e1ngulos regulares.   <\/p>\n<h2><span style=\"font-size: 14pt;\">Aplicaci\u00f3n<\/span><\/h2>\n<p>1. Se utiliza para fabricar componentes electr\u00f3nicos de precisi\u00f3n, como condensadores cer\u00e1micos de media y alta tensi\u00f3n y termistores PTC. El titanato de calcio puro es dif\u00edcil de sinterizar en cer\u00e1mica, y se puede agregar entre un 1% y un 2% de di\u00f3xido de circonio. 2. Utilizado como polvo de materia prima en la industria cer\u00e1mica electr\u00f3nica, como la producci\u00f3n de materiales diel\u00e9ctricos. Se utiliza para fabricar componentes conductores b\u00e1sicos para instrumentos monocristalinos y de alta frecuencia. <\/p>\n<h2><span style=\"font-size: 14pt;\">Control de calidad<\/span><\/h2>\n<p>Nuestros productos implementan el sistema de gesti\u00f3n de calidad m\u00e1s estricto. Existen estrictos est\u00e1ndares de inspecci\u00f3n para los materiales entrantes, los procesos, las inspecciones finales y las inspecciones de f\u00e1brica. Se adoptar\u00e1n estrictas medidas de aislamiento para el procesamiento no calificado para evitar que los productos no calificados fluyan hacia el siguiente proceso. Las muestras se proporcionar\u00e1n a los clientes de acuerdo con los requisitos del cliente para la reinspecci\u00f3n.   <\/p>\n<h2><span style=\"font-size: 14pt;\">Embalaje y almacenamiento<\/span><\/h2>\n<p>Envasado al vac\u00edo, la cantidad de empaque se puede proporcionar de acuerdo con los requisitos del cliente y empaquetarse por separado. El titanato de calcio debe almacenarse en un lugar fresco y seco, evitando la luz solar directa.<\/p>\n","protected":false},"excerpt":{"rendered":"<p>El titanato de calcio, con la f\u00f3rmula qu\u00edmica de CaTiO3, es un material diel\u00e9ctrico inorg\u00e1nico con excelentes propiedades diel\u00e9ctricas, t\u00e9rmicas, mec\u00e1nicas y \u00f3pticas. VIMATERIAL tambi\u00e9n proporciona otros materiales de estructura de perovskita, como titanato de estroncio (SrTiO3), titanato de bario (BaTiO3), etc. Si tiene alguna necesidad, p\u00f3ngase en contacto con nosotros. Propiedades F\u00f3rmula qu\u00edmica:CaTiO3 Masa [&hellip;]<\/p>\n","protected":false},"featured_media":1030045,"comment_status":"open","ping_status":"closed","template":"","meta":{"_acf_changed":false},"product_brand":[],"product_cat":[187],"product_tag":[],"class_list":{"0":"post-1011945","1":"product","2":"type-product","3":"status-publish","4":"has-post-thumbnail","6":"product_cat-otros-materiales","8":"first","9":"instock","10":"shipping-taxable","11":"purchasable","12":"product-type-variable"},"acf":[],"_links":{"self":[{"href":"https:\/\/vimaterial.de\/es\/wp-json\/wp\/v2\/product\/1011945","targetHints":{"allow":["GET"]}}],"collection":[{"href":"https:\/\/vimaterial.de\/es\/wp-json\/wp\/v2\/product"}],"about":[{"href":"https:\/\/vimaterial.de\/es\/wp-json\/wp\/v2\/types\/product"}],"replies":[{"embeddable":true,"href":"https:\/\/vimaterial.de\/es\/wp-json\/wp\/v2\/comments?post=1011945"}],"wp:featuredmedia":[{"embeddable":true,"href":"https:\/\/vimaterial.de\/es\/wp-json\/wp\/v2\/media\/1030045"}],"wp:attachment":[{"href":"https:\/\/vimaterial.de\/es\/wp-json\/wp\/v2\/media?parent=1011945"}],"wp:term":[{"taxonomy":"product_brand","embeddable":true,"href":"https:\/\/vimaterial.de\/es\/wp-json\/wp\/v2\/product_brand?post=1011945"},{"taxonomy":"product_cat","embeddable":true,"href":"https:\/\/vimaterial.de\/es\/wp-json\/wp\/v2\/product_cat?post=1011945"},{"taxonomy":"product_tag","embeddable":true,"href":"https:\/\/vimaterial.de\/es\/wp-json\/wp\/v2\/product_tag?post=1011945"}],"curies":[{"name":"wp","href":"https:\/\/api.w.org\/{rel}","templated":true}]}}