{"id":1011890,"date":"2024-06-17T14:18:56","date_gmt":"2024-06-17T06:18:56","guid":{"rendered":"https:\/\/vimaterial.de\/product\/tungstato-calcico\/"},"modified":"2024-12-30T16:16:36","modified_gmt":"2024-12-30T08:16:36","slug":"tungstato-calcico","status":"publish","type":"product","link":"https:\/\/vimaterial.de\/es\/product\/tungstato-calcico\/","title":{"rendered":"Tungstato de calcio"},"content":{"rendered":"<p>El tungstato de calcio, con la f\u00f3rmula qu\u00edmica de CaWO4, es un polvo blanco. Existe en forma de scheelita en la naturaleza. VIMATERIAL tambi\u00e9n suministra otros materiales qu\u00edmicos. Si tiene alguna necesidad, p\u00f3ngase en contacto con nosotros. <\/p>\n<h2><span style=\"font-size: 14pt;\">Propiedades<\/span><\/h2>\n<p>F\u00f3rmula qu\u00edmica:CaWO4 Masa molar:287,93 g\/mol Densidad:6,062 g\/cm3 Punto de fusi\u00f3n:1580 \u00b0C \u00cdndice de refracci\u00f3n: 1,93 Estructura: Cristal tetragonal blanco, estructura cristalina tetragonal Solubilidad: Ligeramente soluble en agua y soluci\u00f3n de cloruro de amonio, insoluble en etanol, descompuesto en \u00e1cido clorh\u00eddrico caliente<\/p>\n<h2><span style=\"font-size: 14pt;\">Aplicaci\u00f3n de tungstato de calcio<\/span><\/h2>\n<p>El tungstato de calcio es una materia prima qu\u00edmica muy importante, utilizada principalmente para producir productos de tungsteno como paratungstato de amonio, tri\u00f3xido de tungsteno, hierro de tungsteno, acero aleado, aleaci\u00f3n dura, material de tungsteno, alambre de tungsteno y aleaci\u00f3n de tungsteno. Se utiliza como materia prima para productos qu\u00edmicos de la serie de tungsteno; tambi\u00e9n se utiliza en pinturas fluorescentes, tubos de pantalla fotogr\u00e1fica para fotograf\u00eda, medicina, fotos de rayos X y l\u00e1mparas fluorescentes. Se utiliza en pinturas fluorescentes, tubos de pantalla fotogr\u00e1fica para fotograf\u00eda, medicina, fotos de rayos X y l\u00e1mparas fluorescentes. El tungstato de calcio tambi\u00e9n se utiliza para fabricar pinturas luminosas, l\u00e1mparas fluorescentes, l\u00e1mparas de ne\u00f3n, pantallas fluorescentes de rayos X, medicamentos, contadores de centelleo y l\u00e1seres.   <\/p>\n<h2><span style=\"font-size: 14pt;\">Control de calidad<\/span><\/h2>\n<p>Nuestros productos implementan el sistema de gesti\u00f3n de calidad m\u00e1s estricto. Existen estrictos est\u00e1ndares de inspecci\u00f3n para los materiales entrantes, los procesos, las inspecciones finales y las inspecciones de f\u00e1brica. Se adoptar\u00e1n estrictas medidas de aislamiento para el procesamiento no calificado para evitar que los productos no calificados fluyan hacia el siguiente proceso. Las muestras se proporcionar\u00e1n a los clientes de acuerdo con los requisitos del cliente para la reinspecci\u00f3n.   <\/p>\n<h2><span style=\"font-size: 14pt;\">Embalaje y almacenamiento<\/span><\/h2>\n<p>Envasado al vac\u00edo, la cantidad de empaque se puede proporcionar de acuerdo con los requisitos del cliente y empaquetarse por separado. Mantenga el recipiente de almacenamiento sellado. El tungstato de calcio se coloca en un recipiente de almacenamiento herm\u00e9tico y se almacena en un lugar fresco y seco.<\/p>\n","protected":false},"excerpt":{"rendered":"<p>El tungstato de calcio, con la f\u00f3rmula qu\u00edmica de CaWO4, es un polvo blanco. Existe en forma de scheelita en la naturaleza. VIMATERIAL tambi\u00e9n suministra otros materiales qu\u00edmicos. Si tiene alguna necesidad, p\u00f3ngase en contacto con nosotros. Propiedades F\u00f3rmula qu\u00edmica:CaWO4 Masa molar:287,93 g\/mol Densidad:6,062 g\/cm3 Punto de fusi\u00f3n:1580 \u00b0C \u00cdndice de refracci\u00f3n: 1,93 Estructura: Cristal [&hellip;]<\/p>\n","protected":false},"featured_media":1030055,"comment_status":"open","ping_status":"closed","template":"","meta":{"_acf_changed":false},"product_brand":[],"product_cat":[187],"product_tag":[],"class_list":{"0":"post-1011890","1":"product","2":"type-product","3":"status-publish","4":"has-post-thumbnail","6":"product_cat-otros-materiales","8":"first","9":"instock","10":"shipping-taxable","11":"purchasable","12":"product-type-variable"},"acf":[],"_links":{"self":[{"href":"https:\/\/vimaterial.de\/es\/wp-json\/wp\/v2\/product\/1011890","targetHints":{"allow":["GET"]}}],"collection":[{"href":"https:\/\/vimaterial.de\/es\/wp-json\/wp\/v2\/product"}],"about":[{"href":"https:\/\/vimaterial.de\/es\/wp-json\/wp\/v2\/types\/product"}],"replies":[{"embeddable":true,"href":"https:\/\/vimaterial.de\/es\/wp-json\/wp\/v2\/comments?post=1011890"}],"wp:featuredmedia":[{"embeddable":true,"href":"https:\/\/vimaterial.de\/es\/wp-json\/wp\/v2\/media\/1030055"}],"wp:attachment":[{"href":"https:\/\/vimaterial.de\/es\/wp-json\/wp\/v2\/media?parent=1011890"}],"wp:term":[{"taxonomy":"product_brand","embeddable":true,"href":"https:\/\/vimaterial.de\/es\/wp-json\/wp\/v2\/product_brand?post=1011890"},{"taxonomy":"product_cat","embeddable":true,"href":"https:\/\/vimaterial.de\/es\/wp-json\/wp\/v2\/product_cat?post=1011890"},{"taxonomy":"product_tag","embeddable":true,"href":"https:\/\/vimaterial.de\/es\/wp-json\/wp\/v2\/product_tag?post=1011890"}],"curies":[{"name":"wp","href":"https:\/\/api.w.org\/{rel}","templated":true}]}}