{"id":1011866,"date":"2024-06-17T14:18:56","date_gmt":"2024-06-17T06:18:56","guid":{"rendered":"https:\/\/vimaterial.de\/product\/circonato-calcico\/"},"modified":"2024-12-30T16:31:28","modified_gmt":"2024-12-30T08:31:28","slug":"circonato-calcico","status":"publish","type":"product","link":"https:\/\/vimaterial.de\/es\/product\/circonato-calcico\/","title":{"rendered":"Zirconato de calcio"},"content":{"rendered":"<p>El circonato de calcio es un compuesto inorg\u00e1nico importante con la f\u00f3rmula qu\u00edmica CaZrO3. Tiene una serie de excelentes propiedades f\u00edsicas y qu\u00edmicas, como estabilidad a altas temperaturas, alta dureza, fuerte resistencia a la corrosi\u00f3n, etc. VIMATERIAL tambi\u00e9n proporciona otros materiales qu\u00edmicos. Si tiene alguna necesidad, p\u00f3ngase en contacto con nosotros. <\/p>\n<h2><span style=\"font-size: 14pt;\">Propiedades<\/span><\/h2>\n<p>F\u00f3rmula qu\u00edmica: CaZrO3 Masa molar: 179,30 g \/ mol Densidad: 5,11 g \/ cm3 Punto de fusi\u00f3n: 2250-2550 \u00b0C<\/p>\n<h2><span style=\"font-size: 14pt;\">Caracter\u00edsticas<\/span><\/h2>\n<p>Como un nuevo tipo de material estructural y funcional, el circonato de calcio tiene las caracter\u00edsticas de alto punto de fusi\u00f3n, propiedades qu\u00edmicas estables, alta resistencia mec\u00e1nica, peque\u00f1o coeficiente de expansi\u00f3n t\u00e9rmica, fuerte resistencia a la erosi\u00f3n de escoria alcalina y propiedades el\u00e9ctricas \u00fanicas. Ha sido ampliamente estudiado y aplicado en cer\u00e1micas funcionales y materiales refractarios. <\/p>\n<h2><span style=\"font-size: 14pt;\">Aplicaci\u00f3n de circonato c\u00e1lcico<\/span><\/h2>\n<p>En el campo de la medicina, el circonato de calcio se puede utilizar para fabricar materiales de empastes dentales, adhesivos dentales y materiales de reparaci\u00f3n dental debido a su excelente biocompatibilidad y resistencia a la corrosi\u00f3n. En la ciencia de los materiales, el circonato de calcio se utiliza para fabricar cer\u00e1micas de alta temperatura, portadores de catalizadores, materiales aislantes, etc. debido a su excelente estabilidad a altas temperaturas y estabilidad qu\u00edmica. Adem\u00e1s, el circonato de calcio tambi\u00e9n desempe\u00f1a un papel importante en muchos campos, como la industria electr\u00f3nica, la industria de la construcci\u00f3n y la protecci\u00f3n del medio ambiente, lo que refleja su amplia gama de usos y su valor potencial.<\/p>\n<h2><span style=\"font-size: 14pt;\">Control de calidad<\/span><\/h2>\n<p>Nuestros productos implementan el sistema de gesti\u00f3n de calidad m\u00e1s estricto. Existen estrictos est\u00e1ndares de inspecci\u00f3n para los materiales entrantes, los procesos, las inspecciones finales y las inspecciones de f\u00e1brica. Se adoptar\u00e1n estrictas medidas de aislamiento para el procesamiento no calificado para evitar que los productos no calificados fluyan hacia el siguiente proceso. Las muestras se proporcionar\u00e1n a los clientes de acuerdo con los requisitos del cliente para la reinspecci\u00f3n.   <\/p>\n<h2><span style=\"font-size: 14pt;\">Embalaje y almacenamiento<\/span><\/h2>\n<p>Envasado al vac\u00edo, la cantidad de empaque se puede proporcionar de acuerdo con los requisitos del cliente y empaquetarse por separado. Selle en un lugar fresco y seco.<\/p>\n","protected":false},"excerpt":{"rendered":"<p>El circonato de calcio es un compuesto inorg\u00e1nico importante con la f\u00f3rmula qu\u00edmica CaZrO3. Tiene una serie de excelentes propiedades f\u00edsicas y qu\u00edmicas, como estabilidad a altas temperaturas, alta dureza, fuerte resistencia a la corrosi\u00f3n, etc. VIMATERIAL tambi\u00e9n proporciona otros materiales qu\u00edmicos. Si tiene alguna necesidad, p\u00f3ngase en contacto con nosotros. Propiedades F\u00f3rmula qu\u00edmica: CaZrO3 [&hellip;]<\/p>\n","protected":false},"featured_media":1030060,"comment_status":"open","ping_status":"closed","template":"","meta":{"_acf_changed":false},"product_brand":[],"product_cat":[187],"product_tag":[],"class_list":{"0":"post-1011866","1":"product","2":"type-product","3":"status-publish","4":"has-post-thumbnail","6":"product_cat-otros-materiales","8":"first","9":"instock","10":"shipping-taxable","11":"product-type-variable"},"acf":[],"_links":{"self":[{"href":"https:\/\/vimaterial.de\/es\/wp-json\/wp\/v2\/product\/1011866","targetHints":{"allow":["GET"]}}],"collection":[{"href":"https:\/\/vimaterial.de\/es\/wp-json\/wp\/v2\/product"}],"about":[{"href":"https:\/\/vimaterial.de\/es\/wp-json\/wp\/v2\/types\/product"}],"replies":[{"embeddable":true,"href":"https:\/\/vimaterial.de\/es\/wp-json\/wp\/v2\/comments?post=1011866"}],"wp:featuredmedia":[{"embeddable":true,"href":"https:\/\/vimaterial.de\/es\/wp-json\/wp\/v2\/media\/1030060"}],"wp:attachment":[{"href":"https:\/\/vimaterial.de\/es\/wp-json\/wp\/v2\/media?parent=1011866"}],"wp:term":[{"taxonomy":"product_brand","embeddable":true,"href":"https:\/\/vimaterial.de\/es\/wp-json\/wp\/v2\/product_brand?post=1011866"},{"taxonomy":"product_cat","embeddable":true,"href":"https:\/\/vimaterial.de\/es\/wp-json\/wp\/v2\/product_cat?post=1011866"},{"taxonomy":"product_tag","embeddable":true,"href":"https:\/\/vimaterial.de\/es\/wp-json\/wp\/v2\/product_tag?post=1011866"}],"curies":[{"name":"wp","href":"https:\/\/api.w.org\/{rel}","templated":true}]}}