{"id":1011857,"date":"2024-06-17T14:18:57","date_gmt":"2024-06-17T06:18:57","guid":{"rendered":"https:\/\/vimaterial.de\/product\/escandio-metalico-3\/"},"modified":"2024-12-31T10:41:41","modified_gmt":"2024-12-31T02:41:41","slug":"escandio-metalico-3","status":"publish","type":"product","link":"https:\/\/vimaterial.de\/es\/product\/escandio-metalico-3\/","title":{"rendered":"Metal escandio"},"content":{"rendered":"<p>El s\u00edmbolo del escandio es Sc y su n\u00famero at\u00f3mico es 21. Se encuentra en el 4\u00ba per\u00edodo, el subgrupo III.th, con una masa at\u00f3mica de 44,96, y es un metal de transici\u00f3n. VIMATERIAL tambi\u00e9n proporciona otros materiales de tierras raras. Si tiene alguna necesidad, p\u00f3ngase en contacto con nosotros. <\/p>\n<h2><span style=\"font-size: 14pt;\">Propiedades<\/span><\/h2>\n<p>F\u00f3rmula qu\u00edmica:Sc Aspecto: metal blanco suave y plateado Densidad:2.985 g\/cm3 Punto de fusi\u00f3n:1541 \u00b0C Punto de ebullici\u00f3n: 2836 \u00b0C Estructura cristalina: empaquetadura cerrada hexagonal (por debajo de 1335 \u00b0C) y c\u00fabica centrada en el cuerpo.<\/p>\n<h2><span style=\"font-size: 14pt;\">Aplicaciones<\/span><\/h2>\n<p>Materiales magn\u00e9ticos: Debido a su fuerte momento magn\u00e9tico, el escandio es ampliamente utilizado en el campo de los materiales magn\u00e9ticos, como materiales de grabaci\u00f3n magn\u00e9ticos, materiales de almacenamiento magn\u00e9tico, etc. Instrumentos de precisi\u00f3n: Debido a sus propiedades f\u00edsicas relativamente estables y buena conductividad, es ampliamente utilizado en la fabricaci\u00f3n de instrumentos de precisi\u00f3n, como instrumentos de resonancia magn\u00e9tica nuclear, microscopios electr\u00f3nicos, etc. Aplicaciones \u00f3pticas: Tambi\u00e9n tiene importantes aplicaciones en el campo de la \u00f3ptica. En la tecnolog\u00eda l\u00e1ser, los iones se utilizan como materiales l\u00e1ser s\u00f3lidos para producir l\u00e1seres de infrarrojo medio. Materiales de las bater\u00edas: El escandio tambi\u00e9n se utiliza ampliamente en las pilas de combustible de \u00f3xido s\u00f3lido (SOFC). En estas celdas, el escandio tiene una alta conductividad el\u00e9ctrica y estabilidad, lo que ayuda a mejorar la eficiencia y el rendimiento de las celdas de combustible.<\/p>\n<h2><span style=\"font-size: 14pt;\">Control de calidad<\/span><\/h2>\n<p>Nuestros productos implementan el sistema de gesti\u00f3n de calidad m\u00e1s estricto. Existen estrictos est\u00e1ndares de inspecci\u00f3n para los materiales entrantes, los procesos, las inspecciones finales y las inspecciones de f\u00e1brica. Se adoptar\u00e1n estrictas medidas de aislamiento para el procesamiento no calificado para evitar que los productos no calificados fluyan hacia el siguiente proceso. Las muestras se proporcionar\u00e1n a los clientes de acuerdo con los requisitos del cliente para la reinspecci\u00f3n.   <\/p>\n<h2><span style=\"font-size: 14pt;\">Embalaje y almacenamiento<\/span><\/h2>\n<p>Embalaje interior al vac\u00edo, embalaje exterior de cart\u00f3n\/caja de madera. Debido a que el escandio es muy activo en propiedades qu\u00edmicas y se combina f\u00e1cilmente con ox\u00edgeno, di\u00f3xido de carbono, agua, etc., se requiere un cuidado especial durante el almacenamiento y el procesamiento. Por lo general, es necesario llenarlo con arg\u00f3n y sellarlo para evitar que reaccione con el ox\u00edgeno del aire. Durante el funcionamiento, se debe evitar el contacto directo con la piel y se debe usar el equipo de protecci\u00f3n adecuado. Adem\u00e1s, compuestos como el Sc2O3 y el ScCI3 tambi\u00e9n son t\u00f3xicos y deben manipularse y almacenarse adecuadamente.<\/p>\n","protected":false},"excerpt":{"rendered":"<p>El s\u00edmbolo del escandio es Sc y su n\u00famero at\u00f3mico es 21. Se encuentra en el 4\u00ba per\u00edodo, el subgrupo III.th, con una masa at\u00f3mica de 44,96, y es un metal de transici\u00f3n. VIMATERIAL tambi\u00e9n proporciona otros materiales de tierras raras. Si tiene alguna necesidad, p\u00f3ngase en contacto con nosotros. Propiedades F\u00f3rmula qu\u00edmica:Sc Aspecto: metal [&hellip;]<\/p>\n","protected":false},"featured_media":1000265,"comment_status":"open","ping_status":"closed","template":"","meta":{"_acf_changed":false},"product_brand":[],"product_cat":[179],"product_tag":[],"class_list":{"0":"post-1011857","1":"product","2":"type-product","3":"status-publish","4":"has-post-thumbnail","6":"product_cat-materiales-de-evaporacion","8":"first","9":"instock","10":"shipping-taxable","11":"purchasable","12":"product-type-variable"},"acf":[],"_links":{"self":[{"href":"https:\/\/vimaterial.de\/es\/wp-json\/wp\/v2\/product\/1011857","targetHints":{"allow":["GET"]}}],"collection":[{"href":"https:\/\/vimaterial.de\/es\/wp-json\/wp\/v2\/product"}],"about":[{"href":"https:\/\/vimaterial.de\/es\/wp-json\/wp\/v2\/types\/product"}],"replies":[{"embeddable":true,"href":"https:\/\/vimaterial.de\/es\/wp-json\/wp\/v2\/comments?post=1011857"}],"wp:featuredmedia":[{"embeddable":true,"href":"https:\/\/vimaterial.de\/es\/wp-json\/wp\/v2\/media\/1000265"}],"wp:attachment":[{"href":"https:\/\/vimaterial.de\/es\/wp-json\/wp\/v2\/media?parent=1011857"}],"wp:term":[{"taxonomy":"product_brand","embeddable":true,"href":"https:\/\/vimaterial.de\/es\/wp-json\/wp\/v2\/product_brand?post=1011857"},{"taxonomy":"product_cat","embeddable":true,"href":"https:\/\/vimaterial.de\/es\/wp-json\/wp\/v2\/product_cat?post=1011857"},{"taxonomy":"product_tag","embeddable":true,"href":"https:\/\/vimaterial.de\/es\/wp-json\/wp\/v2\/product_tag?post=1011857"}],"curies":[{"name":"wp","href":"https:\/\/api.w.org\/{rel}","templated":true}]}}