{"id":1011825,"date":"2024-06-17T14:18:58","date_gmt":"2024-06-17T06:18:58","guid":{"rendered":"https:\/\/vimaterial.de\/product\/escandio-metalico\/"},"modified":"2024-12-31T10:56:18","modified_gmt":"2024-12-31T02:56:18","slug":"escandio-metalico","status":"publish","type":"product","link":"https:\/\/vimaterial.de\/es\/product\/escandio-metalico\/","title":{"rendered":"Metal escandio"},"content":{"rendered":"<p>Los objetivos de pulverizaci\u00f3n cat\u00f3dica de escandio tienen las mismas propiedades que las materias primas. Son metales de transici\u00f3n de color blanco plateado y generalmente se clasifican como elementos de tierras raras no lant\u00e1nidos. VIMATERIAL tambi\u00e9n proporciona otros objetivos de tierras raras. Si tiene alguna necesidad, p\u00f3ngase en contacto con nosotros. <\/p>\n<h2><span style=\"font-size: 14pt;\">Propiedades<\/span><\/h2>\n<p>F\u00f3rmula qu\u00edmica:Sc Aspecto: metal blanco suave y plateado Densidad:2.985 g\/cm3 Punto de fusi\u00f3n:1541 \u00b0C Punto de ebullici\u00f3n: 2836 \u00b0C Estructura cristalina: empaquetadura cerrada hexagonal (por debajo de 1335 \u00b0C) y c\u00fabica centrada en el cuerpo.<\/p>\n<h2><span style=\"font-size: 14pt;\">Aplicaciones<\/span><\/h2>\n<p>Fabricaci\u00f3n de circuitos integrados: En la fabricaci\u00f3n de circuitos integrados, los objetivos de escandio se utilizan en el proceso de recubrimiento por pulverizaci\u00f3n cat\u00f3dica. Las pel\u00edculas delgadas de titanio pulverizadas se pueden utilizar como capas de barrera, capas de barrera de difusi\u00f3n, capas de adhesi\u00f3n, electrodos, etc., y se utilizan para fabricar dispositivos MOS, memorias DRAM, transistores NPN \/ PNP, etc. en circuitos integrados. C\u00e9lulas solares: Los objetivos de escandio tambi\u00e9n se utilizan ampliamente en la fabricaci\u00f3n de c\u00e9lulas solares. Por ejemplo, los objetivos de escandio se pueden usar para el recubrimiento de pulverizaci\u00f3n cat\u00f3dica para formar la capa reflectante de las c\u00e9lulas solares y mejorar la eficiencia de conversi\u00f3n fotoel\u00e9ctrica de las c\u00e9lulas solares. Pantallas planas: En la fabricaci\u00f3n de pantallas planas, los objetivos de escandio se utilizan para el recubrimiento de pulverizaci\u00f3n cat\u00f3dica para formar condensadores de pel\u00edcula delgada, pel\u00edculas conductoras, capas protectoras, etc. de las pantallas, mejorando el rendimiento y la estabilidad de las pantallas. Decoraci\u00f3n arquitect\u00f3nica: Los objetivos de pulverizaci\u00f3n cat\u00f3dica de escandio tambi\u00e9n se utilizan ampliamente en la industria de la decoraci\u00f3n arquitect\u00f3nica. Por ejemplo, a trav\u00e9s de la tecnolog\u00eda de recubrimiento por pulverizaci\u00f3n cat\u00f3dica, se puede formar una pel\u00edcula de titanio en la superficie del vidrio, azulejos, metal y otros materiales para mejorar el aislamiento t\u00e9rmico, el aislamiento ac\u00fastico, la protecci\u00f3n UV y otras funciones de los edificios. Industria automotriz: Los objetivos de pulverizaci\u00f3n cat\u00f3dica de escandio tambi\u00e9n se utilizan en la industria automotriz. Por ejemplo, el recubrimiento de pulverizaci\u00f3n cat\u00f3dica en el vidrio de la ventana del autom\u00f3vil puede mejorar el rendimiento del aislamiento t\u00e9rmico del autom\u00f3vil, reducir el uso del aire acondicionado del autom\u00f3vil y reducir el consumo de energ\u00eda. <\/p>\n<h2><span style=\"font-size: 14pt;\">Control de calidad<\/span><\/h2>\n<p>Nuestros productos implementan el sistema de gesti\u00f3n de calidad m\u00e1s estricto. Existen estrictos est\u00e1ndares de inspecci\u00f3n para los materiales entrantes, los procesos, las inspecciones finales y las inspecciones de f\u00e1brica. Se adoptar\u00e1n estrictas medidas de aislamiento para el procesamiento no calificado para evitar que los productos no calificados fluyan hacia el siguiente proceso. Las muestras se proporcionar\u00e1n a los clientes de acuerdo con los requisitos del cliente para la reinspecci\u00f3n.   <\/p>\n<h2><span style=\"font-size: 14pt;\">Embalaje y almacenamiento<\/span><\/h2>\n<p>El material blando interno se envuelve y se empaqueta al vac\u00edo, y el cart\u00f3n externo \/ caja de madera se empaqueta. Temperatura de almacenamiento: Los objetivos de pulverizaci\u00f3n cat\u00f3dica de escandio deben almacenarse en un entorno de baja temperatura para evitar el impacto de la alta temperatura en su rendimiento. Almacene lejos de la luz: Dado que los objetivos que pulverizan escandio son sensibles a la luz, deben almacenarse lejos de la luz solar directa o de la luz intensa para evitar la aparici\u00f3n de reacciones fotoqu\u00edmicas. Ambiente seco: El ambiente de almacenamiento debe mantenerse seco y evitar la humedad, ya que un ambiente h\u00famedo puede hacer que el objetivo de escandio se humedezca y se deteriore.Embalaje sellado: Los objetivos de pulverizaci\u00f3n cat\u00f3dica de escandio deben empaquetarse al vac\u00edo en bolsas de vac\u00edo y colocarse en cajas de objetivos personalizadas para garantizar su sellado y evitar que ingresen aire y humedad. Man\u00e9jelos con cuidado: Durante la manipulaci\u00f3n y el almacenamiento, deben manipularse con cuidado para evitar colisiones y apretones para evitar da\u00f1os a los objetivos.<\/p>\n","protected":false},"excerpt":{"rendered":"<p>Los objetivos de pulverizaci\u00f3n cat\u00f3dica de escandio tienen las mismas propiedades que las materias primas. Son metales de transici\u00f3n de color blanco plateado y generalmente se clasifican como elementos de tierras raras no lant\u00e1nidos. VIMATERIAL tambi\u00e9n proporciona otros objetivos de tierras raras. Si tiene alguna necesidad, p\u00f3ngase en contacto con nosotros. Propiedades F\u00f3rmula qu\u00edmica:Sc Aspecto: [&hellip;]<\/p>\n","protected":false},"featured_media":1000273,"comment_status":"open","ping_status":"closed","template":"","meta":{"_acf_changed":false},"product_brand":[],"product_cat":[178],"product_tag":[],"class_list":{"0":"post-1011825","1":"product","2":"type-product","3":"status-publish","4":"has-post-thumbnail","6":"product_cat-catodos-para-sputtering-planar","8":"first","9":"instock","10":"shipping-taxable","11":"product-type-variable"},"acf":[],"_links":{"self":[{"href":"https:\/\/vimaterial.de\/es\/wp-json\/wp\/v2\/product\/1011825","targetHints":{"allow":["GET"]}}],"collection":[{"href":"https:\/\/vimaterial.de\/es\/wp-json\/wp\/v2\/product"}],"about":[{"href":"https:\/\/vimaterial.de\/es\/wp-json\/wp\/v2\/types\/product"}],"replies":[{"embeddable":true,"href":"https:\/\/vimaterial.de\/es\/wp-json\/wp\/v2\/comments?post=1011825"}],"wp:featuredmedia":[{"embeddable":true,"href":"https:\/\/vimaterial.de\/es\/wp-json\/wp\/v2\/media\/1000273"}],"wp:attachment":[{"href":"https:\/\/vimaterial.de\/es\/wp-json\/wp\/v2\/media?parent=1011825"}],"wp:term":[{"taxonomy":"product_brand","embeddable":true,"href":"https:\/\/vimaterial.de\/es\/wp-json\/wp\/v2\/product_brand?post=1011825"},{"taxonomy":"product_cat","embeddable":true,"href":"https:\/\/vimaterial.de\/es\/wp-json\/wp\/v2\/product_cat?post=1011825"},{"taxonomy":"product_tag","embeddable":true,"href":"https:\/\/vimaterial.de\/es\/wp-json\/wp\/v2\/product_tag?post=1011825"}],"curies":[{"name":"wp","href":"https:\/\/api.w.org\/{rel}","templated":true}]}}