{"id":1011805,"date":"2024-06-17T14:18:58","date_gmt":"2024-06-17T06:18:58","guid":{"rendered":"https:\/\/vimaterial.de\/product\/nitrato-de-escandio-hidrato\/"},"modified":"2024-12-31T11:26:33","modified_gmt":"2024-12-31T03:26:33","slug":"nitrato-de-escandio-hidrato","status":"publish","type":"product","link":"https:\/\/vimaterial.de\/es\/product\/nitrato-de-escandio-hidrato\/","title":{"rendered":"Hidrato de nitrato de escandio"},"content":{"rendered":"<p>El nitrato de escandio es un compuesto inorg\u00e1nico. Es un cristal incoloro o polvo s\u00f3lido que es soluble en agua. VIMATERIAL tambi\u00e9n proporciona otros materiales de tierras raras. Si tiene alguna necesidad, p\u00f3ngase en contacto con nosotros. <\/p>\n<h2><span style=\"font-size: 14pt;\">Propiedades<\/span><\/h2>\n<p>F\u00f3rmula qu\u00edmica: Sc (NO3) 3 \u00b7 6H2O Masa molar: 338,96 g \/ mol Apariencia: Cristales de bloque blancos o incoloros Solubilidad: Soluble en agua y etanol, delicuescente El nitrato de escandio es un \u00e1cido fuerte que es irritante y corrosivo. Se descompone a altas temperaturas, liberando \u00f3xidos t\u00f3xicos como el ox\u00edgeno y el \u00f3xido n\u00edtrico. Reacciona con muchos metales para formar los nitratos correspondientes.<\/p>\n<h2><span style=\"font-size: 14pt;\">Aplicaciones<\/span><\/h2>\n<p>El nitrato de escandio se puede utilizar como catalizador, especialmente en la s\u00edntesis org\u00e1nica. Tambi\u00e9n se utiliza en el proceso de fabricaci\u00f3n de vidrio, cer\u00e1mica y dispositivos de medici\u00f3n. El nitrato de escandio se puede utilizar para preparar otros compuestos de escandio.<\/p>\n<h2><span style=\"font-size: 14pt;\">Control de calidad<\/span><\/h2>\n<p>Nuestros productos implementan el sistema de gesti\u00f3n de calidad m\u00e1s estricto. Existen estrictos est\u00e1ndares de inspecci\u00f3n para los materiales entrantes, los procesos, las inspecciones finales y las inspecciones de f\u00e1brica. Se adoptar\u00e1n estrictas medidas de aislamiento para el procesamiento no calificado para evitar que los productos no calificados fluyan hacia el siguiente proceso. Las muestras se proporcionar\u00e1n a los clientes de acuerdo con los requisitos del cliente para la reinspecci\u00f3n.   <\/p>\n<h2><span style=\"font-size: 14pt;\">Embalaje y almacenamiento<\/span><\/h2>\n<p>Embalaje interior al vac\u00edo, embalaje exterior de cart\u00f3n\/caja de madera. El nitrato de escandio es un \u00e1cido fuerte que es irritante y corrosivo. Siempre use guantes protectores, gafas y ropa protectora cuando lo use para evitar el contacto con los ojos y la piel. Al manipular o desechar el nitrato de escandio, debe hacerse en un ambiente bien ventilado para evitar inhalar su vapor o polvo. El nitrato de escandio debe mantenerse alejado de materiales inflamables y almacenarse adecuadamente para evitar el riesgo de incendio y explosi\u00f3n. Al deshacerse de los desechos, se deben seguir las regulaciones ambientales locales y los desechos deben eliminarse adecuadamente para evitar la contaminaci\u00f3n del medio ambiente.<\/p>\n","protected":false},"excerpt":{"rendered":"<p>El nitrato de escandio es un compuesto inorg\u00e1nico. Es un cristal incoloro o polvo s\u00f3lido que es soluble en agua. VIMATERIAL tambi\u00e9n proporciona otros materiales de tierras raras. Si tiene alguna necesidad, p\u00f3ngase en contacto con nosotros. Propiedades F\u00f3rmula qu\u00edmica: Sc (NO3) 3 \u00b7 6H2O Masa molar: 338,96 g \/ mol Apariencia: Cristales de bloque [&hellip;]<\/p>\n","protected":false},"featured_media":1000283,"comment_status":"open","ping_status":"closed","template":"","meta":{"_acf_changed":false},"product_brand":[],"product_cat":[184,187],"product_tag":[],"class_list":{"0":"post-1011805","1":"product","2":"type-product","3":"status-publish","4":"has-post-thumbnail","6":"product_cat-materiales-de-tierras-raras","7":"product_cat-otros-materiales","9":"first","10":"instock","11":"shipping-taxable","12":"product-type-variable"},"acf":[],"_links":{"self":[{"href":"https:\/\/vimaterial.de\/es\/wp-json\/wp\/v2\/product\/1011805","targetHints":{"allow":["GET"]}}],"collection":[{"href":"https:\/\/vimaterial.de\/es\/wp-json\/wp\/v2\/product"}],"about":[{"href":"https:\/\/vimaterial.de\/es\/wp-json\/wp\/v2\/types\/product"}],"replies":[{"embeddable":true,"href":"https:\/\/vimaterial.de\/es\/wp-json\/wp\/v2\/comments?post=1011805"}],"wp:featuredmedia":[{"embeddable":true,"href":"https:\/\/vimaterial.de\/es\/wp-json\/wp\/v2\/media\/1000283"}],"wp:attachment":[{"href":"https:\/\/vimaterial.de\/es\/wp-json\/wp\/v2\/media?parent=1011805"}],"wp:term":[{"taxonomy":"product_brand","embeddable":true,"href":"https:\/\/vimaterial.de\/es\/wp-json\/wp\/v2\/product_brand?post=1011805"},{"taxonomy":"product_cat","embeddable":true,"href":"https:\/\/vimaterial.de\/es\/wp-json\/wp\/v2\/product_cat?post=1011805"},{"taxonomy":"product_tag","embeddable":true,"href":"https:\/\/vimaterial.de\/es\/wp-json\/wp\/v2\/product_tag?post=1011805"}],"curies":[{"name":"wp","href":"https:\/\/api.w.org\/{rel}","templated":true}]}}