{"id":1011782,"date":"2024-06-17T14:19:01","date_gmt":"2024-06-17T06:19:01","guid":{"rendered":"https:\/\/vimaterial.de\/product\/oxido-de-escandio-2\/"},"modified":"2024-12-31T13:21:57","modified_gmt":"2024-12-31T05:21:57","slug":"oxido-de-escandio-2","status":"publish","type":"product","link":"https:\/\/vimaterial.de\/es\/product\/oxido-de-escandio-2\/","title":{"rendered":"\u00d3xido de escandio"},"content":{"rendered":"<p>El objetivo de pulverizaci\u00f3n cat\u00f3dica de \u00f3xido de escandio es un importante \u00f3xido met\u00e1lico de tierras raras con una variedad de excelentes propiedades, como un buen rendimiento catal\u00edtico y estabilidad a alta temperatura. VIMATERIAL tambi\u00e9n proporciona otros materiales de tierras raras. Si tiene alguna necesidad, p\u00f3ngase en contacto con nosotros.<\/p>\n<h2><span style=\"font-size: 14pt;\">Propiedades<\/span><\/h2>\n<p>F\u00f3rmula qu\u00edmica:Sc2O3 Masa molar: 137.910 g\/mol<\/p>\n<p>Aspecto: Polvo blanco<\/p>\n<p>Densidad: 3,86 g\/cm3 Punto de fusi\u00f3n: 2.485 \u00b0C (4.505 \u00b0F; 2.758 K) Solubilidad en agua: insoluble en agua Solubilidad: soluble en \u00e1cidos calientes (reacciona)<\/p>\n<h2><span style=\"font-size: 14pt;\">Aplicaciones<\/span><\/h2>\n<p>Campo electr\u00f3nico: El objetivo de pulverizaci\u00f3n cat\u00f3dica de \u00f3xido de escandio se puede utilizar como aditivo en materiales semiconductores para mejorar el rendimiento de transistores y circuitos integrados. El \u00f3xido de escandio tambi\u00e9n se puede utilizar como material de pel\u00edcula delgada para el escandio met\u00e1lico para producir memoria magn\u00e9tica. Campo \u00f3ptico: El objetivo de pulverizaci\u00f3n cat\u00f3dica de \u00f3xido de escandio es un material importante para la preparaci\u00f3n de vidrio \u00f3ptico de alta refracci\u00f3n y baja dispersi\u00f3n. El \u00f3xido de escandio se puede combinar con otros elementos de tierras raras para formar vidrio de tierras raras para la fabricaci\u00f3n de dispositivos \u00f3pticos como l\u00e1seres. Campo cer\u00e1mico: El objetivo de pulverizaci\u00f3n cat\u00f3dica de \u00f3xido de escandio se puede utilizar como material de absorci\u00f3n infrarroja y es ampliamente utilizado en colectores solares, vidrios a prueba de rayos UV y otros campos. El \u00f3xido de escandio tambi\u00e9n se puede usar para preparar cer\u00e1micas de alta temperatura, como cer\u00e1micas de aluminio y itrio y circonio, que se pueden usar para fabricar piezas estructurales de alta temperatura en la aviaci\u00f3n, aeroespacial y otros campos. Otras aplicaciones: El objetivo de pulverizaci\u00f3n cat\u00f3dica de \u00f3xido de escandio se utiliza como catalizador y tiene una amplia gama de aplicaciones en petroqu\u00edmica, fibra qu\u00edmica y bioqu\u00edmica. El \u00f3xido de escandio tambi\u00e9n se puede utilizar como agente de contraste m\u00e9dico, modificador o biomarcador. <\/p>\n<h2><span style=\"font-size: 14pt;\">Control de calidad<\/span><\/h2>\n<p>Nuestros productos implementan el sistema de gesti\u00f3n de calidad m\u00e1s estricto. Existen estrictos est\u00e1ndares de inspecci\u00f3n para los materiales entrantes, los procesos, las inspecciones finales y las inspecciones de f\u00e1brica. Se adoptar\u00e1n estrictas medidas de aislamiento para el procesamiento no calificado para evitar que los productos no calificados fluyan hacia el siguiente proceso. Las muestras se proporcionar\u00e1n a los clientes de acuerdo con los requisitos del cliente para la reinspecci\u00f3n.   <\/p>\n<h2><span style=\"font-size: 14pt;\">Embalaje y almacenamiento<\/span><\/h2>\n<p>Envuelto con material suave en el interior y envasado al vac\u00edo, y empacado en cajas de cart\u00f3n \/ madera en el exterior. Se recomienda almacenarlo en un ambiente seco, fresco, bien ventilado y lejos de materia inflamable y org\u00e1nica. Al manipular \u00f3xido de escandio, se requiere equipo de protecci\u00f3n como guantes protectores, m\u00e1scaras y gafas protectoras para evitar la inhalaci\u00f3n y el contacto con la piel. Si inhala polvo de \u00f3xido de escandio, debe ir a un hospital para recibir tratamiento de inmediato.<\/p>\n","protected":false},"excerpt":{"rendered":"<p>El objetivo de pulverizaci\u00f3n cat\u00f3dica de \u00f3xido de escandio es un importante \u00f3xido met\u00e1lico de tierras raras con una variedad de excelentes propiedades, como un buen rendimiento catal\u00edtico y estabilidad a alta temperatura. VIMATERIAL tambi\u00e9n proporciona otros materiales de tierras raras. Si tiene alguna necesidad, p\u00f3ngase en contacto con nosotros. Propiedades F\u00f3rmula qu\u00edmica:Sc2O3 Masa molar: [&hellip;]<\/p>\n","protected":false},"featured_media":1000308,"comment_status":"open","ping_status":"closed","template":"","meta":{"_acf_changed":false},"product_brand":[],"product_cat":[178],"product_tag":[],"class_list":{"0":"post-1011782","1":"product","2":"type-product","3":"status-publish","4":"has-post-thumbnail","6":"product_cat-catodos-para-sputtering-planar","8":"first","9":"instock","10":"shipping-taxable","11":"product-type-variable"},"acf":[],"_links":{"self":[{"href":"https:\/\/vimaterial.de\/es\/wp-json\/wp\/v2\/product\/1011782","targetHints":{"allow":["GET"]}}],"collection":[{"href":"https:\/\/vimaterial.de\/es\/wp-json\/wp\/v2\/product"}],"about":[{"href":"https:\/\/vimaterial.de\/es\/wp-json\/wp\/v2\/types\/product"}],"replies":[{"embeddable":true,"href":"https:\/\/vimaterial.de\/es\/wp-json\/wp\/v2\/comments?post=1011782"}],"wp:featuredmedia":[{"embeddable":true,"href":"https:\/\/vimaterial.de\/es\/wp-json\/wp\/v2\/media\/1000308"}],"wp:attachment":[{"href":"https:\/\/vimaterial.de\/es\/wp-json\/wp\/v2\/media?parent=1011782"}],"wp:term":[{"taxonomy":"product_brand","embeddable":true,"href":"https:\/\/vimaterial.de\/es\/wp-json\/wp\/v2\/product_brand?post=1011782"},{"taxonomy":"product_cat","embeddable":true,"href":"https:\/\/vimaterial.de\/es\/wp-json\/wp\/v2\/product_cat?post=1011782"},{"taxonomy":"product_tag","embeddable":true,"href":"https:\/\/vimaterial.de\/es\/wp-json\/wp\/v2\/product_tag?post=1011782"}],"curies":[{"name":"wp","href":"https:\/\/api.w.org\/{rel}","templated":true}]}}