{"id":1011755,"date":"2024-06-17T14:19:01","date_gmt":"2024-06-17T06:19:01","guid":{"rendered":"https:\/\/vimaterial.de\/product\/sulfuro-de-escandio\/"},"modified":"2025-01-02T10:13:50","modified_gmt":"2025-01-02T02:13:50","slug":"sulfuro-de-escandio","status":"publish","type":"product","link":"https:\/\/vimaterial.de\/es\/product\/sulfuro-de-escandio\/","title":{"rendered":"Sulfuro de escandio"},"content":{"rendered":"<p>El sulfuro de escandio es un compuesto qu\u00edmico de escandio y azufre con la f\u00f3rmula qu\u00edmica Sc2S3. Es un s\u00f3lido amarillo. Los productos de VIMATERIAL cuentan con la confianza de un gran n\u00famero de usuarios por su excelente calidad, su completa variedad y su atento servicio. Los productos se venden en todo el mundo y tienen una buena reputaci\u00f3n. Nuestra empresa se basa en la integridad y la calidad primero. Damos una calurosa bienvenida a los clientes para que vengan a consultar. <\/p>\n<h2><span style=\"font-size: 14pt;\">Propiedades<\/span><\/h2>\n<p>F\u00f3rmula qu\u00edmica:Sc2S3 Masa molar: 186,11 g\/mol Aspecto: cristales amarillos Densidad: 2,91 g\/cm3, s\u00f3lido Punto de fusi\u00f3n: 1.775 \u00b0C (3.227 \u00b0F; 2.048 K)<\/p>\n<p>Estructura cristalina: ortorr\u00f3mbica<\/p>\n<h2><span style=\"font-size: 14pt;\">Aplicaciones<\/span><\/h2>\n<p>Catalizador : El sulfuro de escandio se puede utilizar como catalizador, especialmente en ciertas reacciones qu\u00edmicas, para mejorar la eficiencia y la selectividad de la reacci\u00f3n.Materiales electr\u00f3nicos: Debido a sus propiedades f\u00edsicas y qu\u00edmicas \u00fanicas, el sulfuro de escandio tambi\u00e9n se usa ampliamente en el campo de los materiales electr\u00f3nicos, como en la fabricaci\u00f3n de dispositivos semiconductores y componentes electr\u00f3nicos. Materiales \u00f3pticos: El sulfuro de escandio tambi\u00e9n se puede utilizar en la preparaci\u00f3n de materiales \u00f3pticos, como la fabricaci\u00f3n de vidrio \u00f3ptico y fibra \u00f3ptica, y es favorecido por sus buenas propiedades \u00f3pticas.<\/p>\n<h2><span style=\"font-size: 14pt;\">Control de calidad<\/span><\/h2>\n<p>Nuestros productos implementan el sistema de gesti\u00f3n de calidad m\u00e1s estricto. Existen estrictos est\u00e1ndares de inspecci\u00f3n para los materiales entrantes, los procesos, las inspecciones finales y las inspecciones de f\u00e1brica. Se adoptar\u00e1n estrictas medidas de aislamiento para el procesamiento no calificado para evitar que los productos no calificados fluyan hacia el siguiente proceso. Las muestras se proporcionar\u00e1n a los clientes de acuerdo con los requisitos del cliente para la reinspecci\u00f3n.   <\/p>\n<h2><span style=\"font-size: 14pt;\">Embalaje y almacenamiento<\/span><\/h2>\n<p>El sulfuro de escandio generalmente se empaqueta en bolsas de papel de aluminio, botellas fluoradas, tambores de hierro galvanizado o tambores de pl\u00e1stico. Durante el almacenamiento y el transporte, debe evitarse el contacto con el aire para evitar la oxidaci\u00f3n. Adem\u00e1s, debe almacenarse en un lugar seco, fresco y bien ventilado, lejos de fuentes de fuego y calor.<\/p>\n","protected":false},"excerpt":{"rendered":"<p>El sulfuro de escandio es un compuesto qu\u00edmico de escandio y azufre con la f\u00f3rmula qu\u00edmica Sc2S3. Es un s\u00f3lido amarillo. Los productos de VIMATERIAL cuentan con la confianza de un gran n\u00famero de usuarios por su excelente calidad, su completa variedad y su atento servicio. Los productos se venden en todo el mundo y [&hellip;]<\/p>\n","protected":false},"featured_media":1000317,"comment_status":"open","ping_status":"closed","template":"","meta":{"_acf_changed":false},"product_brand":[],"product_cat":[181,184],"product_tag":[],"class_list":{"0":"post-1011755","1":"product","2":"type-product","3":"status-publish","4":"has-post-thumbnail","6":"product_cat-materiales-calcogenuros","7":"product_cat-materiales-de-tierras-raras","9":"first","10":"instock","11":"shipping-taxable","12":"product-type-variable"},"acf":[],"_links":{"self":[{"href":"https:\/\/vimaterial.de\/es\/wp-json\/wp\/v2\/product\/1011755","targetHints":{"allow":["GET"]}}],"collection":[{"href":"https:\/\/vimaterial.de\/es\/wp-json\/wp\/v2\/product"}],"about":[{"href":"https:\/\/vimaterial.de\/es\/wp-json\/wp\/v2\/types\/product"}],"replies":[{"embeddable":true,"href":"https:\/\/vimaterial.de\/es\/wp-json\/wp\/v2\/comments?post=1011755"}],"wp:featuredmedia":[{"embeddable":true,"href":"https:\/\/vimaterial.de\/es\/wp-json\/wp\/v2\/media\/1000317"}],"wp:attachment":[{"href":"https:\/\/vimaterial.de\/es\/wp-json\/wp\/v2\/media?parent=1011755"}],"wp:term":[{"taxonomy":"product_brand","embeddable":true,"href":"https:\/\/vimaterial.de\/es\/wp-json\/wp\/v2\/product_brand?post=1011755"},{"taxonomy":"product_cat","embeddable":true,"href":"https:\/\/vimaterial.de\/es\/wp-json\/wp\/v2\/product_cat?post=1011755"},{"taxonomy":"product_tag","embeddable":true,"href":"https:\/\/vimaterial.de\/es\/wp-json\/wp\/v2\/product_tag?post=1011755"}],"curies":[{"name":"wp","href":"https:\/\/api.w.org\/{rel}","templated":true}]}}