{"id":1011740,"date":"2024-06-17T14:21:37","date_gmt":"2024-06-17T06:21:37","guid":{"rendered":"https:\/\/vimaterial.de\/product\/bromuro-de-escandio\/"},"modified":"2025-01-02T10:28:48","modified_gmt":"2025-01-02T02:28:48","slug":"bromuro-de-escandio","status":"publish","type":"product","link":"https:\/\/vimaterial.de\/es\/product\/bromuro-de-escandio\/","title":{"rendered":"Bromuro de escandio"},"content":{"rendered":"<p>El bromuro de escandio, o ScBr3, es un compuesto qu\u00edmico trihaluro, higrosc\u00f3pico y soluble en agua de escandio y bromo. Es un compuesto i\u00f3nico y aparece claro en soluci\u00f3n. VIMATERIAL se ha ganado la confianza de una amplia gama de clientes con su calidad excepcional, su amplia gama de productos y su atento servicio. Nuestros productos se exportan a todo el mundo y gozan de una excelente reputaci\u00f3n. Comprometidos con la integridad y la calidad primero, damos una calurosa bienvenida a los clientes para que consulten y colaboren con nosotros. <\/p>\n<h2><span style=\"font-size: 14pt;\">Propiedades<\/span><\/h2>\n<p>F\u00f3rmula qu\u00edmica:ScBr3 Masa molar: 284,67 g\/mol Aspecto: polvo anhidro Densidad: 3.914 g\/cm3 Punto de fusi\u00f3n: 904 \u00b0C (1.659 \u00b0F; 1.177 K) Solubilidad en agua: soluble Solubilidad: soluble en etanol<\/p>\n<h2><span style=\"font-size: 14pt;\">Aplicaciones<\/span><\/h2>\n<p>1. El bromuro de escandio se utiliza como catalizador en la s\u00edntesis org\u00e1nica; 2. El bromuro de escandio se utiliza en la investigaci\u00f3n de materiales electr\u00f3nicos y materiales \u00f3pticos.<\/p>\n<h2><span style=\"font-size: 14pt;\">Control de calidad<\/span><\/h2>\n<p>Nuestros productos implementan el sistema de gesti\u00f3n de calidad m\u00e1s estricto. Existen estrictos est\u00e1ndares de inspecci\u00f3n para los materiales entrantes, los procesos, las inspecciones finales y las inspecciones de f\u00e1brica. Se adoptar\u00e1n estrictas medidas de aislamiento para el procesamiento no calificado para evitar que los productos no calificados fluyan hacia el siguiente proceso. Las muestras se proporcionar\u00e1n a los clientes de acuerdo con los requisitos del cliente para la reinspecci\u00f3n.   <\/p>\n<h2><span style=\"font-size: 14pt;\">Embalaje y almacenamiento<\/span><\/h2>\n<p>Embalaje interior al vac\u00edo, embalaje exterior de cart\u00f3n\/caja de madera. El entorno de almacenamiento debe mantenerse seco y evitar el contacto con la humedad del aire, ya que el bromuro de escandio es sensible a la humedad.<\/p>\n","protected":false},"excerpt":{"rendered":"<p>El bromuro de escandio, o ScBr3, es un compuesto qu\u00edmico trihaluro, higrosc\u00f3pico y soluble en agua de escandio y bromo. Es un compuesto i\u00f3nico y aparece claro en soluci\u00f3n. VIMATERIAL se ha ganado la confianza de una amplia gama de clientes con su calidad excepcional, su amplia gama de productos y su atento servicio. Nuestros [&hellip;]<\/p>\n","protected":false},"featured_media":1000325,"comment_status":"open","ping_status":"closed","template":"","meta":{"_acf_changed":false},"product_brand":[],"product_cat":[184,182],"product_tag":[],"class_list":{"0":"post-1011740","1":"product","2":"type-product","3":"status-publish","4":"has-post-thumbnail","6":"product_cat-materiales-de-tierras-raras","7":"product_cat-materiales-halogenados","9":"first","10":"instock","11":"shipping-taxable","12":"product-type-variable"},"acf":[],"_links":{"self":[{"href":"https:\/\/vimaterial.de\/es\/wp-json\/wp\/v2\/product\/1011740","targetHints":{"allow":["GET"]}}],"collection":[{"href":"https:\/\/vimaterial.de\/es\/wp-json\/wp\/v2\/product"}],"about":[{"href":"https:\/\/vimaterial.de\/es\/wp-json\/wp\/v2\/types\/product"}],"replies":[{"embeddable":true,"href":"https:\/\/vimaterial.de\/es\/wp-json\/wp\/v2\/comments?post=1011740"}],"wp:featuredmedia":[{"embeddable":true,"href":"https:\/\/vimaterial.de\/es\/wp-json\/wp\/v2\/media\/1000325"}],"wp:attachment":[{"href":"https:\/\/vimaterial.de\/es\/wp-json\/wp\/v2\/media?parent=1011740"}],"wp:term":[{"taxonomy":"product_brand","embeddable":true,"href":"https:\/\/vimaterial.de\/es\/wp-json\/wp\/v2\/product_brand?post=1011740"},{"taxonomy":"product_cat","embeddable":true,"href":"https:\/\/vimaterial.de\/es\/wp-json\/wp\/v2\/product_cat?post=1011740"},{"taxonomy":"product_tag","embeddable":true,"href":"https:\/\/vimaterial.de\/es\/wp-json\/wp\/v2\/product_tag?post=1011740"}],"curies":[{"name":"wp","href":"https:\/\/api.w.org\/{rel}","templated":true}]}}