{"id":1011726,"date":"2024-06-17T14:21:38","date_gmt":"2024-06-17T06:21:38","guid":{"rendered":"https:\/\/vimaterial.de\/product\/cloruro-de-escandio\/"},"modified":"2025-01-02T10:54:58","modified_gmt":"2025-01-02T02:54:58","slug":"cloruro-de-escandio","status":"publish","type":"product","link":"https:\/\/vimaterial.de\/es\/product\/cloruro-de-escandio\/","title":{"rendered":"Cloruro de escandio"},"content":{"rendered":"<p>El cloruro de escandio es el compuesto inorg\u00e1nico con la f\u00f3rmula ScCl3. Es un compuesto i\u00f3nico blanco, de alto punto de fusi\u00f3n, que es delicuescente y altamente soluble en agua.<\/p>\n<p>VIMATERIAL se ha ganado la confianza de una amplia gama de clientes con su calidad excepcional, su amplia gama de productos y su atento servicio. Nuestros productos se exportan a todo el mundo y gozan de una excelente reputaci\u00f3n. Comprometidos con la integridad y la calidad primero, damos una calurosa bienvenida a los clientes para que consulten y colaboren con nosotros.  <\/p>\n<h2><span style=\"font-size: 14pt;\">Propiedades<\/span><\/h2>\n<p>F\u00f3rmula qu\u00edmica:ScCl3 Masa molar: 151,31 g\/mol Aspecto: cristales de color blanco gris\u00e1ceo Densidad: 2,39 g\/mL, s\u00f3lido Punto de fusi\u00f3n: 960 \u00b0C (1.760 \u00b0F; 1.230 K)63 \u00b0C (hexahidratado) Solubilidad en agua: soluble Solubilidad en otros disolventes: insoluble en EtOH<\/p>\n<h2><span style=\"font-size: 14pt;\">Aplicaciones<\/span><\/h2>\n<p>Producci\u00f3n de intermedios compuestos de escandio: El cloruro de escandio sirve como materia prima crucial para la fabricaci\u00f3n de otros compuestos de escandio, ampliamente aplicados en los sectores de reactivos qu\u00edmicos e industriales. Reactivos qu\u00edmicos: El cloruro de escandio se usa com\u00fanmente como reactivo en experimentos qu\u00edmicos. Producci\u00f3n de aleaciones de alto punto de fusi\u00f3n: El cloruro de escandio se utiliza en la producci\u00f3n de aleaciones de alto punto de fusi\u00f3n, que desempe\u00f1an un papel vital en aplicaciones industriales espec\u00edficas. Fabricaci\u00f3n de productos qu\u00edmicos finos: El cloruro de escandio puede encontrar aplicaciones en la producci\u00f3n de productos qu\u00edmicos finos. Ciencia de los materiales: En el campo de la ciencia de los materiales, el cloruro de escandio puede emplearse como intermediario para la producci\u00f3n de materiales especializados.<\/p>\n<h2><span style=\"font-size: 14pt;\">Control de calidad<\/span><\/h2>\n<p>Nuestros productos implementan el sistema de gesti\u00f3n de calidad m\u00e1s estricto. Existen estrictos est\u00e1ndares de inspecci\u00f3n para los materiales entrantes, los procesos, las inspecciones finales y las inspecciones de f\u00e1brica. Se adoptar\u00e1n estrictas medidas de aislamiento para el procesamiento no calificado para evitar que los productos no calificados fluyan hacia el siguiente proceso. Las muestras se proporcionar\u00e1n a los clientes de acuerdo con los requisitos del cliente para la reinspecci\u00f3n.   <\/p>\n<h2><span style=\"font-size: 14pt;\">Embalaje y almacenamiento<\/span><\/h2>\n<p>Por lo general, envasado al vac\u00edo internamente y empaquetado externamente en cart\u00f3n, tambi\u00e9n se puede empaquetar de acuerdo con las necesidades del cliente. El cloruro de escandio (ScCl3) es un s\u00f3lido blanquecino a temperatura y presi\u00f3n ambiente, que es f\u00e1cil de absorber la humedad, por lo que debe sellarse para evitar la descomposici\u00f3n. Espec\u00edficamente, el cloruro de escandio debe almacenarse en un recipiente sellado y colocarse en un lugar fresco y seco para evitar la absorci\u00f3n de humedad.<\/p>\n","protected":false},"excerpt":{"rendered":"<p>El cloruro de escandio es el compuesto inorg\u00e1nico con la f\u00f3rmula ScCl3. Es un compuesto i\u00f3nico blanco, de alto punto de fusi\u00f3n, que es delicuescente y altamente soluble en agua. VIMATERIAL se ha ganado la confianza de una amplia gama de clientes con su calidad excepcional, su amplia gama de productos y su atento servicio. [&hellip;]<\/p>\n","protected":false},"featured_media":1000339,"comment_status":"open","ping_status":"closed","template":"","meta":{"_acf_changed":false},"product_brand":[],"product_cat":[184,182],"product_tag":[],"class_list":{"0":"post-1011726","1":"product","2":"type-product","3":"status-publish","4":"has-post-thumbnail","6":"product_cat-materiales-de-tierras-raras","7":"product_cat-materiales-halogenados","9":"first","10":"instock","11":"shipping-taxable","12":"purchasable","13":"product-type-variable"},"acf":[],"_links":{"self":[{"href":"https:\/\/vimaterial.de\/es\/wp-json\/wp\/v2\/product\/1011726","targetHints":{"allow":["GET"]}}],"collection":[{"href":"https:\/\/vimaterial.de\/es\/wp-json\/wp\/v2\/product"}],"about":[{"href":"https:\/\/vimaterial.de\/es\/wp-json\/wp\/v2\/types\/product"}],"replies":[{"embeddable":true,"href":"https:\/\/vimaterial.de\/es\/wp-json\/wp\/v2\/comments?post=1011726"}],"wp:featuredmedia":[{"embeddable":true,"href":"https:\/\/vimaterial.de\/es\/wp-json\/wp\/v2\/media\/1000339"}],"wp:attachment":[{"href":"https:\/\/vimaterial.de\/es\/wp-json\/wp\/v2\/media?parent=1011726"}],"wp:term":[{"taxonomy":"product_brand","embeddable":true,"href":"https:\/\/vimaterial.de\/es\/wp-json\/wp\/v2\/product_brand?post=1011726"},{"taxonomy":"product_cat","embeddable":true,"href":"https:\/\/vimaterial.de\/es\/wp-json\/wp\/v2\/product_cat?post=1011726"},{"taxonomy":"product_tag","embeddable":true,"href":"https:\/\/vimaterial.de\/es\/wp-json\/wp\/v2\/product_tag?post=1011726"}],"curies":[{"name":"wp","href":"https:\/\/api.w.org\/{rel}","templated":true}]}}