{"id":1011708,"date":"2024-06-17T14:21:39","date_gmt":"2024-06-17T06:21:39","guid":{"rendered":"https:\/\/vimaterial.de\/product\/fluoruro-de-escandio\/"},"modified":"2025-01-02T11:34:53","modified_gmt":"2025-01-02T03:34:53","slug":"fluoruro-de-escandio","status":"publish","type":"product","link":"https:\/\/vimaterial.de\/es\/product\/fluoruro-de-escandio\/","title":{"rendered":"Fluoruro de escandio"},"content":{"rendered":"<p>El fluoruro de escandio (ScF3) es un compuesto compuesto de escandio y fl\u00faor. El fluoruro de escandio tiene buena estabilidad qu\u00edmica y t\u00e9rmica, por lo que tiene amplias perspectivas de aplicaci\u00f3n en la ciencia de los materiales, la qu\u00edmica y la energ\u00eda. VIMATERIAL se ha ganado la confianza de una amplia gama de clientes con su calidad excepcional, su amplia gama de productos y su atento servicio. Nuestros productos se exportan a todo el mundo y gozan de una excelente reputaci\u00f3n. Comprometidos con la integridad y la calidad primero, damos una calurosa bienvenida a los clientes para que consulten y colaboren con nosotros. <\/p>\n<h2><span style=\"font-size: 14pt;\">Propiedades<\/span><\/h2>\n<p>F\u00f3rmula qu\u00edmica:ScF3 Masa molar: 101,95112 g\/mol Aspecto: polvo blanco brillante Densidad: 2,53 g\/cm3 Punto de fusi\u00f3n: 1.552 \u00b0C (2.826 \u00b0F; 1.825 K) Punto de ebullici\u00f3n: 1.607 \u00b0C (2.925 \u00b0F; 1.880 K)<\/p>\n<h2><span style=\"font-size: 14pt;\">Normas para el fluoruro de escandio<\/span><\/h2>\n<p>1. Pureza qu\u00edmica: Los requisitos de pureza del producto de fluoruro de escandio son relativamente altos, generalmente por encima del 99.99%. 2. Tama\u00f1o de part\u00edcula: El tama\u00f1o de part\u00edcula del fluoruro de escandio tiene una gran influencia en el rendimiento de su aplicaci\u00f3n y debe controlarse dentro de un cierto rango. 3. Forma: La forma del fluoruro de escandio tiene una gran influencia en su dispersabilidad y estabilidad, y generalmente se requiere que est\u00e9 en forma granular o en polvo. 4. Contenido de humedad: Se requiere que el contenido de humedad del fluoruro de escandio sea bajo para garantizar su estabilidad qu\u00edmica y propiedades f\u00edsicas.<\/p>\n<h2><span style=\"font-size: 14pt;\">Aplicaciones<\/span><\/h2>\n<p>Materiales de la bater\u00eda: Se puede utilizar como material de electrodo positivo para bater\u00edas de iones de litio, con ventajas como la alta densidad de energ\u00eda y el largo ciclo de vida. Materiales \u00f3pticos: Se puede utilizar para preparar materiales \u00f3pticos con alta transparencia, como cer\u00e1micas transparentes, vidrio \u00f3ptico, etc. Catalizadores: Se puede utilizar como portador de catalizadores para catalizar reacciones org\u00e1nicas, reacciones de oxidaci\u00f3n, etc. Materiales magn\u00e9ticos: Se puede utilizar para preparar materiales magn\u00e9ticos, como nanopart\u00edculas magn\u00e9ticas, pel\u00edculas magn\u00e9ticas, etc. Materiales biom\u00e9dicos: Se puede utilizar para preparar materiales biom\u00e9dicos, como biosensores, sistemas de liberaci\u00f3n sostenida de f\u00e1rmacos, etc.<\/p>\n<h2><span style=\"font-size: 14pt;\">Control de calidad<\/span><\/h2>\n<p>Nuestros productos implementan el sistema de gesti\u00f3n de calidad m\u00e1s estricto. Existen estrictos est\u00e1ndares de inspecci\u00f3n para los materiales entrantes, los procesos, las inspecciones finales y las inspecciones de f\u00e1brica. Se adoptar\u00e1n estrictas medidas de aislamiento para el procesamiento no calificado para evitar que los productos no calificados fluyan hacia el siguiente proceso. Las muestras se proporcionar\u00e1n a los clientes de acuerdo con los requisitos del cliente para la reinspecci\u00f3n.   <\/p>\n<h2><span style=\"font-size: 14pt;\">Embalaje y almacenamiento<\/span><\/h2>\n<p>Por lo general, envasado al vac\u00edo internamente y empaquetado externamente en cart\u00f3n, tambi\u00e9n se puede empaquetar de acuerdo con las necesidades del cliente. Las condiciones de almacenamiento del fluoruro de escandio incluyen principalmente el almacenamiento sellado en un ambiente seco y fresco, evitando la exposici\u00f3n al aire para evitar que la humedad cause oxidaci\u00f3n y aglomeraci\u00f3n, afectando el rendimiento de la dispersi\u00f3n y el efecto de uso. Espec\u00edficamente, el fluoruro de escandio debe almacenarse en una bolsa de pl\u00e1stico llena de gas inerte y sellarse para evitar que entre en contacto con la humedad del aire y un ambiente h\u00famedo.<\/p>\n","protected":false},"excerpt":{"rendered":"<p>El fluoruro de escandio (ScF3) es un compuesto compuesto de escandio y fl\u00faor. El fluoruro de escandio tiene buena estabilidad qu\u00edmica y t\u00e9rmica, por lo que tiene amplias perspectivas de aplicaci\u00f3n en la ciencia de los materiales, la qu\u00edmica y la energ\u00eda. VIMATERIAL se ha ganado la confianza de una amplia gama de clientes con [&hellip;]<\/p>\n","protected":false},"featured_media":1000348,"comment_status":"open","ping_status":"closed","template":"","meta":{"_acf_changed":false},"product_brand":[],"product_cat":[184,182],"product_tag":[],"class_list":{"0":"post-1011708","1":"product","2":"type-product","3":"status-publish","4":"has-post-thumbnail","6":"product_cat-materiales-de-tierras-raras","7":"product_cat-materiales-halogenados","9":"first","10":"instock","11":"shipping-taxable","12":"purchasable","13":"product-type-variable"},"acf":[],"_links":{"self":[{"href":"https:\/\/vimaterial.de\/es\/wp-json\/wp\/v2\/product\/1011708","targetHints":{"allow":["GET"]}}],"collection":[{"href":"https:\/\/vimaterial.de\/es\/wp-json\/wp\/v2\/product"}],"about":[{"href":"https:\/\/vimaterial.de\/es\/wp-json\/wp\/v2\/types\/product"}],"replies":[{"embeddable":true,"href":"https:\/\/vimaterial.de\/es\/wp-json\/wp\/v2\/comments?post=1011708"}],"wp:featuredmedia":[{"embeddable":true,"href":"https:\/\/vimaterial.de\/es\/wp-json\/wp\/v2\/media\/1000348"}],"wp:attachment":[{"href":"https:\/\/vimaterial.de\/es\/wp-json\/wp\/v2\/media?parent=1011708"}],"wp:term":[{"taxonomy":"product_brand","embeddable":true,"href":"https:\/\/vimaterial.de\/es\/wp-json\/wp\/v2\/product_brand?post=1011708"},{"taxonomy":"product_cat","embeddable":true,"href":"https:\/\/vimaterial.de\/es\/wp-json\/wp\/v2\/product_cat?post=1011708"},{"taxonomy":"product_tag","embeddable":true,"href":"https:\/\/vimaterial.de\/es\/wp-json\/wp\/v2\/product_tag?post=1011708"}],"curies":[{"name":"wp","href":"https:\/\/api.w.org\/{rel}","templated":true}]}}