{"id":1011687,"date":"2024-06-17T14:21:40","date_gmt":"2024-06-17T06:21:40","guid":{"rendered":"https:\/\/vimaterial.de\/product\/titanio-metalico-6\/"},"modified":"2025-01-02T14:03:48","modified_gmt":"2025-01-02T06:03:48","slug":"titanio-metalico-6","status":"publish","type":"product","link":"https:\/\/vimaterial.de\/es\/product\/titanio-metalico-6\/","title":{"rendered":"Metal de titanio"},"content":{"rendered":"<p>El titanio met\u00e1lico es un elemento met\u00e1lico con el s\u00edmbolo qu\u00edmico Ti y el n\u00famero at\u00f3mico 22. El titanio tiene una densidad muy baja y una alta resistencia, por lo que tiene una gama muy amplia de aplicaciones. VIMATERIAL se ha ganado la confianza de una amplia gama de clientes con su calidad excepcional, su amplia gama de productos y su atento servicio. Nuestros productos se exportan a todo el mundo y gozan de una excelente reputaci\u00f3n. Comprometidos con la integridad y la calidad primero, damos una calurosa bienvenida a los clientes para que consulten y colaboren con nosotros. <\/p>\n<h2><span style=\"font-size: 14pt;\">Propiedades<\/span><\/h2>\n<p>F\u00f3rmula qu\u00edmica:Ti Masa molar:47.867 g\/mol Aspecto: blanco plateado Densidad: 4.506 g\/cm\u00b3 Punto de fusi\u00f3n: 1668 \u00b0C Punto de ebullici\u00f3n: 3287 \u00b0C<\/p>\n<h2><span style=\"font-size: 14pt;\">Ventajas del metal titanio<\/span><\/h2>\n<p>Ligero y de alta resistencia: La baja densidad del metal de titanio hace que los productos fabricados con \u00e9l sean ligeros y resistentes, con buena durabilidad. Resistencia a la corrosi\u00f3n: el metal de titanio puede resistir la erosi\u00f3n de productos qu\u00edmicos como \u00e1cidos, \u00e1lcalis y sales en varios entornos, no es f\u00e1cil de oxidar y funciona bien. Biocompatibilidad: El titanio met\u00e1lico es amigable con el tejido humano y se usa a menudo en el campo de la medicina, como la fabricaci\u00f3n de articulaciones artificiales e implantes dentales. Resistencia a altas temperaturas: El metal Ti puede mantener su rendimiento a temperaturas m\u00e1s altas y tiene buena estabilidad t\u00e9rmica. Respetuoso con el medio ambiente y sostenible: El titanio met\u00e1lico es un material reciclable con poco impacto en el medio ambiente, lo que est\u00e1 en l\u00ednea con el concepto de desarrollo sostenible. Hermoso y moderno: la textura met\u00e1lica y el color \u00fanicos de Ti pueden agregar un sentido de moda y tecnolog\u00eda al producto.<\/p>\n<h2><span style=\"font-size: 14pt;\">Tres funciones especiales de Ti<\/span><\/h2>\n<p>1. Funci\u00f3n de memoria de forma Una cierta proporci\u00f3n de aleaci\u00f3n de Ti-Ni tiene funci\u00f3n de memoria de forma, es decir, puede restaurar su forma original bajo ciertas condiciones de temperatura. Esta caracter\u00edstica tiene amplias perspectivas de aplicaci\u00f3n en los campos aeroespacial, m\u00e9dico y otros. 2. Funci\u00f3n de superconductividad Cuando la temperatura cae casi al cero absoluto, la aleaci\u00f3n de Nb-Ti pierde resistencia y exhibe superconductividad. Esta caracter\u00edstica hace que la aleaci\u00f3n Nb-Ti tenga un valor de aplicaci\u00f3n potencial en la transmisi\u00f3n de energ\u00eda, levitaci\u00f3n magn\u00e9tica y otros campos. 3. Funci\u00f3n de almacenamiento de hidr\u00f3geno: la aleaci\u00f3n de Ti-Fe y otros materiales a base de titanio tienen la capacidad de absorber una gran cantidad de hidr\u00f3geno. Esta caracter\u00edstica hace que los materiales a base de titanio tengan amplias perspectivas de aplicaci\u00f3n en la separaci\u00f3n, el almacenamiento y el transporte de hidr\u00f3geno. Utilizando la funci\u00f3n de almacenamiento de hidr\u00f3geno de los materiales a base de titanio, el hidr\u00f3geno puede almacenarse y liberarse de forma segura para su uso cuando sea necesario.<\/p>\n<h2><span style=\"font-size: 14pt;\">Control de calidad<\/span><\/h2>\n<p>Nuestros productos implementan el sistema de gesti\u00f3n de calidad m\u00e1s estricto. Existen estrictos est\u00e1ndares de inspecci\u00f3n para los materiales entrantes, los procesos, las inspecciones finales y las inspecciones de f\u00e1brica. Se adoptar\u00e1n estrictas medidas de aislamiento para el procesamiento no calificado para evitar que los productos no calificados fluyan hacia el siguiente proceso. Las muestras se proporcionar\u00e1n a los clientes de acuerdo con los requisitos del cliente para la reinspecci\u00f3n.   <\/p>\n<h2><span style=\"font-size: 14pt;\">Embalaje y almacenamiento<\/span><\/h2>\n<p>Por lo general, envasado al vac\u00edo internamente y empaquetado externamente en cart\u00f3n, tambi\u00e9n se puede empaquetar de acuerdo con las necesidades del cliente. Debe almacenarse en un lugar seco y bien ventilado, lejos de fuentes de agua y fuego, y evitar la humedad y el calor.<\/p>\n","protected":false},"excerpt":{"rendered":"<p>El titanio met\u00e1lico es un elemento met\u00e1lico con el s\u00edmbolo qu\u00edmico Ti y el n\u00famero at\u00f3mico 22. El titanio tiene una densidad muy baja y una alta resistencia, por lo que tiene una gama muy amplia de aplicaciones. VIMATERIAL se ha ganado la confianza de una amplia gama de clientes con su calidad excepcional, su [&hellip;]<\/p>\n","protected":false},"featured_media":1000363,"comment_status":"open","ping_status":"closed","template":"","meta":{"_acf_changed":false},"product_brand":[],"product_cat":[188],"product_tag":[],"class_list":{"0":"post-1011687","1":"product","2":"type-product","3":"status-publish","4":"has-post-thumbnail","6":"product_cat-perfil","8":"first","9":"instock","10":"shipping-taxable","11":"purchasable","12":"product-type-variable"},"acf":[],"_links":{"self":[{"href":"https:\/\/vimaterial.de\/es\/wp-json\/wp\/v2\/product\/1011687","targetHints":{"allow":["GET"]}}],"collection":[{"href":"https:\/\/vimaterial.de\/es\/wp-json\/wp\/v2\/product"}],"about":[{"href":"https:\/\/vimaterial.de\/es\/wp-json\/wp\/v2\/types\/product"}],"replies":[{"embeddable":true,"href":"https:\/\/vimaterial.de\/es\/wp-json\/wp\/v2\/comments?post=1011687"}],"wp:featuredmedia":[{"embeddable":true,"href":"https:\/\/vimaterial.de\/es\/wp-json\/wp\/v2\/media\/1000363"}],"wp:attachment":[{"href":"https:\/\/vimaterial.de\/es\/wp-json\/wp\/v2\/media?parent=1011687"}],"wp:term":[{"taxonomy":"product_brand","embeddable":true,"href":"https:\/\/vimaterial.de\/es\/wp-json\/wp\/v2\/product_brand?post=1011687"},{"taxonomy":"product_cat","embeddable":true,"href":"https:\/\/vimaterial.de\/es\/wp-json\/wp\/v2\/product_cat?post=1011687"},{"taxonomy":"product_tag","embeddable":true,"href":"https:\/\/vimaterial.de\/es\/wp-json\/wp\/v2\/product_tag?post=1011687"}],"curies":[{"name":"wp","href":"https:\/\/api.w.org\/{rel}","templated":true}]}}