{"id":1011565,"date":"2024-06-17T14:21:46","date_gmt":"2024-06-17T06:21:46","guid":{"rendered":"https:\/\/vimaterial.de\/product\/titanio-metalico-2\/"},"modified":"2025-01-02T14:50:44","modified_gmt":"2025-01-02T06:50:44","slug":"titanio-metalico-2","status":"publish","type":"product","link":"https:\/\/vimaterial.de\/es\/product\/titanio-metalico-2\/","title":{"rendered":"Metal de titanio"},"content":{"rendered":"<p>El objetivo de pulverizaci\u00f3n cat\u00f3dica de titanio es un objetivo hecho de elemento de titanio, que se usa com\u00fanmente en la tecnolog\u00eda de deposici\u00f3n de pel\u00edcula delgada, como la deposici\u00f3n f\u00edsica de vapor (PVD) y la deposici\u00f3n qu\u00edmica de vapor (CVD). VIMATERIAL se ha ganado la confianza de una amplia gama de clientes con su calidad excepcional, su amplia gama de productos y su atento servicio. Nuestros productos se exportan a todo el mundo y gozan de una excelente reputaci\u00f3n. Comprometidos con la integridad y la calidad primero, damos una calurosa bienvenida a los clientes para que consulten y colaboren con nosotros.<\/p>\n<h2><span style=\"font-size: 14pt;\">Propiedades<\/span><\/h2>\n<p>F\u00f3rmula qu\u00edmica:Ti Masa molar:47.867 g\/mol Aspecto: blanco plateado Densidad: 4.506 g\/cm\u00b3 Punto de fusi\u00f3n: 1668 \u00b0C Punto de ebullici\u00f3n: 3287 \u00b0C<\/p>\n<h2><span style=\"font-size: 14pt;\">Composici\u00f3n del objetivo de pulverizaci\u00f3n cat\u00f3dica de titanio<\/span><\/h2>\n<p>El objetivo de titanio est\u00e1 hecho de metal de titanio de alta pureza, que generalmente incluye los siguientes tipos: 1. Objetivo de titanio puro: la pureza es tan alta como 99.995%, fabricada principalmente por pulverizaci\u00f3n electrost\u00e1tica o proceso de prensado en caliente. El objetivo de pulverizaci\u00f3n cat\u00f3dica de titanio puro tiene las caracter\u00edsticas de resistencia a la corrosi\u00f3n, alta estabilidad y excelente conductividad, y es ampliamente utilizado en semiconductores, recubrimientos, pel\u00edculas delgadas y \u00f3ptica. 2. Objetivo de aleaci\u00f3n de titanio: incluido el objetivo de aleaci\u00f3n de titanio y el objetivo compuesto de aleaci\u00f3n de titanio. El objetivo de aleaci\u00f3n de titanio generalmente se compone de titanio y otros elementos met\u00e1licos como aluminio, cobre, n\u00edquel y vanadio. Tiene las caracter\u00edsticas de alta resistencia, alta tenacidad y baja densidad, y es ampliamente utilizado en los campos aeroespacial y automotriz. Los objetivos compuestos de aleaci\u00f3n de titanio se componen de diferentes materiales y se fabrican mediante un proceso compuesto. Tienen las caracter\u00edsticas de mayor resistencia a la ablaci\u00f3n y mejores propiedades \u00f3pticas.<\/p>\n<h2><span style=\"font-size: 14pt;\">Aplicaciones del objetivo de pulverizaci\u00f3n cat\u00f3dica de titanio<\/span><\/h2>\n<p>1 Industria de semiconductores: Los objetivos de pulverizaci\u00f3n cat\u00f3dica de titanio y sus compuestos (como el nitruro de titanio y el \u00f3xido de titanio) se utilizan a menudo para fabricar capas de interfaz, pel\u00edculas de soldadura, capas de barrera, etc. en dispositivos semiconductores. Se puede utilizar para depositar pel\u00edculas met\u00e1licas en obleas de silicio para conectar otros elementos electr\u00f3nicos y formar circuitos. 2 Industria de recubrimientos: Los objetivos de pulverizaci\u00f3n cat\u00f3dica de titanio se utilizan para la deposici\u00f3n f\u00edsica de vapor (PVD) y la deposici\u00f3n qu\u00edmica de vapor (CVD) para producir recubrimientos eficientes y duraderos. Estos recubrimientos se utilizan en muchos campos, incluido el vidrio de control solar en edificios, las pel\u00edculas duras resistentes al desgaste para piezas de autom\u00f3viles y las pel\u00edculas resistentes a la corrosi\u00f3n para equipos de energ\u00eda f\u00f3sil. 3 Industria \u00f3ptica: En la industria \u00f3ptica, los objetivos de pulverizaci\u00f3n cat\u00f3dica de titanio se utilizan para fabricar pel\u00edculas con propiedades antirreflectantes, resistentes al desgaste y de protecci\u00f3n contra la oxidaci\u00f3n. Algunas aplicaciones espec\u00edficas incluyen recubrimientos para anteojos, elementos de lentes de c\u00e1maras, telescopios, microscopios y otros instrumentos de precisi\u00f3n. 4 Dispositivos de almacenamiento: En los dispositivos de almacenamiento de datos, como los discos duros, la capa magn\u00e9tica del disco duro suele utilizar una fina pel\u00edcula de titanio con buena estabilidad t\u00e9rmica y resistencia al desgaste. <\/p>\n<h2><span style=\"font-size: 14pt;\">Control de calidad<\/span><\/h2>\n<p>Nuestros productos implementan el sistema de gesti\u00f3n de calidad m\u00e1s estricto. Existen estrictos est\u00e1ndares de inspecci\u00f3n para los materiales entrantes, los procesos, las inspecciones finales y las inspecciones de f\u00e1brica. Se adoptar\u00e1n estrictas medidas de aislamiento para el procesamiento no calificado para evitar que los productos no calificados fluyan hacia el siguiente proceso. Las muestras se proporcionar\u00e1n a los clientes de acuerdo con los requisitos del cliente para la reinspecci\u00f3n.   <\/p>\n<h2><span style=\"font-size: 14pt;\">Embalaje y almacenamiento<\/span><\/h2>\n<p>Por lo general, envasado al vac\u00edo internamente y empaquetado externamente en cart\u00f3n, tambi\u00e9n se puede empaquetar de acuerdo con las necesidades del cliente. Debe almacenarse en un lugar seco y bien ventilado, lejos de fuentes de agua y fuego, y evitar la humedad y el calor.<\/p>\n","protected":false},"excerpt":{"rendered":"<p>El objetivo de pulverizaci\u00f3n cat\u00f3dica de titanio es un objetivo hecho de elemento de titanio, que se usa com\u00fanmente en la tecnolog\u00eda de deposici\u00f3n de pel\u00edcula delgada, como la deposici\u00f3n f\u00edsica de vapor (PVD) y la deposici\u00f3n qu\u00edmica de vapor (CVD). VIMATERIAL se ha ganado la confianza de una amplia gama de clientes con su [&hellip;]<\/p>\n","protected":false},"featured_media":1000408,"comment_status":"open","ping_status":"closed","template":"","meta":{"_acf_changed":false},"product_brand":[],"product_cat":[178],"product_tag":[],"class_list":{"0":"post-1011565","1":"product","2":"type-product","3":"status-publish","4":"has-post-thumbnail","6":"product_cat-catodos-para-sputtering-planar","8":"first","9":"instock","10":"shipping-taxable","11":"purchasable","12":"product-type-variable"},"acf":[],"_links":{"self":[{"href":"https:\/\/vimaterial.de\/es\/wp-json\/wp\/v2\/product\/1011565","targetHints":{"allow":["GET"]}}],"collection":[{"href":"https:\/\/vimaterial.de\/es\/wp-json\/wp\/v2\/product"}],"about":[{"href":"https:\/\/vimaterial.de\/es\/wp-json\/wp\/v2\/types\/product"}],"replies":[{"embeddable":true,"href":"https:\/\/vimaterial.de\/es\/wp-json\/wp\/v2\/comments?post=1011565"}],"wp:featuredmedia":[{"embeddable":true,"href":"https:\/\/vimaterial.de\/es\/wp-json\/wp\/v2\/media\/1000408"}],"wp:attachment":[{"href":"https:\/\/vimaterial.de\/es\/wp-json\/wp\/v2\/media?parent=1011565"}],"wp:term":[{"taxonomy":"product_brand","embeddable":true,"href":"https:\/\/vimaterial.de\/es\/wp-json\/wp\/v2\/product_brand?post=1011565"},{"taxonomy":"product_cat","embeddable":true,"href":"https:\/\/vimaterial.de\/es\/wp-json\/wp\/v2\/product_cat?post=1011565"},{"taxonomy":"product_tag","embeddable":true,"href":"https:\/\/vimaterial.de\/es\/wp-json\/wp\/v2\/product_tag?post=1011565"}],"curies":[{"name":"wp","href":"https:\/\/api.w.org\/{rel}","templated":true}]}}